{"id":9451,"date":"2022-06-09T11:09:15","date_gmt":"2022-06-09T09:09:15","guid":{"rendered":"https:\/\/augier.com\/sites-militaires\/"},"modified":"2025-08-28T16:01:12","modified_gmt":"2025-08-28T14:01:12","slug":"sites-militaires","status":"publish","type":"page","link":"https:\/\/augier.com\/fr\/applications\/sites-militaires\/","title":{"rendered":"Sites militaires"},"content":{"rendered":"<p>[et_pb_section fb_built=\u00a0\u00bb1&Prime; fullwidth=\u00a0\u00bbon\u00a0\u00bb _builder_version=\u00a0\u00bb4.17.3&Prime; _module_preset=\u00a0\u00bbdefault\u00a0\u00bb locked=\u00a0\u00bboff\u00a0\u00bb global_colors_info=\u00a0\u00bb{}\u00a0\u00bb][et_pb_fullwidth_slider show_arrows=\u00a0\u00bboff\u00a0\u00bb show_pagination=\u00a0\u00bboff\u00a0\u00bb arrows_custom_color=\u00a0\u00bb#abc52e\u00a0\u00bb dot_nav_custom_color=\u00a0\u00bb#abc52e\u00a0\u00bb _builder_version=\u00a0\u00bb4.27.4&Prime; _module_preset=\u00a0\u00bbdefault\u00a0\u00bb header_level=\u00a0\u00bbh1&Prime; header_font=\u00a0\u00bb|700|||||||\u00a0\u00bb header_font_size=\u00a0\u00bb40px\u00a0\u00bb header_line_height=\u00a0\u00bb1.2em\u00a0\u00bb background_enable_image=\u00a0\u00bboff\u00a0\u00bb max_height_tablet=\u00a0\u00bb55vh\u00a0\u00bb max_height_phone=\u00a0\u00bb55vh\u00a0\u00bb max_height_last_edited=\u00a0\u00bbon|desktop\u00a0\u00bb hover_enabled=\u00a0\u00bb0&Prime; global_colors_info=\u00a0\u00bb{}\u00a0\u00bb sticky_enabled=\u00a0\u00bb0&Prime;][et_pb_slide heading=\u00a0\u00bb@ET-DC@eyJkeW5hbWljIjp0cnVlLCJjb250ZW50IjoicG9zdF90aXRsZSIsInNldHRpbmdzIjp7ImJlZm9yZSI6IiIsImFmdGVyIjoiIn19@\u00a0\u00bb _builder_version=\u00a0\u00bb4.27.4&Prime; _dynamic_attributes=\u00a0\u00bbbackground_image,heading\u00a0\u00bb _module_preset=\u00a0\u00bbdefault\u00a0\u00bb header_level=\u00a0\u00bbh1&Prime; header_font=\u00a0\u00bb|700|||||||\u00a0\u00bb header_font_size=\u00a0\u00bb40px\u00a0\u00bb background_color=\u00a0\u00bbrgba(0,0,0,0.3)\u00a0\u00bb background_enable_color=\u00a0\u00bbon\u00a0\u00bb background_image=\u00a0\u00bb@ET-DC@eyJkeW5hbWljIjp0cnVlLCJjb250ZW50IjoicG9zdF9mZWF0dXJlZF9pbWFnZSIsInNldHRpbmdzIjp7fX0=@\u00a0\u00bb background_enable_image=\u00a0\u00bbon\u00a0\u00bb background_blend=\u00a0\u00bboverlay\u00a0\u00bb hover_enabled=\u00a0\u00bb0&Prime; global_colors_info=\u00a0\u00bb{}\u00a0\u00bb sticky_transition=\u00a0\u00bbon\u00a0\u00bb sticky_enabled=\u00a0\u00bb0&Prime;]<\/p>\n<p>Distribution ent\u00e9rr\u00e9e et s\u00e9curis\u00e9e de l\u2019\u00e9nergie \u00e9lectrique<\/p>\n<p>[\/et_pb_slide][\/et_pb_fullwidth_slider][\/et_pb_section][et_pb_section fb_built=\u00a0\u00bb1&Prime; _builder_version=\u00a0\u00bb4.17.4&Prime; _module_preset=\u00a0\u00bbdefault\u00a0\u00bb global_colors_info=\u00a0\u00bb{}\u00a0\u00bb][et_pb_row _builder_version=\u00a0\u00bb4.17.4&Prime; _module_preset=\u00a0\u00bbdefault\u00a0\u00bb global_colors_info=\u00a0\u00bb{}\u00a0\u00bb][et_pb_column type=\u00a0\u00bb4_4&Prime; _builder_version=\u00a0\u00bb4.17.4&Prime; _module_preset=\u00a0\u00bbdefault\u00a0\u00bb global_colors_info=\u00a0\u00bb{}\u00a0\u00bb][dsm_breadcrumbs show_home_icon=\u00a0\u00bboff\u00a0\u00bb _builder_version=\u00a0\u00bb4.17.4&Prime; _module_preset=\u00a0\u00bbdefault\u00a0\u00bb global_colors_info=\u00a0\u00bb{}\u00a0\u00bb][\/dsm_breadcrumbs][\/et_pb_column][\/et_pb_row][et_pb_row _builder_version=\u00a0\u00bb4.17.4&Prime; _module_preset=\u00a0\u00bbdefault\u00a0\u00bb custom_padding=\u00a0\u00bb||0px||false|false\u00a0\u00bb global_colors_info=\u00a0\u00bb{}\u00a0\u00bb][et_pb_column type=\u00a0\u00bb4_4&Prime; _builder_version=\u00a0\u00bb4.17.4&Prime; _module_preset=\u00a0\u00bbdefault\u00a0\u00bb global_colors_info=\u00a0\u00bb{}\u00a0\u00bb][et_pb_heading title=\u00a0\u00bbD\u00e9fis du transport d&rsquo;\u00e9nergie \u00e9lectrique sur les sites militaires \u00a0\u00bb _builder_version=\u00a0\u00bb4.27.4&Prime; _module_preset=\u00a0\u00bbdefault\u00a0\u00bb title_level=\u00a0\u00bbh2&Prime; global_colors_info=\u00a0\u00bb{}\u00a0\u00bb][\/et_pb_heading][et_pb_text _builder_version=\u00a0\u00bb4.27.4&Prime; _module_preset=\u00a0\u00bbdefault\u00a0\u00bb global_colors_info=\u00a0\u00bb{}\u00a0\u00bb]<\/p>\n<p>Le transport et la distribution d&rsquo;\u00e9nergie \u00e9lectrique sur les sites militaires \u00e0 travers le monde constituent un sujet strat\u00e9gique, o\u00f9 fiabilit\u00e9, discr\u00e9tion et s\u00e9curit\u00e9 sont des imp\u00e9ratifs majeurs.<\/p>\n<p>Les installations militaires, souvent situ\u00e9es dans des environnements hostiles ou isol\u00e9s, exigent des alimentations \u00e9nerg\u00e9tiques capables de fonctionner de mani\u00e8re s\u00e9curis\u00e9e, d\u2019assurer une alimentation constante et de r\u00e9sister \u00e0 des conditions extr\u00eames, qu\u2019il s\u2019agisse de climats rigoureux, de terrains accident\u00e9s ou de menaces physiques.<\/p>\n<p>[\/et_pb_text][et_pb_heading title=\u00a0\u00bbSolutions de distribution d\u2019\u00e9nergie enterr\u00e9e\u00a0\u00bb _builder_version=\u00a0\u00bb4.27.4&Prime; _module_preset=\u00a0\u00bbdefault\u00a0\u00bb title_level=\u00a0\u00bbh2&Prime; global_colors_info=\u00a0\u00bb{}\u00a0\u00bb][\/et_pb_heading][et_pb_text _builder_version=\u00a0\u00bb4.27.4&Prime; _module_preset=\u00a0\u00bbdefault\u00a0\u00bb global_colors_info=\u00a0\u00bb{}\u00a0\u00bb]<\/p>\n<p>Les solutions de distribution d\u2019\u00e9nergie enterr\u00e9e, propos\u00e9es par AUGIER, r\u00e9pondent \u00e0 ces enjeux en offrant une infrastructure discr\u00e8te, robuste et fiable. Ces syst\u00e8mes permettent, par exemple, d\u2019alimenter de mani\u00e8re invisible et s\u00e9curis\u00e9e les cibles sur les champs de tir. Les solutions AUGIER peuvent \u00e9galement assurer l\u2019alimentation de l\u2019\u00e9clairage et des mat\u00e9riels anti-intrusions des cl\u00f4tures de s\u00e9curit\u00e9, renfor\u00e7ant la protection des p\u00e9rim\u00e8tres sensibles tout en r\u00e9duisant l\u2019empreinte visuelle des installations. Cette discr\u00e9tion est essentielle pour pr\u00e9server la confidentialit\u00e9 des op\u00e9rations et limiter les vuln\u00e9rabilit\u00e9s.<\/p>\n<p>Cependant, les d\u00e9fis ne se limitent pas \u00e0 la discr\u00e9tion. Les sites militaires doivent souvent g\u00e9rer des pics de consommation \u00e9nerg\u00e9tique, notamment lors d\u2019op\u00e9rations intensives. Les r\u00e9seaux \u00e9lectriques doivent donc \u00eatre con\u00e7us pour supporter ces variations tout en maintenant une stabilit\u00e9 irr\u00e9prochable. Les solutions AUGIER rendent possible les capacit\u00e9s des r\u00e9seaux \u00e0 s\u2019adapter \u00e0 ces sollicitations ponctuelles. <\/p>\n<p>[\/et_pb_text][et_pb_text _builder_version=\u00a0\u00bb4.27.4&Prime; _module_preset=\u00a0\u00bbdefault\u00a0\u00bb global_colors_info=\u00a0\u00bb{}\u00a0\u00bb]<\/p>\n<p><b class=\"Frst\">La technologie AUGIER est utilis\u00e9e dans tous les domaines de l&rsquo;alimentation \u00e9lectrique pour diverses charges telles que :<\/b><\/p>\n<p><b class=\"Frst\"><\/b><\/p>\n<ul class=\"Lst00\">\n<li>L&rsquo;\u00e9clairage : fonctionnel, de s\u00e9curit\u00e9, d&rsquo;urgence, d&rsquo;intervention<\/li>\n<li>La vid\u00e9osurveillance (par cam\u00e9ras simples, thermiques, infrarouges)<\/li>\n<li>La d\u00e9tection d&rsquo;intrusion, les portails de passage, les cabines de surveillance<\/li>\n<li>Les syst\u00e8mes radar et radio pour le guidage des avions<\/li>\n<li>Les cibles articul\u00e9es pour les essais au sol<\/li>\n<li>La fourniture des besoins vitaux de base, les centrales \u00e9lectriques \u00e9loign\u00e9es<\/li>\n<\/ul>\n<p>[\/et_pb_text][\/et_pb_column][\/et_pb_row][\/et_pb_section][et_pb_section fb_built=\u00a0\u00bb1&Prime; _builder_version=\u00a0\u00bb4.17.4&Prime; _module_preset=\u00a0\u00bbdefault\u00a0\u00bb background_color=\u00a0\u00bb#f7f7f7&Prime; custom_padding=\u00a0\u00bb||0px||false|false\u00a0\u00bb global_colors_info=\u00a0\u00bb{}\u00a0\u00bb][et_pb_row _builder_version=\u00a0\u00bb4.17.4&Prime; _module_preset=\u00a0\u00bbdefault\u00a0\u00bb global_colors_info=\u00a0\u00bb{}\u00a0\u00bb][et_pb_column type=\u00a0\u00bb4_4&Prime; _builder_version=\u00a0\u00bb4.17.4&Prime; _module_preset=\u00a0\u00bbdefault\u00a0\u00bb global_colors_info=\u00a0\u00bb{}\u00a0\u00bb][dsm_dual_heading before_text=\u00a0\u00bbPRODUITS POUR LES \u00a0\u00bb middle_text=\u00a0\u00bb@ET-DC@eyJkeW5hbWljIjp0cnVlLCJjb250ZW50IjoicG9zdF90aXRsZSIsInNldHRpbmdzIjp7ImJlZm9yZSI6IiIsImFmdGVyIjoiIn19@\u00a0\u00bb _builder_version=\u00a0\u00bb4.17.6&Prime; _dynamic_attributes=\u00a0\u00bbmiddle_text\u00a0\u00bb _module_preset=\u00a0\u00bbdefault\u00a0\u00bb header_text_color=\u00a0\u00bb#666666&Prime; before_text_color=\u00a0\u00bb#00abe3&Prime; middle_text_color=\u00a0\u00bb#666666&Prime; global_colors_info=\u00a0\u00bb{}\u00a0\u00bb][\/dsm_dual_heading][\/et_pb_column][\/et_pb_row][et_pb_row _builder_version=\u00a0\u00bb4.17.4&Prime; _module_preset=\u00a0\u00bbdefault\u00a0\u00bb global_colors_info=\u00a0\u00bb{}\u00a0\u00bb][et_pb_column type=\u00a0\u00bb4_4&Prime; _builder_version=\u00a0\u00bb4.17.4&Prime; _module_preset=\u00a0\u00bbdefault\u00a0\u00bb global_colors_info=\u00a0\u00bb{}\u00a0\u00bb][et_pb_filterable_portfolio fullwidth=\u00a0\u00bboff\u00a0\u00bb posts_number=\u00a0\u00bb100&Prime; include_categories=\u00a0\u00bb36&Prime; show_categories=\u00a0\u00bboff\u00a0\u00bb module_class=\u00a0\u00bbhide-filters\u00a0\u00bb _builder_version=\u00a0\u00bb4.17.6&Prime; _module_preset=\u00a0\u00bbdefault\u00a0\u00bb title_level=\u00a0\u00bbh3&Prime; title_font_size=\u00a0\u00bb18px\u00a0\u00bb title_line_height=\u00a0\u00bb1.2em\u00a0\u00bb border_radii_image=\u00a0\u00bbon|7px|7px|7px|7px\u00a0\u00bb box_shadow_style_image=\u00a0\u00bbpreset3&Prime; box_shadow_blur_image=\u00a0\u00bb13px\u00a0\u00bb box_shadow_color_image=\u00a0\u00bbrgba(0,0,0,0.2)\u00a0\u00bb global_colors_info=\u00a0\u00bb{}\u00a0\u00bb][\/et_pb_filterable_portfolio][\/et_pb_column][\/et_pb_row][\/et_pb_section][et_pb_section fb_built=\u00a0\u00bb1&Prime; _builder_version=\u00a0\u00bb4.17.4&Prime; _module_preset=\u00a0\u00bbdefault\u00a0\u00bb locked=\u00a0\u00bboff\u00a0\u00bb global_colors_info=\u00a0\u00bb{}\u00a0\u00bb][et_pb_row _builder_version=\u00a0\u00bb4.17.4&Prime; _module_preset=\u00a0\u00bbdefault\u00a0\u00bb global_colors_info=\u00a0\u00bb{}\u00a0\u00bb][et_pb_column type=\u00a0\u00bb4_4&Prime; _builder_version=\u00a0\u00bb4.17.4&Prime; _module_preset=\u00a0\u00bbdefault\u00a0\u00bb global_colors_info=\u00a0\u00bb{}\u00a0\u00bb][dsm_dual_heading before_text=\u00a0\u00bbMISE EN \u0152UVRE POUR LES \u00a0\u00bb middle_text=\u00a0\u00bb@ET-DC@eyJkeW5hbWljIjp0cnVlLCJjb250ZW50IjoicG9zdF90aXRsZSIsInNldHRpbmdzIjp7ImJlZm9yZSI6IiIsImFmdGVyIjoiIn19@\u00a0\u00bb _builder_version=\u00a0\u00bb4.17.6&Prime; _dynamic_attributes=\u00a0\u00bbmiddle_text\u00a0\u00bb _module_preset=\u00a0\u00bbdefault\u00a0\u00bb header_text_color=\u00a0\u00bb#666666&Prime; before_text_color=\u00a0\u00bb#00abe3&Prime; middle_text_color=\u00a0\u00bb#666666&Prime; global_colors_info=\u00a0\u00bb{}\u00a0\u00bb][\/dsm_dual_heading][et_pb_text _builder_version=\u00a0\u00bb4.17.4&Prime; _module_preset=\u00a0\u00bbdefault\u00a0\u00bb global_colors_info=\u00a0\u00bb{}\u00a0\u00bb]<\/p>\n<div class=\"StpTle\">\n<p class=\"SbTle SbBR\">D\u00e9couvrez nos r\u00e9f\u00e9rences \u00e0 travers le monde qui utilisent les technologies AUGIER.<\/p>\n<\/div>\n<p>[\/et_pb_text][et_pb_blog_extras posts_number=\u00a0\u00bb12&Prime; include_categories=\u00a0\u00bb46&Prime; blog_layout=\u00a0\u00bbblock_extended\u00a0\u00bb show_more=\u00a0\u00bboff\u00a0\u00bb show_author=\u00a0\u00bboff\u00a0\u00bb show_date=\u00a0\u00bboff\u00a0\u00bb show_categories=\u00a0\u00bboff\u00a0\u00bb show_comments=\u00a0\u00bboff\u00a0\u00bb show_load_more=\u00a0\u00bbon\u00a0\u00bb module_class=\u00a0\u00bbblog-extra-no-data\u00a0\u00bb _builder_version=\u00a0\u00bb4.19.5&Prime; _module_preset=\u00a0\u00bbdefault\u00a0\u00bb header_level=\u00a0\u00bbh4&Prime; header_font_size=\u00a0\u00bb20px\u00a0\u00bb header_line_height=\u00a0\u00bb1.2em\u00a0\u00bb box_shadow_style=\u00a0\u00bbpreset3&Prime; locked=\u00a0\u00bboff\u00a0\u00bb global_colors_info=\u00a0\u00bb{}\u00a0\u00bb][\/et_pb_blog_extras][et_pb_button button_url=\u00a0\u00bb@ET-DC@eyJkeW5hbWljIjp0cnVlLCJjb250ZW50IjoicG9zdF9saW5rX3VybF9wYWdlIiwic2V0dGluZ3MiOnsicG9zdF9pZCI6Ijg0MzUifX0=@\u00a0\u00bb button_text=\u00a0\u00bbToutes les r\u00e9f\u00e9rences\u00a0\u00bb _builder_version=\u00a0\u00bb4.19.4&Prime; _dynamic_attributes=\u00a0\u00bbbutton_url\u00a0\u00bb _module_preset=\u00a0\u00bbdefault\u00a0\u00bb global_colors_info=\u00a0\u00bb{}\u00a0\u00bb][\/et_pb_button][\/et_pb_column][\/et_pb_row][\/et_pb_section]<\/p>\n","protected":false},"excerpt":{"rendered":"<p>Distribution ent\u00e9rr\u00e9e et s\u00e9curis\u00e9e de l\u2019\u00e9nergie \u00e9lectrique<div class=\"et_pb_module dsm_breadcrumbs dsm_breadcrumbs_0\">\n\t\t\t\t\n\t\t\t\t\n\t\t\t\t\n\t\t\t\t\n\t\t\t\t\n\t\t\t\t\n\t\t\t\t<div class=\"et_pb_module_inner\">\n\t\t\t\t\t<nav class=\"dsm_breadcrumbs_wrap\">\n\t\t\t\t<ul class=\"dsm_breadcrumbs\" itemscope itemtype=\"https:\/\/schema.org\/BreadcrumbList\">\t\t\t<li class=\"dsm_breadcrumbs_item dsm_home_item dsm_home_item_custom\" itemprop=\"itemListElement\" itemscope\n\t\t\titemtype=\"https:\/\/schema.org\/ListItem\">\n\t\t\t\t<a href=\"https:\/\/augier.com\/fr\/\" itemprop=\"item\" target=\"\">\n\t\t\t\t\t<span class='dsm_home_text_wrapper'>\n\t\t\t\t\t\t\t\t\t\t\t\t\t<span class=\"dsm_home_text\" itemprop=\"name\">\n\t\t\t\t\t\t\t\tHome\t\t\t\t\t\t\t<\/span>\n\t\t\t\t\t<\/span>\n\t\t\t\t<\/a>\n\t\t\t\t<meta itemprop=\"position\" content=\"1\" \/>\n\t\t\t<\/li>\n\n\t\t<li class=\"dsm_breadcrumbs_separator\"> <span class=\"et-pb-icon dsm_separator_icon\">5<\/span><\/li><\/ul>\n\t\t\t<\/nav>\n\t\t\t\t<\/div>\n\t\t\t<\/div>Le transport et la distribution d&rsquo;\u00e9nergie \u00e9lectrique sur les sites militaires \u00e0 travers le monde constituent un sujet strat\u00e9gique, o\u00f9 fiabilit\u00e9, discr\u00e9tion et s\u00e9curit\u00e9 sont des imp\u00e9ratifs majeurs. Les installations militaires, souvent situ\u00e9es dans des environnements hostiles ou isol\u00e9s, exigent des alimentations \u00e9nerg\u00e9tiques capables de fonctionner de mani\u00e8re s\u00e9curis\u00e9e, d\u2019assurer une alimentation constante et de r\u00e9sister \u00e0 des conditions extr\u00eames, qu\u2019il s\u2019agisse de climats rigoureux, de terrains accident\u00e9s ou de menaces physiques.Les solutions de distribution d\u2019\u00e9nergie enterr\u00e9e, propos\u00e9es par AUGIER, r\u00e9pondent \u00e0 ces enjeux en offrant une infrastructure discr\u00e8te, robuste et fiable. Ces syst\u00e8mes permettent, par exemple, d\u2019alimenter de mani\u00e8re invisible et s\u00e9curis\u00e9e les cibles sur les champs de tir. Les solutions AUGIER peuvent \u00e9galement assurer l\u2019alimentation de l\u2019\u00e9clairage et des mat\u00e9riels anti-intrusions des cl\u00f4tures de s\u00e9curit\u00e9, renfor\u00e7ant la protection des p\u00e9rim\u00e8tres sensibles tout en r\u00e9duisant l\u2019empreinte visuelle des installations. Cette discr\u00e9tion est essentielle pour pr\u00e9server la confidentialit\u00e9 des op\u00e9rations et limiter les vuln\u00e9rabilit\u00e9s. Cependant, les d\u00e9fis ne se limitent pas \u00e0 la discr\u00e9tion. Les sites militaires doivent souvent g\u00e9rer des pics de consommation \u00e9nerg\u00e9tique, notamment lors d\u2019op\u00e9rations intensives. Les r\u00e9seaux \u00e9lectriques doivent donc \u00eatre con\u00e7us pour supporter ces variations [&hellip;]<\/p>\n","protected":false},"author":1,"featured_media":6374,"parent":9466,"menu_order":0,"comment_status":"closed","ping_status":"closed","template":"","meta":{"_acf_changed":false,"_et_pb_use_builder":"on","_et_pb_old_content":"","_et_gb_content_width":"","footnotes":""},"class_list":["post-9451","page","type-page","status-publish","has-post-thumbnail","hentry"],"acf":[],"yoast_head":"<!-- This site is optimized with the Yoast SEO plugin v27.4 - https:\/\/yoast.com\/product\/yoast-seo-wordpress\/ -->\n<title>Solutions de distribution d\u2019\u00e9nergie sur les sites militaires - Augier energy<\/title>\n<meta name=\"description\" content=\"Les sites militaires sont de grands emplacements n\u00e9cessitant une alimentation \u00e9lectrique s\u00e9curis\u00e9e. La technologie AUGIER est utilis\u00e9e dans tous les domaines de l&#039;alimentation \u00e9lectrique pour diverses charges.\" \/>\n<meta name=\"robots\" content=\"index, follow, max-snippet:-1, max-image-preview:large, max-video-preview:-1\" \/>\n<link rel=\"canonical\" href=\"https:\/\/augier.com\/fr\/applications\/sites-militaires\/\" \/>\n<meta property=\"og:locale\" content=\"fr_FR\" \/>\n<meta property=\"og:type\" content=\"article\" \/>\n<meta property=\"og:title\" content=\"Solutions de distribution d\u2019\u00e9nergie sur les sites militaires - Augier energy\" \/>\n<meta property=\"og:description\" content=\"Les sites militaires sont de grands emplacements n\u00e9cessitant une alimentation \u00e9lectrique s\u00e9curis\u00e9e. La technologie AUGIER est utilis\u00e9e dans tous les domaines de l&#039;alimentation \u00e9lectrique pour diverses charges.\" \/>\n<meta property=\"og:url\" content=\"https:\/\/augier.com\/fr\/applications\/sites-militaires\/\" \/>\n<meta property=\"og:site_name\" content=\"Augier energy\" \/>\n<meta property=\"article:modified_time\" content=\"2025-08-28T14:01:12+00:00\" \/>\n<meta property=\"og:image\" content=\"https:\/\/augier.com\/wp-content\/uploads\/2018\/01\/barbed-wire-2085266_1920.jpg\" \/>\n\t<meta property=\"og:image:width\" content=\"2000\" \/>\n\t<meta property=\"og:image:height\" content=\"600\" \/>\n\t<meta property=\"og:image:type\" content=\"image\/jpeg\" \/>\n<meta name=\"twitter:card\" content=\"summary_large_image\" \/>\n<script type=\"application\/ld+json\" class=\"yoast-schema-graph\">{\"@context\":\"https:\\\/\\\/schema.org\",\"@graph\":[{\"@type\":\"WebPage\",\"@id\":\"https:\\\/\\\/augier.com\\\/fr\\\/applications\\\/sites-militaires\\\/\",\"url\":\"https:\\\/\\\/augier.com\\\/fr\\\/applications\\\/sites-militaires\\\/\",\"name\":\"Solutions de distribution d\u2019\u00e9nergie sur les sites militaires - Augier energy\",\"isPartOf\":{\"@id\":\"https:\\\/\\\/augier.com\\\/fr\\\/#website\"},\"primaryImageOfPage\":{\"@id\":\"https:\\\/\\\/augier.com\\\/fr\\\/applications\\\/sites-militaires\\\/#primaryimage\"},\"image\":{\"@id\":\"https:\\\/\\\/augier.com\\\/fr\\\/applications\\\/sites-militaires\\\/#primaryimage\"},\"thumbnailUrl\":\"https:\\\/\\\/augier.com\\\/wp-content\\\/uploads\\\/2018\\\/01\\\/barbed-wire-2085266_1920.jpg\",\"datePublished\":\"2022-06-09T09:09:15+00:00\",\"dateModified\":\"2025-08-28T14:01:12+00:00\",\"description\":\"Les sites militaires sont de grands emplacements n\u00e9cessitant une alimentation \u00e9lectrique s\u00e9curis\u00e9e. La technologie AUGIER est utilis\u00e9e dans tous les domaines de l'alimentation \u00e9lectrique pour diverses charges.\",\"breadcrumb\":{\"@id\":\"https:\\\/\\\/augier.com\\\/fr\\\/applications\\\/sites-militaires\\\/#breadcrumb\"},\"inLanguage\":\"fr-FR\",\"potentialAction\":[{\"@type\":\"ReadAction\",\"target\":[\"https:\\\/\\\/augier.com\\\/fr\\\/applications\\\/sites-militaires\\\/\"]}]},{\"@type\":\"ImageObject\",\"inLanguage\":\"fr-FR\",\"@id\":\"https:\\\/\\\/augier.com\\\/fr\\\/applications\\\/sites-militaires\\\/#primaryimage\",\"url\":\"https:\\\/\\\/augier.com\\\/wp-content\\\/uploads\\\/2018\\\/01\\\/barbed-wire-2085266_1920.jpg\",\"contentUrl\":\"https:\\\/\\\/augier.com\\\/wp-content\\\/uploads\\\/2018\\\/01\\\/barbed-wire-2085266_1920.jpg\",\"width\":2000,\"height\":600},{\"@type\":\"BreadcrumbList\",\"@id\":\"https:\\\/\\\/augier.com\\\/fr\\\/applications\\\/sites-militaires\\\/#breadcrumb\",\"itemListElement\":[{\"@type\":\"ListItem\",\"position\":1,\"name\":\"Home\",\"item\":\"https:\\\/\\\/augier.com\\\/fr\\\/\"},{\"@type\":\"ListItem\",\"position\":2,\"name\":\"Applications\",\"item\":\"https:\\\/\\\/augier.com\\\/fr\\\/applications\\\/\"},{\"@type\":\"ListItem\",\"position\":3,\"name\":\"Sites militaires\"}]},{\"@type\":\"WebSite\",\"@id\":\"https:\\\/\\\/augier.com\\\/fr\\\/#website\",\"url\":\"https:\\\/\\\/augier.com\\\/fr\\\/\",\"name\":\"AUGIER Energy\",\"description\":\"Just another WordPress site\",\"publisher\":{\"@id\":\"https:\\\/\\\/augier.com\\\/fr\\\/#organization\"},\"potentialAction\":[{\"@type\":\"SearchAction\",\"target\":{\"@type\":\"EntryPoint\",\"urlTemplate\":\"https:\\\/\\\/augier.com\\\/fr\\\/?s={search_term_string}\"},\"query-input\":{\"@type\":\"PropertyValueSpecification\",\"valueRequired\":true,\"valueName\":\"search_term_string\"}}],\"inLanguage\":\"fr-FR\"},{\"@type\":\"Organization\",\"@id\":\"https:\\\/\\\/augier.com\\\/fr\\\/#organization\",\"name\":\"AUGIER Energy\",\"url\":\"https:\\\/\\\/augier.com\\\/fr\\\/\",\"logo\":{\"@type\":\"ImageObject\",\"inLanguage\":\"fr-FR\",\"@id\":\"https:\\\/\\\/augier.com\\\/fr\\\/#\\\/schema\\\/logo\\\/image\\\/\",\"url\":\"https:\\\/\\\/augier.com\\\/wp-content\\\/uploads\\\/2023\\\/03\\\/augier-energy-logo-square.jpg\",\"contentUrl\":\"https:\\\/\\\/augier.com\\\/wp-content\\\/uploads\\\/2023\\\/03\\\/augier-energy-logo-square.jpg\",\"width\":1024,\"height\":1024,\"caption\":\"AUGIER Energy\"},\"image\":{\"@id\":\"https:\\\/\\\/augier.com\\\/fr\\\/#\\\/schema\\\/logo\\\/image\\\/\"},\"sameAs\":[\"https:\\\/\\\/www.youtube.com\\\/channel\\\/UCmnwwRp0ll2eKQ34ZdMlIWQ\",\"https:\\\/\\\/www.linkedin.com\\\/company\\\/5084388\\\/\"]}]}<\/script>\n<!-- \/ Yoast SEO plugin. -->","yoast_head_json":{"title":"Solutions de distribution d\u2019\u00e9nergie sur les sites militaires - Augier energy","description":"Les sites militaires sont de grands emplacements n\u00e9cessitant une alimentation \u00e9lectrique s\u00e9curis\u00e9e. La technologie AUGIER est utilis\u00e9e dans tous les domaines de l'alimentation \u00e9lectrique pour diverses charges.","robots":{"index":"index","follow":"follow","max-snippet":"max-snippet:-1","max-image-preview":"max-image-preview:large","max-video-preview":"max-video-preview:-1"},"canonical":"https:\/\/augier.com\/fr\/applications\/sites-militaires\/","og_locale":"fr_FR","og_type":"article","og_title":"Solutions de distribution d\u2019\u00e9nergie sur les sites militaires - Augier energy","og_description":"Les sites militaires sont de grands emplacements n\u00e9cessitant une alimentation \u00e9lectrique s\u00e9curis\u00e9e. La technologie AUGIER est utilis\u00e9e dans tous les domaines de l'alimentation \u00e9lectrique pour diverses charges.","og_url":"https:\/\/augier.com\/fr\/applications\/sites-militaires\/","og_site_name":"Augier energy","article_modified_time":"2025-08-28T14:01:12+00:00","og_image":[{"width":2000,"height":600,"url":"https:\/\/augier.com\/wp-content\/uploads\/2018\/01\/barbed-wire-2085266_1920.jpg","type":"image\/jpeg"}],"twitter_card":"summary_large_image","schema":{"@context":"https:\/\/schema.org","@graph":[{"@type":"WebPage","@id":"https:\/\/augier.com\/fr\/applications\/sites-militaires\/","url":"https:\/\/augier.com\/fr\/applications\/sites-militaires\/","name":"Solutions de distribution d\u2019\u00e9nergie sur les sites militaires - Augier energy","isPartOf":{"@id":"https:\/\/augier.com\/fr\/#website"},"primaryImageOfPage":{"@id":"https:\/\/augier.com\/fr\/applications\/sites-militaires\/#primaryimage"},"image":{"@id":"https:\/\/augier.com\/fr\/applications\/sites-militaires\/#primaryimage"},"thumbnailUrl":"https:\/\/augier.com\/wp-content\/uploads\/2018\/01\/barbed-wire-2085266_1920.jpg","datePublished":"2022-06-09T09:09:15+00:00","dateModified":"2025-08-28T14:01:12+00:00","description":"Les sites militaires sont de grands emplacements n\u00e9cessitant une alimentation \u00e9lectrique s\u00e9curis\u00e9e. La technologie AUGIER est utilis\u00e9e dans tous les domaines de l'alimentation \u00e9lectrique pour diverses charges.","breadcrumb":{"@id":"https:\/\/augier.com\/fr\/applications\/sites-militaires\/#breadcrumb"},"inLanguage":"fr-FR","potentialAction":[{"@type":"ReadAction","target":["https:\/\/augier.com\/fr\/applications\/sites-militaires\/"]}]},{"@type":"ImageObject","inLanguage":"fr-FR","@id":"https:\/\/augier.com\/fr\/applications\/sites-militaires\/#primaryimage","url":"https:\/\/augier.com\/wp-content\/uploads\/2018\/01\/barbed-wire-2085266_1920.jpg","contentUrl":"https:\/\/augier.com\/wp-content\/uploads\/2018\/01\/barbed-wire-2085266_1920.jpg","width":2000,"height":600},{"@type":"BreadcrumbList","@id":"https:\/\/augier.com\/fr\/applications\/sites-militaires\/#breadcrumb","itemListElement":[{"@type":"ListItem","position":1,"name":"Home","item":"https:\/\/augier.com\/fr\/"},{"@type":"ListItem","position":2,"name":"Applications","item":"https:\/\/augier.com\/fr\/applications\/"},{"@type":"ListItem","position":3,"name":"Sites militaires"}]},{"@type":"WebSite","@id":"https:\/\/augier.com\/fr\/#website","url":"https:\/\/augier.com\/fr\/","name":"AUGIER Energy","description":"Just another WordPress site","publisher":{"@id":"https:\/\/augier.com\/fr\/#organization"},"potentialAction":[{"@type":"SearchAction","target":{"@type":"EntryPoint","urlTemplate":"https:\/\/augier.com\/fr\/?s={search_term_string}"},"query-input":{"@type":"PropertyValueSpecification","valueRequired":true,"valueName":"search_term_string"}}],"inLanguage":"fr-FR"},{"@type":"Organization","@id":"https:\/\/augier.com\/fr\/#organization","name":"AUGIER Energy","url":"https:\/\/augier.com\/fr\/","logo":{"@type":"ImageObject","inLanguage":"fr-FR","@id":"https:\/\/augier.com\/fr\/#\/schema\/logo\/image\/","url":"https:\/\/augier.com\/wp-content\/uploads\/2023\/03\/augier-energy-logo-square.jpg","contentUrl":"https:\/\/augier.com\/wp-content\/uploads\/2023\/03\/augier-energy-logo-square.jpg","width":1024,"height":1024,"caption":"AUGIER Energy"},"image":{"@id":"https:\/\/augier.com\/fr\/#\/schema\/logo\/image\/"},"sameAs":["https:\/\/www.youtube.com\/channel\/UCmnwwRp0ll2eKQ34ZdMlIWQ","https:\/\/www.linkedin.com\/company\/5084388\/"]}]}},"_links":{"self":[{"href":"https:\/\/augier.com\/fr\/wp-json\/wp\/v2\/pages\/9451","targetHints":{"allow":["GET"]}}],"collection":[{"href":"https:\/\/augier.com\/fr\/wp-json\/wp\/v2\/pages"}],"about":[{"href":"https:\/\/augier.com\/fr\/wp-json\/wp\/v2\/types\/page"}],"author":[{"embeddable":true,"href":"https:\/\/augier.com\/fr\/wp-json\/wp\/v2\/users\/1"}],"replies":[{"embeddable":true,"href":"https:\/\/augier.com\/fr\/wp-json\/wp\/v2\/comments?post=9451"}],"version-history":[{"count":27,"href":"https:\/\/augier.com\/fr\/wp-json\/wp\/v2\/pages\/9451\/revisions"}],"predecessor-version":[{"id":13759,"href":"https:\/\/augier.com\/fr\/wp-json\/wp\/v2\/pages\/9451\/revisions\/13759"}],"up":[{"embeddable":true,"href":"https:\/\/augier.com\/fr\/wp-json\/wp\/v2\/pages\/9466"}],"wp:featuredmedia":[{"embeddable":true,"href":"https:\/\/augier.com\/fr\/wp-json\/wp\/v2\/media\/6374"}],"wp:attachment":[{"href":"https:\/\/augier.com\/fr\/wp-json\/wp\/v2\/media?parent=9451"}],"curies":[{"name":"wp","href":"https:\/\/api.w.org\/{rel}","templated":true}]}}