{"id":9442,"date":"2022-06-09T11:14:16","date_gmt":"2022-06-09T09:14:16","guid":{"rendered":"https:\/\/augier.com\/centrales-electriques\/"},"modified":"2023-03-27T10:57:24","modified_gmt":"2023-03-27T08:57:24","slug":"centrales-electriques","status":"publish","type":"page","link":"https:\/\/augier.com\/fr\/applications\/centrales-electriques\/","title":{"rendered":"Centrales \u00e9lectriques"},"content":{"rendered":"<p>[et_pb_section fb_built=\u00a0\u00bb1&Prime; fullwidth=\u00a0\u00bbon\u00a0\u00bb _builder_version=\u00a0\u00bb4.17.3&Prime; _module_preset=\u00a0\u00bbdefault\u00a0\u00bb locked=\u00a0\u00bboff\u00a0\u00bb global_colors_info=\u00a0\u00bb{}\u00a0\u00bb][et_pb_fullwidth_slider show_arrows=\u00a0\u00bboff\u00a0\u00bb show_pagination=\u00a0\u00bboff\u00a0\u00bb arrows_custom_color=\u00a0\u00bb#abc52e\u00a0\u00bb dot_nav_custom_color=\u00a0\u00bb#abc52e\u00a0\u00bb _builder_version=\u00a0\u00bb4.19.4&Prime; _module_preset=\u00a0\u00bbdefault\u00a0\u00bb header_level=\u00a0\u00bbh1&Prime; header_font=\u00a0\u00bb|700|||||||\u00a0\u00bb header_font_size=\u00a0\u00bb40px\u00a0\u00bb header_line_height=\u00a0\u00bb1.2em\u00a0\u00bb background_enable_image=\u00a0\u00bboff\u00a0\u00bb max_height_tablet=\u00a0\u00bb55vh\u00a0\u00bb max_height_phone=\u00a0\u00bb55vh\u00a0\u00bb max_height_last_edited=\u00a0\u00bbon|desktop\u00a0\u00bb global_colors_info=\u00a0\u00bb{}\u00a0\u00bb][et_pb_slide heading=\u00a0\u00bb@ET-DC@eyJkeW5hbWljIjp0cnVlLCJjb250ZW50IjoicG9zdF90aXRsZSIsInNldHRpbmdzIjp7ImJlZm9yZSI6IiIsImFmdGVyIjoiIn19@\u00a0\u00bb _builder_version=\u00a0\u00bb4.19.0&Prime; _dynamic_attributes=\u00a0\u00bbbackground_image,heading\u00a0\u00bb _module_preset=\u00a0\u00bbdefault\u00a0\u00bb header_level=\u00a0\u00bbh1&Prime; header_font=\u00a0\u00bb|700|||||||\u00a0\u00bb header_font_size=\u00a0\u00bb40px\u00a0\u00bb background_color=\u00a0\u00bbrgba(0,0,0,0.3)\u00a0\u00bb background_enable_color=\u00a0\u00bbon\u00a0\u00bb background_image=\u00a0\u00bb@ET-DC@eyJkeW5hbWljIjp0cnVlLCJjb250ZW50IjoicG9zdF9mZWF0dXJlZF9pbWFnZSIsInNldHRpbmdzIjp7fX0=@\u00a0\u00bb background_enable_image=\u00a0\u00bbon\u00a0\u00bb background_blend=\u00a0\u00bboverlay\u00a0\u00bb global_colors_info=\u00a0\u00bb{}\u00a0\u00bb sticky_transition=\u00a0\u00bbon\u00a0\u00bb]<\/p>\n<p>La s\u00e9curisation des grands sites est une priorit\u00e9.<\/p>\n<p>[\/et_pb_slide][\/et_pb_fullwidth_slider][\/et_pb_section][et_pb_section fb_built=\u00a0\u00bb1&Prime; _builder_version=\u00a0\u00bb4.17.4&Prime; _module_preset=\u00a0\u00bbdefault\u00a0\u00bb global_colors_info=\u00a0\u00bb{}\u00a0\u00bb][et_pb_row _builder_version=\u00a0\u00bb4.17.4&Prime; _module_preset=\u00a0\u00bbdefault\u00a0\u00bb global_colors_info=\u00a0\u00bb{}\u00a0\u00bb][et_pb_column type=\u00a0\u00bb4_4&Prime; _builder_version=\u00a0\u00bb4.17.4&Prime; _module_preset=\u00a0\u00bbdefault\u00a0\u00bb global_colors_info=\u00a0\u00bb{}\u00a0\u00bb][dsm_breadcrumbs show_home_icon=\u00a0\u00bboff\u00a0\u00bb _builder_version=\u00a0\u00bb4.17.4&Prime; _module_preset=\u00a0\u00bbdefault\u00a0\u00bb global_colors_info=\u00a0\u00bb{}\u00a0\u00bb][\/dsm_breadcrumbs][\/et_pb_column][\/et_pb_row][et_pb_row _builder_version=\u00a0\u00bb4.17.4&Prime; _module_preset=\u00a0\u00bbdefault\u00a0\u00bb custom_padding=\u00a0\u00bb||0px||false|false\u00a0\u00bb global_colors_info=\u00a0\u00bb{}\u00a0\u00bb][et_pb_column type=\u00a0\u00bb4_4&Prime; _builder_version=\u00a0\u00bb4.17.4&Prime; _module_preset=\u00a0\u00bbdefault\u00a0\u00bb global_colors_info=\u00a0\u00bb{}\u00a0\u00bb][et_pb_text _builder_version=\u00a0\u00bb4.19.0&Prime; _module_preset=\u00a0\u00bbdefault\u00a0\u00bb global_colors_info=\u00a0\u00bb{}\u00a0\u00bb]<\/p>\n<p>La fourniture d&rsquo;\u00e9quipements d&rsquo;\u00e9clairage et de surveillance est rendue possible par l&rsquo;utilisation des solutions de transport d&rsquo;\u00e9nergie AUGIER, par exemple : \u00e9clairage de secours, b\u00e2timents isol\u00e9s, alimentation des pompes et portails, appareils de mesure.<\/p>\n<p><b class=\"Frst\">La plupart des centrales nucl\u00e9aires fran\u00e7aises, la centrale de GUANGDONG en Chine et la centrale de TABRIZ au Moyen-Orient utilisent les \u00e9quipements de distribution HTI (haute tension interm\u00e9diaire) d&rsquo;AUGIER. Y sont comprises :<\/b><\/p>\n<p><b>l&rsquo;association d&rsquo;un poste \u00e9l\u00e9vateur et d&rsquo;un poste abaisseur pour alimenter des points d&rsquo;utilisation \u00e9loign\u00e9s des sources basse tension, tels que :<\/b><span><\/span><\/p>\n<ul class=\"Lst00\">\n<li>Les pompes de forage<\/li>\n<li>Les portes motoris\u00e9es<\/li>\n<li>Les pompes de relevage<\/li>\n<li>Le b\u00e2timent d&rsquo;accueil<\/li>\n<\/ul>\n<p><b>Pour les applications d&rsquo;\u00e9clairage, l&rsquo;association d&rsquo;un poste de transformation \u00e9l\u00e9vateur BT\/MT avec un ensemble de 10 \u00e0 100 postes de transformation \u00e9tanches de faible puissance, install\u00e9s dans des fosses souterraines \u00e0 ciel ouvert, tels que :<\/b><span><\/span><\/p>\n<ul class=\"Lst00\">\n<li>L&rsquo;\u00e9clairage des chantiers<\/li>\n<li>L&rsquo;\u00e9clairage des voies de circulation<\/li>\n<li>L&rsquo;\u00e9clairage des parkings<\/li>\n<li>L&rsquo;\u00e9clairage des cl\u00f4tures et des zones surveill\u00e9es<\/li>\n<li>L&rsquo;\u00e9clairage de secours<\/li>\n<\/ul>\n<p><b>La s\u00e9curisation de l&rsquo;alimentation des capteurs de mesure de radioactivit\u00e9 (boucle KRS). La r\u00e9alisation d&rsquo;un r\u00e9seau 5500 V avec transformateurs \u00e9tanches en secours du r\u00e9seau 20 kV.<\/b><span><\/span><\/p>\n<p class=\"Txt\">Les postes mobiles de transformation 200 kVA et 400 kVA 6600 V \/ 400 V, associ\u00e9s \u00e0 un interrupteur en charge, constituent la boucle 6,6 kV fournissant l&rsquo;\u00e9nergie n\u00e9cessaire \u00e0 la maintenance de la centrale.<\/p>\n<p>[\/et_pb_text][\/et_pb_column][\/et_pb_row][\/et_pb_section][et_pb_section fb_built=\u00a0\u00bb1&Prime; _builder_version=\u00a0\u00bb4.17.4&Prime; _module_preset=\u00a0\u00bbdefault\u00a0\u00bb background_color=\u00a0\u00bb#f7f7f7&Prime; custom_padding=\u00a0\u00bb||0px||false|false\u00a0\u00bb global_colors_info=\u00a0\u00bb{}\u00a0\u00bb][et_pb_row _builder_version=\u00a0\u00bb4.17.4&Prime; _module_preset=\u00a0\u00bbdefault\u00a0\u00bb global_colors_info=\u00a0\u00bb{}\u00a0\u00bb][et_pb_column type=\u00a0\u00bb4_4&Prime; _builder_version=\u00a0\u00bb4.17.4&Prime; _module_preset=\u00a0\u00bbdefault\u00a0\u00bb global_colors_info=\u00a0\u00bb{}\u00a0\u00bb][dsm_dual_heading before_text=\u00a0\u00bbPRODUITS POUR LES \u00a0\u00bb middle_text=\u00a0\u00bb@ET-DC@eyJkeW5hbWljIjp0cnVlLCJjb250ZW50IjoicG9zdF90aXRsZSIsInNldHRpbmdzIjp7ImJlZm9yZSI6IiIsImFmdGVyIjoiIn19@\u00a0\u00bb _builder_version=\u00a0\u00bb4.17.6&Prime; _dynamic_attributes=\u00a0\u00bbmiddle_text\u00a0\u00bb _module_preset=\u00a0\u00bbdefault\u00a0\u00bb header_text_color=\u00a0\u00bb#666666&Prime; before_text_color=\u00a0\u00bb#00abe3&Prime; middle_text_color=\u00a0\u00bb#666666&Prime; global_colors_info=\u00a0\u00bb{}\u00a0\u00bb][\/dsm_dual_heading][\/et_pb_column][\/et_pb_row][et_pb_row _builder_version=\u00a0\u00bb4.17.4&Prime; _module_preset=\u00a0\u00bbdefault\u00a0\u00bb global_colors_info=\u00a0\u00bb{}\u00a0\u00bb][et_pb_column type=\u00a0\u00bb4_4&Prime; _builder_version=\u00a0\u00bb4.17.4&Prime; _module_preset=\u00a0\u00bbdefault\u00a0\u00bb global_colors_info=\u00a0\u00bb{}\u00a0\u00bb][et_pb_filterable_portfolio fullwidth=\u00a0\u00bboff\u00a0\u00bb posts_number=\u00a0\u00bb12&Prime; include_categories=\u00a0\u00bb37&Prime; show_categories=\u00a0\u00bboff\u00a0\u00bb module_class=\u00a0\u00bbhide-filters\u00a0\u00bb _builder_version=\u00a0\u00bb4.17.6&Prime; _module_preset=\u00a0\u00bbdefault\u00a0\u00bb title_level=\u00a0\u00bbh3&Prime; title_font_size=\u00a0\u00bb18px\u00a0\u00bb title_line_height=\u00a0\u00bb1.2em\u00a0\u00bb border_radii_image=\u00a0\u00bbon|7px|7px|7px|7px\u00a0\u00bb box_shadow_style_image=\u00a0\u00bbpreset3&Prime; box_shadow_blur_image=\u00a0\u00bb13px\u00a0\u00bb box_shadow_color_image=\u00a0\u00bbrgba(0,0,0,0.2)\u00a0\u00bb global_colors_info=\u00a0\u00bb{}\u00a0\u00bb][\/et_pb_filterable_portfolio][\/et_pb_column][\/et_pb_row][\/et_pb_section][et_pb_section fb_built=\u00a0\u00bb1&Prime; _builder_version=\u00a0\u00bb4.17.4&Prime; _module_preset=\u00a0\u00bbdefault\u00a0\u00bb locked=\u00a0\u00bboff\u00a0\u00bb global_colors_info=\u00a0\u00bb{}\u00a0\u00bb][et_pb_row _builder_version=\u00a0\u00bb4.17.4&Prime; _module_preset=\u00a0\u00bbdefault\u00a0\u00bb global_colors_info=\u00a0\u00bb{}\u00a0\u00bb][et_pb_column type=\u00a0\u00bb4_4&Prime; _builder_version=\u00a0\u00bb4.17.4&Prime; _module_preset=\u00a0\u00bbdefault\u00a0\u00bb global_colors_info=\u00a0\u00bb{}\u00a0\u00bb][dsm_dual_heading before_text=\u00a0\u00bbMISE EN \u0152UVRE POUR LES \u00a0\u00bb middle_text=\u00a0\u00bb@ET-DC@eyJkeW5hbWljIjp0cnVlLCJjb250ZW50IjoicG9zdF90aXRsZSIsInNldHRpbmdzIjp7ImJlZm9yZSI6IiIsImFmdGVyIjoiIn19@\u00a0\u00bb _builder_version=\u00a0\u00bb4.17.6&Prime; _dynamic_attributes=\u00a0\u00bbmiddle_text\u00a0\u00bb _module_preset=\u00a0\u00bbdefault\u00a0\u00bb header_text_color=\u00a0\u00bb#666666&Prime; before_text_color=\u00a0\u00bb#00abe3&Prime; middle_text_color=\u00a0\u00bb#666666&Prime; global_colors_info=\u00a0\u00bb{}\u00a0\u00bb][\/dsm_dual_heading][et_pb_text _builder_version=\u00a0\u00bb4.17.4&Prime; _module_preset=\u00a0\u00bbdefault\u00a0\u00bb global_colors_info=\u00a0\u00bb{}\u00a0\u00bb]<\/p>\n<div class=\"StpTle\">\n<p class=\"SbTle SbBR\">D\u00e9couvrez nos r\u00e9f\u00e9rences \u00e0 travers le monde qui utilisent les technologies AUGIER.<\/p>\n<\/div>\n<p>[\/et_pb_text][et_pb_blog_extras posts_number=\u00a0\u00bb12&Prime; include_categories=\u00a0\u00bb59&Prime; blog_layout=\u00a0\u00bbblock_extended\u00a0\u00bb show_more=\u00a0\u00bboff\u00a0\u00bb show_author=\u00a0\u00bboff\u00a0\u00bb show_date=\u00a0\u00bboff\u00a0\u00bb show_categories=\u00a0\u00bboff\u00a0\u00bb show_comments=\u00a0\u00bboff\u00a0\u00bb show_load_more=\u00a0\u00bbon\u00a0\u00bb module_class=\u00a0\u00bbblog-extra-no-data\u00a0\u00bb _builder_version=\u00a0\u00bb4.19.5&Prime; _module_preset=\u00a0\u00bbdefault\u00a0\u00bb header_level=\u00a0\u00bbh4&Prime; header_font_size=\u00a0\u00bb20px\u00a0\u00bb header_line_height=\u00a0\u00bb1.2em\u00a0\u00bb box_shadow_style=\u00a0\u00bbpreset3&Prime; locked=\u00a0\u00bboff\u00a0\u00bb global_colors_info=\u00a0\u00bb{}\u00a0\u00bb][\/et_pb_blog_extras][et_pb_button button_url=\u00a0\u00bb@ET-DC@eyJkeW5hbWljIjp0cnVlLCJjb250ZW50IjoicG9zdF9saW5rX3VybF9wYWdlIiwic2V0dGluZ3MiOnsicG9zdF9pZCI6Ijg0MzUifX0=@\u00a0\u00bb button_text=\u00a0\u00bbToutes les r\u00e9f\u00e9rences\u00a0\u00bb _builder_version=\u00a0\u00bb4.19.4&Prime; _dynamic_attributes=\u00a0\u00bbbutton_url\u00a0\u00bb _module_preset=\u00a0\u00bbdefault\u00a0\u00bb global_colors_info=\u00a0\u00bb{}\u00a0\u00bb][\/et_pb_button][\/et_pb_column][\/et_pb_row][\/et_pb_section]<\/p>\n","protected":false},"excerpt":{"rendered":"<p>La s\u00e9curisation des grands sites est une priorit\u00e9.<div class=\"et_pb_module dsm_breadcrumbs dsm_breadcrumbs_0\">\n\t\t\t\t\n\t\t\t\t\n\t\t\t\t\n\t\t\t\t\n\t\t\t\t\n\t\t\t\t\n\t\t\t\t<div class=\"et_pb_module_inner\">\n\t\t\t\t\t<nav class=\"dsm_breadcrumbs_wrap\">\n\t\t\t\t<ul class=\"dsm_breadcrumbs\" itemscope itemtype=\"https:\/\/schema.org\/BreadcrumbList\">\t\t\t<li class=\"dsm_breadcrumbs_item dsm_home_item dsm_home_item_custom\" itemprop=\"itemListElement\" itemscope\n\t\t\titemtype=\"https:\/\/schema.org\/ListItem\">\n\t\t\t\t<a href=\"https:\/\/augier.com\/fr\/\" itemprop=\"item\" target=\"\">\n\t\t\t\t\t<span class='dsm_home_text_wrapper'>\n\t\t\t\t\t\t\t\t\t\t\t\t\t<span class=\"dsm_home_text\" itemprop=\"name\">\n\t\t\t\t\t\t\t\tHome\t\t\t\t\t\t\t<\/span>\n\t\t\t\t\t<\/span>\n\t\t\t\t<\/a>\n\t\t\t\t<meta itemprop=\"position\" content=\"1\" \/>\n\t\t\t<\/li>\n\n\t\t<li class=\"dsm_breadcrumbs_separator\"> <span class=\"et-pb-icon dsm_separator_icon\">5<\/span><\/li><\/ul>\n\t\t\t<\/nav>\n\t\t\t\t<\/div>\n\t\t\t<\/div>La fourniture d&rsquo;\u00e9quipements d&rsquo;\u00e9clairage et de surveillance est rendue possible par l&rsquo;utilisation des solutions de transport d&rsquo;\u00e9nergie AUGIER, par exemple : \u00e9clairage de secours, b\u00e2timents isol\u00e9s, alimentation des pompes et portails, appareils de mesure. La plupart des centrales nucl\u00e9aires fran\u00e7aises, la centrale de GUANGDONG en Chine et la centrale de TABRIZ au Moyen-Orient utilisent les \u00e9quipements de distribution HTI (haute tension interm\u00e9diaire) d&rsquo;AUGIER. Y sont comprises : l&rsquo;association d&rsquo;un poste \u00e9l\u00e9vateur et d&rsquo;un poste abaisseur pour alimenter des points d&rsquo;utilisation \u00e9loign\u00e9s des sources basse tension, tels que : Les pompes de forage Les portes motoris\u00e9es Les pompes de relevage Le b\u00e2timent d&rsquo;accueil Pour les applications d&rsquo;\u00e9clairage, l&rsquo;association d&rsquo;un poste de transformation \u00e9l\u00e9vateur BT\/MT avec un ensemble de 10 \u00e0 100 postes de transformation \u00e9tanches de faible puissance, install\u00e9s dans des fosses souterraines \u00e0 ciel ouvert, tels que : L&rsquo;\u00e9clairage des chantiers L&rsquo;\u00e9clairage des voies de circulation L&rsquo;\u00e9clairage des parkings L&rsquo;\u00e9clairage des cl\u00f4tures et des zones surveill\u00e9es L&rsquo;\u00e9clairage de secours La s\u00e9curisation de l&rsquo;alimentation des capteurs de mesure de radioactivit\u00e9 (boucle KRS). La r\u00e9alisation d&rsquo;un r\u00e9seau 5500 V avec transformateurs \u00e9tanches en secours du r\u00e9seau 20 kV. Les postes mobiles [&hellip;]<\/p>\n","protected":false},"author":1,"featured_media":6040,"parent":9466,"menu_order":0,"comment_status":"closed","ping_status":"closed","template":"","meta":{"_acf_changed":false,"_et_pb_use_builder":"on","_et_pb_old_content":"","_et_gb_content_width":"","footnotes":""},"class_list":["post-9442","page","type-page","status-publish","has-post-thumbnail","hentry"],"acf":[],"yoast_head":"<!-- This site is optimized with the Yoast SEO plugin v27.2 - https:\/\/yoast.com\/product\/yoast-seo-wordpress\/ -->\n<title>Centrales \u00e9lectriques - Augier energy<\/title>\n<meta name=\"description\" content=\"La plupart des centrales nucl\u00e9aires fran\u00e7aises, GUANG DONG en Chine et TABRIZ au Moyen-Orient utilisent les \u00e9quipements de distribution Haute Tension Interm\u00e9diaire AUGIER.\" \/>\n<meta name=\"robots\" content=\"index, follow, max-snippet:-1, max-image-preview:large, max-video-preview:-1\" \/>\n<link rel=\"canonical\" href=\"https:\/\/augier.com\/fr\/applications\/centrales-electriques\/\" \/>\n<meta property=\"og:locale\" content=\"fr_FR\" \/>\n<meta property=\"og:type\" content=\"article\" \/>\n<meta property=\"og:title\" content=\"Centrales \u00e9lectriques - Augier energy\" \/>\n<meta property=\"og:description\" content=\"La plupart des centrales nucl\u00e9aires fran\u00e7aises, GUANG DONG en Chine et TABRIZ au Moyen-Orient utilisent les \u00e9quipements de distribution Haute Tension Interm\u00e9diaire AUGIER.\" \/>\n<meta property=\"og:url\" content=\"https:\/\/augier.com\/fr\/applications\/centrales-electriques\/\" \/>\n<meta property=\"og:site_name\" content=\"Augier energy\" \/>\n<meta property=\"article:modified_time\" content=\"2023-03-27T08:57:24+00:00\" \/>\n<meta property=\"og:image\" content=\"https:\/\/augier.com\/wp-content\/uploads\/2018\/01\/Centrale-Nucleaire-Paluel-FRANCE-2000x600-1.jpg\" \/>\n\t<meta property=\"og:image:width\" content=\"2000\" \/>\n\t<meta property=\"og:image:height\" content=\"600\" \/>\n\t<meta property=\"og:image:type\" content=\"image\/jpeg\" \/>\n<meta name=\"twitter:card\" content=\"summary_large_image\" \/>\n<script type=\"application\/ld+json\" class=\"yoast-schema-graph\">{\"@context\":\"https:\/\/schema.org\",\"@graph\":[{\"@type\":\"WebPage\",\"@id\":\"https:\/\/augier.com\/fr\/applications\/centrales-electriques\/\",\"url\":\"https:\/\/augier.com\/fr\/applications\/centrales-electriques\/\",\"name\":\"Centrales \u00e9lectriques - Augier energy\",\"isPartOf\":{\"@id\":\"https:\/\/augier.com\/fr\/#website\"},\"primaryImageOfPage\":{\"@id\":\"https:\/\/augier.com\/fr\/applications\/centrales-electriques\/#primaryimage\"},\"image\":{\"@id\":\"https:\/\/augier.com\/fr\/applications\/centrales-electriques\/#primaryimage\"},\"thumbnailUrl\":\"https:\/\/augier.com\/wp-content\/uploads\/2018\/01\/Centrale-Nucleaire-Paluel-FRANCE-2000x600-1.jpg\",\"datePublished\":\"2022-06-09T09:14:16+00:00\",\"dateModified\":\"2023-03-27T08:57:24+00:00\",\"description\":\"La plupart des centrales nucl\u00e9aires fran\u00e7aises, GUANG DONG en Chine et TABRIZ au Moyen-Orient utilisent les \u00e9quipements de distribution Haute Tension Interm\u00e9diaire AUGIER.\",\"breadcrumb\":{\"@id\":\"https:\/\/augier.com\/fr\/applications\/centrales-electriques\/#breadcrumb\"},\"inLanguage\":\"fr-FR\",\"potentialAction\":[{\"@type\":\"ReadAction\",\"target\":[\"https:\/\/augier.com\/fr\/applications\/centrales-electriques\/\"]}]},{\"@type\":\"ImageObject\",\"inLanguage\":\"fr-FR\",\"@id\":\"https:\/\/augier.com\/fr\/applications\/centrales-electriques\/#primaryimage\",\"url\":\"https:\/\/augier.com\/wp-content\/uploads\/2018\/01\/Centrale-Nucleaire-Paluel-FRANCE-2000x600-1.jpg\",\"contentUrl\":\"https:\/\/augier.com\/wp-content\/uploads\/2018\/01\/Centrale-Nucleaire-Paluel-FRANCE-2000x600-1.jpg\",\"width\":2000,\"height\":600},{\"@type\":\"BreadcrumbList\",\"@id\":\"https:\/\/augier.com\/fr\/applications\/centrales-electriques\/#breadcrumb\",\"itemListElement\":[{\"@type\":\"ListItem\",\"position\":1,\"name\":\"Home\",\"item\":\"https:\/\/augier.com\/fr\/\"},{\"@type\":\"ListItem\",\"position\":2,\"name\":\"Applications\",\"item\":\"https:\/\/augier.com\/fr\/applications\/\"},{\"@type\":\"ListItem\",\"position\":3,\"name\":\"Centrales \u00e9lectriques\"}]},{\"@type\":\"WebSite\",\"@id\":\"https:\/\/augier.com\/fr\/#website\",\"url\":\"https:\/\/augier.com\/fr\/\",\"name\":\"AUGIER Energy\",\"description\":\"Just another WordPress site\",\"publisher\":{\"@id\":\"https:\/\/augier.com\/fr\/#organization\"},\"potentialAction\":[{\"@type\":\"SearchAction\",\"target\":{\"@type\":\"EntryPoint\",\"urlTemplate\":\"https:\/\/augier.com\/fr\/?s={search_term_string}\"},\"query-input\":{\"@type\":\"PropertyValueSpecification\",\"valueRequired\":true,\"valueName\":\"search_term_string\"}}],\"inLanguage\":\"fr-FR\"},{\"@type\":\"Organization\",\"@id\":\"https:\/\/augier.com\/fr\/#organization\",\"name\":\"AUGIER Energy\",\"url\":\"https:\/\/augier.com\/fr\/\",\"logo\":{\"@type\":\"ImageObject\",\"inLanguage\":\"fr-FR\",\"@id\":\"https:\/\/augier.com\/fr\/#\/schema\/logo\/image\/\",\"url\":\"https:\/\/augier.com\/wp-content\/uploads\/2023\/03\/augier-energy-logo-square.jpg\",\"contentUrl\":\"https:\/\/augier.com\/wp-content\/uploads\/2023\/03\/augier-energy-logo-square.jpg\",\"width\":1024,\"height\":1024,\"caption\":\"AUGIER Energy\"},\"image\":{\"@id\":\"https:\/\/augier.com\/fr\/#\/schema\/logo\/image\/\"},\"sameAs\":[\"https:\/\/www.youtube.com\/channel\/UCmnwwRp0ll2eKQ34ZdMlIWQ\",\"https:\/\/www.linkedin.com\/company\/5084388\/\"]}]}<\/script>\n<!-- \/ Yoast SEO plugin. -->","yoast_head_json":{"title":"Centrales \u00e9lectriques - Augier energy","description":"La plupart des centrales nucl\u00e9aires fran\u00e7aises, GUANG DONG en Chine et TABRIZ au Moyen-Orient utilisent les \u00e9quipements de distribution Haute Tension Interm\u00e9diaire AUGIER.","robots":{"index":"index","follow":"follow","max-snippet":"max-snippet:-1","max-image-preview":"max-image-preview:large","max-video-preview":"max-video-preview:-1"},"canonical":"https:\/\/augier.com\/fr\/applications\/centrales-electriques\/","og_locale":"fr_FR","og_type":"article","og_title":"Centrales \u00e9lectriques - Augier energy","og_description":"La plupart des centrales nucl\u00e9aires fran\u00e7aises, GUANG DONG en Chine et TABRIZ au Moyen-Orient utilisent les \u00e9quipements de distribution Haute Tension Interm\u00e9diaire AUGIER.","og_url":"https:\/\/augier.com\/fr\/applications\/centrales-electriques\/","og_site_name":"Augier energy","article_modified_time":"2023-03-27T08:57:24+00:00","og_image":[{"width":2000,"height":600,"url":"https:\/\/augier.com\/wp-content\/uploads\/2018\/01\/Centrale-Nucleaire-Paluel-FRANCE-2000x600-1.jpg","type":"image\/jpeg"}],"twitter_card":"summary_large_image","schema":{"@context":"https:\/\/schema.org","@graph":[{"@type":"WebPage","@id":"https:\/\/augier.com\/fr\/applications\/centrales-electriques\/","url":"https:\/\/augier.com\/fr\/applications\/centrales-electriques\/","name":"Centrales \u00e9lectriques - Augier energy","isPartOf":{"@id":"https:\/\/augier.com\/fr\/#website"},"primaryImageOfPage":{"@id":"https:\/\/augier.com\/fr\/applications\/centrales-electriques\/#primaryimage"},"image":{"@id":"https:\/\/augier.com\/fr\/applications\/centrales-electriques\/#primaryimage"},"thumbnailUrl":"https:\/\/augier.com\/wp-content\/uploads\/2018\/01\/Centrale-Nucleaire-Paluel-FRANCE-2000x600-1.jpg","datePublished":"2022-06-09T09:14:16+00:00","dateModified":"2023-03-27T08:57:24+00:00","description":"La plupart des centrales nucl\u00e9aires fran\u00e7aises, GUANG DONG en Chine et TABRIZ au Moyen-Orient utilisent les \u00e9quipements de distribution Haute Tension Interm\u00e9diaire AUGIER.","breadcrumb":{"@id":"https:\/\/augier.com\/fr\/applications\/centrales-electriques\/#breadcrumb"},"inLanguage":"fr-FR","potentialAction":[{"@type":"ReadAction","target":["https:\/\/augier.com\/fr\/applications\/centrales-electriques\/"]}]},{"@type":"ImageObject","inLanguage":"fr-FR","@id":"https:\/\/augier.com\/fr\/applications\/centrales-electriques\/#primaryimage","url":"https:\/\/augier.com\/wp-content\/uploads\/2018\/01\/Centrale-Nucleaire-Paluel-FRANCE-2000x600-1.jpg","contentUrl":"https:\/\/augier.com\/wp-content\/uploads\/2018\/01\/Centrale-Nucleaire-Paluel-FRANCE-2000x600-1.jpg","width":2000,"height":600},{"@type":"BreadcrumbList","@id":"https:\/\/augier.com\/fr\/applications\/centrales-electriques\/#breadcrumb","itemListElement":[{"@type":"ListItem","position":1,"name":"Home","item":"https:\/\/augier.com\/fr\/"},{"@type":"ListItem","position":2,"name":"Applications","item":"https:\/\/augier.com\/fr\/applications\/"},{"@type":"ListItem","position":3,"name":"Centrales \u00e9lectriques"}]},{"@type":"WebSite","@id":"https:\/\/augier.com\/fr\/#website","url":"https:\/\/augier.com\/fr\/","name":"AUGIER Energy","description":"Just another WordPress site","publisher":{"@id":"https:\/\/augier.com\/fr\/#organization"},"potentialAction":[{"@type":"SearchAction","target":{"@type":"EntryPoint","urlTemplate":"https:\/\/augier.com\/fr\/?s={search_term_string}"},"query-input":{"@type":"PropertyValueSpecification","valueRequired":true,"valueName":"search_term_string"}}],"inLanguage":"fr-FR"},{"@type":"Organization","@id":"https:\/\/augier.com\/fr\/#organization","name":"AUGIER Energy","url":"https:\/\/augier.com\/fr\/","logo":{"@type":"ImageObject","inLanguage":"fr-FR","@id":"https:\/\/augier.com\/fr\/#\/schema\/logo\/image\/","url":"https:\/\/augier.com\/wp-content\/uploads\/2023\/03\/augier-energy-logo-square.jpg","contentUrl":"https:\/\/augier.com\/wp-content\/uploads\/2023\/03\/augier-energy-logo-square.jpg","width":1024,"height":1024,"caption":"AUGIER Energy"},"image":{"@id":"https:\/\/augier.com\/fr\/#\/schema\/logo\/image\/"},"sameAs":["https:\/\/www.youtube.com\/channel\/UCmnwwRp0ll2eKQ34ZdMlIWQ","https:\/\/www.linkedin.com\/company\/5084388\/"]}]}},"_links":{"self":[{"href":"https:\/\/augier.com\/fr\/wp-json\/wp\/v2\/pages\/9442","targetHints":{"allow":["GET"]}}],"collection":[{"href":"https:\/\/augier.com\/fr\/wp-json\/wp\/v2\/pages"}],"about":[{"href":"https:\/\/augier.com\/fr\/wp-json\/wp\/v2\/types\/page"}],"author":[{"embeddable":true,"href":"https:\/\/augier.com\/fr\/wp-json\/wp\/v2\/users\/1"}],"replies":[{"embeddable":true,"href":"https:\/\/augier.com\/fr\/wp-json\/wp\/v2\/comments?post=9442"}],"version-history":[{"count":20,"href":"https:\/\/augier.com\/fr\/wp-json\/wp\/v2\/pages\/9442\/revisions"}],"predecessor-version":[{"id":12154,"href":"https:\/\/augier.com\/fr\/wp-json\/wp\/v2\/pages\/9442\/revisions\/12154"}],"up":[{"embeddable":true,"href":"https:\/\/augier.com\/fr\/wp-json\/wp\/v2\/pages\/9466"}],"wp:featuredmedia":[{"embeddable":true,"href":"https:\/\/augier.com\/fr\/wp-json\/wp\/v2\/media\/6040"}],"wp:attachment":[{"href":"https:\/\/augier.com\/fr\/wp-json\/wp\/v2\/media?parent=9442"}],"curies":[{"name":"wp","href":"https:\/\/api.w.org\/{rel}","templated":true}]}}