{"id":9433,"date":"2022-06-09T11:18:39","date_gmt":"2022-06-09T09:18:39","guid":{"rendered":"https:\/\/augier.com\/emplacements-eloignes\/"},"modified":"2023-03-27T11:05:32","modified_gmt":"2023-03-27T09:05:32","slug":"emplacements-eloignes","status":"publish","type":"page","link":"https:\/\/augier.com\/fr\/applications\/emplacements-eloignes\/","title":{"rendered":"Sites \u00e9loign\u00e9s"},"content":{"rendered":"<p>[et_pb_section fb_built=\u00a0\u00bb1&Prime; fullwidth=\u00a0\u00bbon\u00a0\u00bb _builder_version=\u00a0\u00bb4.17.3&Prime; _module_preset=\u00a0\u00bbdefault\u00a0\u00bb locked=\u00a0\u00bboff\u00a0\u00bb global_colors_info=\u00a0\u00bb{}\u00a0\u00bb][et_pb_fullwidth_slider show_arrows=\u00a0\u00bboff\u00a0\u00bb show_pagination=\u00a0\u00bboff\u00a0\u00bb arrows_custom_color=\u00a0\u00bb#abc52e\u00a0\u00bb dot_nav_custom_color=\u00a0\u00bb#abc52e\u00a0\u00bb _builder_version=\u00a0\u00bb4.19.0&Prime; _module_preset=\u00a0\u00bbdefault\u00a0\u00bb header_level=\u00a0\u00bbh1&Prime; header_font=\u00a0\u00bb|700|||||||\u00a0\u00bb header_font_size=\u00a0\u00bb40px\u00a0\u00bb header_line_height=\u00a0\u00bb1.2em\u00a0\u00bb background_enable_image=\u00a0\u00bboff\u00a0\u00bb max_height=\u00a0\u00bb42vh\u00a0\u00bb max_height_tablet=\u00a0\u00bb55vh\u00a0\u00bb max_height_phone=\u00a0\u00bb55vh\u00a0\u00bb max_height_last_edited=\u00a0\u00bbon|desktop\u00a0\u00bb global_colors_info=\u00a0\u00bb{}\u00a0\u00bb][et_pb_slide heading=\u00a0\u00bb@ET-DC@eyJkeW5hbWljIjp0cnVlLCJjb250ZW50IjoicG9zdF90aXRsZSIsInNldHRpbmdzIjp7ImJlZm9yZSI6IiIsImFmdGVyIjoiIn19@\u00a0\u00bb _builder_version=\u00a0\u00bb4.19.0&Prime; _dynamic_attributes=\u00a0\u00bbbackground_image,heading\u00a0\u00bb _module_preset=\u00a0\u00bbdefault\u00a0\u00bb header_level=\u00a0\u00bbh1&Prime; header_font=\u00a0\u00bb|700|||||||\u00a0\u00bb header_font_size=\u00a0\u00bb40px\u00a0\u00bb background_color=\u00a0\u00bbrgba(0,0,0,0.3)\u00a0\u00bb background_enable_color=\u00a0\u00bbon\u00a0\u00bb background_image=\u00a0\u00bb@ET-DC@eyJkeW5hbWljIjp0cnVlLCJjb250ZW50IjoicG9zdF9mZWF0dXJlZF9pbWFnZSIsInNldHRpbmdzIjp7fX0=@\u00a0\u00bb background_enable_image=\u00a0\u00bbon\u00a0\u00bb background_blend=\u00a0\u00bboverlay\u00a0\u00bb global_colors_info=\u00a0\u00bb{}\u00a0\u00bb sticky_transition=\u00a0\u00bbon\u00a0\u00bb][\/et_pb_slide][\/et_pb_fullwidth_slider][\/et_pb_section][et_pb_section fb_built=\u00a0\u00bb1&Prime; _builder_version=\u00a0\u00bb4.17.4&Prime; _module_preset=\u00a0\u00bbdefault\u00a0\u00bb global_colors_info=\u00a0\u00bb{}\u00a0\u00bb][et_pb_row _builder_version=\u00a0\u00bb4.17.4&Prime; _module_preset=\u00a0\u00bbdefault\u00a0\u00bb global_colors_info=\u00a0\u00bb{}\u00a0\u00bb][et_pb_column type=\u00a0\u00bb4_4&Prime; _builder_version=\u00a0\u00bb4.17.4&Prime; _module_preset=\u00a0\u00bbdefault\u00a0\u00bb global_colors_info=\u00a0\u00bb{}\u00a0\u00bb][dsm_breadcrumbs show_home_icon=\u00a0\u00bboff\u00a0\u00bb _builder_version=\u00a0\u00bb4.17.4&Prime; _module_preset=\u00a0\u00bbdefault\u00a0\u00bb global_colors_info=\u00a0\u00bb{}\u00a0\u00bb][\/dsm_breadcrumbs][\/et_pb_column][\/et_pb_row][et_pb_row _builder_version=\u00a0\u00bb4.17.4&Prime; _module_preset=\u00a0\u00bbdefault\u00a0\u00bb custom_padding=\u00a0\u00bb||0px||false|false\u00a0\u00bb global_colors_info=\u00a0\u00bb{}\u00a0\u00bb][et_pb_column type=\u00a0\u00bb4_4&Prime; _builder_version=\u00a0\u00bb4.17.4&Prime; _module_preset=\u00a0\u00bbdefault\u00a0\u00bb global_colors_info=\u00a0\u00bb{}\u00a0\u00bb][et_pb_text _builder_version=\u00a0\u00bb4.19.0&Prime; _module_preset=\u00a0\u00bbdefault\u00a0\u00bb global_colors_info=\u00a0\u00bb{}\u00a0\u00bb]<\/p>\n<p><span>En cas d&rsquo;indisponibilit\u00e9 de l&rsquo;\u00e9nergie \u00e9lectrique \u00e0 proximit\u00e9 d&rsquo;un r\u00e9cepteur, le transport d&rsquo;\u00e9nergie d&rsquo;AUGIER r\u00e9duit les co\u00fbts en diminuant la section du c\u00e2ble. <br \/>Par exemple : alimentation de pompes, b\u00e2timents isol\u00e9s, t\u00eates de vannes de barrages, panneaux \u00e0 messages variables.<\/span><\/p>\n<p>[\/et_pb_text][\/et_pb_column][\/et_pb_row][\/et_pb_section][et_pb_section fb_built=\u00a0\u00bb1&Prime; _builder_version=\u00a0\u00bb4.17.4&Prime; _module_preset=\u00a0\u00bbdefault\u00a0\u00bb background_color=\u00a0\u00bb#f7f7f7&Prime; custom_padding=\u00a0\u00bb||0px||false|false\u00a0\u00bb global_colors_info=\u00a0\u00bb{}\u00a0\u00bb][et_pb_row _builder_version=\u00a0\u00bb4.17.4&Prime; _module_preset=\u00a0\u00bbdefault\u00a0\u00bb global_colors_info=\u00a0\u00bb{}\u00a0\u00bb][et_pb_column type=\u00a0\u00bb4_4&Prime; _builder_version=\u00a0\u00bb4.17.4&Prime; _module_preset=\u00a0\u00bbdefault\u00a0\u00bb global_colors_info=\u00a0\u00bb{}\u00a0\u00bb][dsm_dual_heading before_text=\u00a0\u00bbPRODUITS POUR LES \u00a0\u00bb middle_text=\u00a0\u00bb@ET-DC@eyJkeW5hbWljIjp0cnVlLCJjb250ZW50IjoicG9zdF90aXRsZSIsInNldHRpbmdzIjp7ImJlZm9yZSI6IiIsImFmdGVyIjoiIn19@\u00a0\u00bb _builder_version=\u00a0\u00bb4.17.6&Prime; _dynamic_attributes=\u00a0\u00bbmiddle_text\u00a0\u00bb _module_preset=\u00a0\u00bbdefault\u00a0\u00bb header_text_color=\u00a0\u00bb#666666&Prime; before_text_color=\u00a0\u00bb#00abe3&Prime; middle_text_color=\u00a0\u00bb#666666&Prime; global_colors_info=\u00a0\u00bb{}\u00a0\u00bb][\/dsm_dual_heading][\/et_pb_column][\/et_pb_row][et_pb_row _builder_version=\u00a0\u00bb4.17.4&Prime; _module_preset=\u00a0\u00bbdefault\u00a0\u00bb global_colors_info=\u00a0\u00bb{}\u00a0\u00bb][et_pb_column type=\u00a0\u00bb4_4&Prime; _builder_version=\u00a0\u00bb4.17.4&Prime; _module_preset=\u00a0\u00bbdefault\u00a0\u00bb global_colors_info=\u00a0\u00bb{}\u00a0\u00bb][et_pb_filterable_portfolio fullwidth=\u00a0\u00bboff\u00a0\u00bb posts_number=\u00a0\u00bb12&Prime; include_categories=\u00a0\u00bb68&Prime; show_categories=\u00a0\u00bboff\u00a0\u00bb module_class=\u00a0\u00bbhide-filters\u00a0\u00bb _builder_version=\u00a0\u00bb4.19.4&Prime; _module_preset=\u00a0\u00bbdefault\u00a0\u00bb title_level=\u00a0\u00bbh3&Prime; title_font_size=\u00a0\u00bb18px\u00a0\u00bb title_line_height=\u00a0\u00bb1.2em\u00a0\u00bb border_radii_image=\u00a0\u00bbon|7px|7px|7px|7px\u00a0\u00bb box_shadow_style_image=\u00a0\u00bbpreset3&Prime; box_shadow_blur_image=\u00a0\u00bb13px\u00a0\u00bb box_shadow_color_image=\u00a0\u00bbrgba(0,0,0,0.2)\u00a0\u00bb global_colors_info=\u00a0\u00bb{}\u00a0\u00bb][\/et_pb_filterable_portfolio][\/et_pb_column][\/et_pb_row][\/et_pb_section][et_pb_section fb_built=\u00a0\u00bb1&Prime; _builder_version=\u00a0\u00bb4.17.4&Prime; _module_preset=\u00a0\u00bbdefault\u00a0\u00bb locked=\u00a0\u00bboff\u00a0\u00bb global_colors_info=\u00a0\u00bb{}\u00a0\u00bb][et_pb_row _builder_version=\u00a0\u00bb4.17.4&Prime; _module_preset=\u00a0\u00bbdefault\u00a0\u00bb global_colors_info=\u00a0\u00bb{}\u00a0\u00bb][et_pb_column type=\u00a0\u00bb4_4&Prime; _builder_version=\u00a0\u00bb4.17.4&Prime; _module_preset=\u00a0\u00bbdefault\u00a0\u00bb global_colors_info=\u00a0\u00bb{}\u00a0\u00bb][dsm_dual_heading before_text=\u00a0\u00bbMISE EN \u0152UVRE POUR LES \u00a0\u00bb middle_text=\u00a0\u00bb@ET-DC@eyJkeW5hbWljIjp0cnVlLCJjb250ZW50IjoicG9zdF90aXRsZSIsInNldHRpbmdzIjp7ImJlZm9yZSI6IiIsImFmdGVyIjoiIn19@\u00a0\u00bb _builder_version=\u00a0\u00bb4.17.6&Prime; _dynamic_attributes=\u00a0\u00bbmiddle_text\u00a0\u00bb _module_preset=\u00a0\u00bbdefault\u00a0\u00bb header_text_color=\u00a0\u00bb#666666&Prime; before_text_color=\u00a0\u00bb#00abe3&Prime; middle_text_color=\u00a0\u00bb#666666&Prime; global_colors_info=\u00a0\u00bb{}\u00a0\u00bb][\/dsm_dual_heading][et_pb_text _builder_version=\u00a0\u00bb4.17.4&Prime; _module_preset=\u00a0\u00bbdefault\u00a0\u00bb global_colors_info=\u00a0\u00bb{}\u00a0\u00bb]<\/p>\n<div class=\"StpTle\">\n<p class=\"SbTle SbBR\">D\u00e9couvrez nos r\u00e9f\u00e9rences \u00e0 travers le monde qui utilisent les technologies AUGIER.<\/p>\n<\/div>\n<p>[\/et_pb_text][et_pb_blog_extras posts_number=\u00a0\u00bb12&Prime; include_categories=\u00a0\u00bb57&Prime; blog_layout=\u00a0\u00bbblock_extended\u00a0\u00bb show_more=\u00a0\u00bboff\u00a0\u00bb show_author=\u00a0\u00bboff\u00a0\u00bb show_date=\u00a0\u00bboff\u00a0\u00bb show_categories=\u00a0\u00bboff\u00a0\u00bb show_comments=\u00a0\u00bboff\u00a0\u00bb show_load_more=\u00a0\u00bbon\u00a0\u00bb module_class=\u00a0\u00bbblog-extra-no-data\u00a0\u00bb _builder_version=\u00a0\u00bb4.19.5&Prime; _module_preset=\u00a0\u00bbdefault\u00a0\u00bb header_level=\u00a0\u00bbh4&Prime; header_font_size=\u00a0\u00bb20px\u00a0\u00bb header_line_height=\u00a0\u00bb1.2em\u00a0\u00bb box_shadow_style=\u00a0\u00bbpreset3&Prime; locked=\u00a0\u00bboff\u00a0\u00bb global_colors_info=\u00a0\u00bb{}\u00a0\u00bb][\/et_pb_blog_extras][et_pb_button button_url=\u00a0\u00bb@ET-DC@eyJkeW5hbWljIjp0cnVlLCJjb250ZW50IjoicG9zdF9saW5rX3VybF9wYWdlIiwic2V0dGluZ3MiOnsicG9zdF9pZCI6Ijg0MzUifX0=@\u00a0\u00bb button_text=\u00a0\u00bbToutes les r\u00e9f\u00e9rences\u00a0\u00bb _builder_version=\u00a0\u00bb4.19.4&Prime; _dynamic_attributes=\u00a0\u00bbbutton_url\u00a0\u00bb _module_preset=\u00a0\u00bbdefault\u00a0\u00bb global_colors_info=\u00a0\u00bb{}\u00a0\u00bb][\/et_pb_button][\/et_pb_column][\/et_pb_row][\/et_pb_section]<\/p>\n","protected":false},"excerpt":{"rendered":"<p><div class=\"et_pb_module dsm_breadcrumbs dsm_breadcrumbs_0\">\n\t\t\t\t\n\t\t\t\t\n\t\t\t\t\n\t\t\t\t\n\t\t\t\t\n\t\t\t\t\n\t\t\t\t<div class=\"et_pb_module_inner\">\n\t\t\t\t\t<nav class=\"dsm_breadcrumbs_wrap\">\n\t\t\t\t<ul class=\"dsm_breadcrumbs\" itemscope itemtype=\"https:\/\/schema.org\/BreadcrumbList\">\t\t\t<li class=\"dsm_breadcrumbs_item dsm_home_item dsm_home_item_custom\" itemprop=\"itemListElement\" itemscope\n\t\t\titemtype=\"https:\/\/schema.org\/ListItem\">\n\t\t\t\t<a href=\"https:\/\/augier.com\/fr\/\" itemprop=\"item\" target=\"\">\n\t\t\t\t\t<span class='dsm_home_text_wrapper'>\n\t\t\t\t\t\t\t\t\t\t\t\t\t<span class=\"dsm_home_text\" itemprop=\"name\">\n\t\t\t\t\t\t\t\tHome\t\t\t\t\t\t\t<\/span>\n\t\t\t\t\t<\/span>\n\t\t\t\t<\/a>\n\t\t\t\t<meta itemprop=\"position\" content=\"1\" \/>\n\t\t\t<\/li>\n\n\t\t<li class=\"dsm_breadcrumbs_separator\"> <span class=\"et-pb-icon dsm_separator_icon\">5<\/span><\/li><\/ul>\n\t\t\t<\/nav>\n\t\t\t\t<\/div>\n\t\t\t<\/div>En cas d&rsquo;indisponibilit\u00e9 de l&rsquo;\u00e9nergie \u00e9lectrique \u00e0 proximit\u00e9 d&rsquo;un r\u00e9cepteur, le transport d&rsquo;\u00e9nergie d&rsquo;AUGIER r\u00e9duit les co\u00fbts en diminuant la section du c\u00e2ble. Par exemple : alimentation de pompes, b\u00e2timents isol\u00e9s, t\u00eates de vannes de barrages, panneaux \u00e0 messages variables.<div class=\"et_pb_module dsm_dual_heading dsm_dual_heading_0  et_pb_bg_layout_light\">\n\t\t\t\t\n\t\t\t\t\n\t\t\t\t\n\t\t\t\t\n\t\t\t\t\n\t\t\t\t\n\t\t\t\t<div class=\"et_pb_module_inner\">\n\t\t\t\t\t<h2 class=\"dsm-dual-heading-main et_pb_module_header\"><span class=\"dsm-dual-heading-before\">PRODUITS POUR LES <\/span><\/h2>\n\t\t\t\t<\/div>\n\t\t\t<\/div><div class=\"et_pb_module dsm_dual_heading dsm_dual_heading_1  et_pb_bg_layout_light\">\n\t\t\t\t\n\t\t\t\t\n\t\t\t\t\n\t\t\t\t\n\t\t\t\t\n\t\t\t\t\n\t\t\t\t<div class=\"et_pb_module_inner\">\n\t\t\t\t\t<h2 class=\"dsm-dual-heading-main et_pb_module_header\"><span class=\"dsm-dual-heading-before\">MISE EN \u0152UVRE POUR LES <\/span><\/h2>\n\t\t\t\t<\/div>\n\t\t\t<\/div> D\u00e9couvrez nos r\u00e9f\u00e9rences \u00e0 travers le monde qui utilisent les technologies AUGIER.<\/p>\n","protected":false},"author":1,"featured_media":5938,"parent":9466,"menu_order":0,"comment_status":"closed","ping_status":"closed","template":"","meta":{"_acf_changed":false,"_et_pb_use_builder":"on","_et_pb_old_content":"","_et_gb_content_width":"","footnotes":""},"class_list":["post-9433","page","type-page","status-publish","has-post-thumbnail","hentry"],"acf":[],"yoast_head":"<!-- This site is optimized with the Yoast SEO plugin v27.4 - https:\/\/yoast.com\/product\/yoast-seo-wordpress\/ -->\n<title>Sites \u00e9loign\u00e9s - Augier energy<\/title>\n<meta name=\"description\" content=\"En cas d&#039;indisponibilit\u00e9 de l&#039;\u00e9nergie \u00e9lectrique \u00e0 proximit\u00e9 d&#039;un r\u00e9cepteur, le transport d&#039;\u00e9nergie d&#039;AUGIER r\u00e9duit les co\u00fbts en diminuant la section du c\u00e2ble.\" \/>\n<meta name=\"robots\" content=\"index, follow, max-snippet:-1, max-image-preview:large, max-video-preview:-1\" \/>\n<link rel=\"canonical\" href=\"https:\/\/augier.com\/fr\/applications\/emplacements-eloignes\/\" \/>\n<meta property=\"og:locale\" content=\"fr_FR\" \/>\n<meta property=\"og:type\" content=\"article\" \/>\n<meta property=\"og:title\" content=\"Sites \u00e9loign\u00e9s - Augier energy\" \/>\n<meta property=\"og:description\" content=\"En cas d&#039;indisponibilit\u00e9 de l&#039;\u00e9nergie \u00e9lectrique \u00e0 proximit\u00e9 d&#039;un r\u00e9cepteur, le transport d&#039;\u00e9nergie d&#039;AUGIER r\u00e9duit les co\u00fbts en diminuant la section du c\u00e2ble.\" \/>\n<meta property=\"og:url\" content=\"https:\/\/augier.com\/fr\/applications\/emplacements-eloignes\/\" \/>\n<meta property=\"og:site_name\" content=\"Augier energy\" \/>\n<meta property=\"article:modified_time\" content=\"2023-03-27T09:05:32+00:00\" \/>\n<meta property=\"og:image\" content=\"https:\/\/augier.com\/wp-content\/uploads\/2018\/01\/Alimentation-Sites-eloignes.jpg\" \/>\n\t<meta property=\"og:image:width\" content=\"2000\" \/>\n\t<meta property=\"og:image:height\" content=\"600\" \/>\n\t<meta property=\"og:image:type\" content=\"image\/jpeg\" \/>\n<meta name=\"twitter:card\" content=\"summary_large_image\" \/>\n<script type=\"application\/ld+json\" class=\"yoast-schema-graph\">{\"@context\":\"https:\\\/\\\/schema.org\",\"@graph\":[{\"@type\":\"WebPage\",\"@id\":\"https:\\\/\\\/augier.com\\\/fr\\\/applications\\\/emplacements-eloignes\\\/\",\"url\":\"https:\\\/\\\/augier.com\\\/fr\\\/applications\\\/emplacements-eloignes\\\/\",\"name\":\"Sites \u00e9loign\u00e9s - Augier energy\",\"isPartOf\":{\"@id\":\"https:\\\/\\\/augier.com\\\/fr\\\/#website\"},\"primaryImageOfPage\":{\"@id\":\"https:\\\/\\\/augier.com\\\/fr\\\/applications\\\/emplacements-eloignes\\\/#primaryimage\"},\"image\":{\"@id\":\"https:\\\/\\\/augier.com\\\/fr\\\/applications\\\/emplacements-eloignes\\\/#primaryimage\"},\"thumbnailUrl\":\"https:\\\/\\\/augier.com\\\/wp-content\\\/uploads\\\/2018\\\/01\\\/Alimentation-Sites-eloignes.jpg\",\"datePublished\":\"2022-06-09T09:18:39+00:00\",\"dateModified\":\"2023-03-27T09:05:32+00:00\",\"description\":\"En cas d'indisponibilit\u00e9 de l'\u00e9nergie \u00e9lectrique \u00e0 proximit\u00e9 d'un r\u00e9cepteur, le transport d'\u00e9nergie d'AUGIER r\u00e9duit les co\u00fbts en diminuant la section du c\u00e2ble.\",\"breadcrumb\":{\"@id\":\"https:\\\/\\\/augier.com\\\/fr\\\/applications\\\/emplacements-eloignes\\\/#breadcrumb\"},\"inLanguage\":\"fr-FR\",\"potentialAction\":[{\"@type\":\"ReadAction\",\"target\":[\"https:\\\/\\\/augier.com\\\/fr\\\/applications\\\/emplacements-eloignes\\\/\"]}]},{\"@type\":\"ImageObject\",\"inLanguage\":\"fr-FR\",\"@id\":\"https:\\\/\\\/augier.com\\\/fr\\\/applications\\\/emplacements-eloignes\\\/#primaryimage\",\"url\":\"https:\\\/\\\/augier.com\\\/wp-content\\\/uploads\\\/2018\\\/01\\\/Alimentation-Sites-eloignes.jpg\",\"contentUrl\":\"https:\\\/\\\/augier.com\\\/wp-content\\\/uploads\\\/2018\\\/01\\\/Alimentation-Sites-eloignes.jpg\",\"width\":2000,\"height\":600},{\"@type\":\"BreadcrumbList\",\"@id\":\"https:\\\/\\\/augier.com\\\/fr\\\/applications\\\/emplacements-eloignes\\\/#breadcrumb\",\"itemListElement\":[{\"@type\":\"ListItem\",\"position\":1,\"name\":\"Home\",\"item\":\"https:\\\/\\\/augier.com\\\/fr\\\/\"},{\"@type\":\"ListItem\",\"position\":2,\"name\":\"Applications\",\"item\":\"https:\\\/\\\/augier.com\\\/fr\\\/applications\\\/\"},{\"@type\":\"ListItem\",\"position\":3,\"name\":\"Sites \u00e9loign\u00e9s\"}]},{\"@type\":\"WebSite\",\"@id\":\"https:\\\/\\\/augier.com\\\/fr\\\/#website\",\"url\":\"https:\\\/\\\/augier.com\\\/fr\\\/\",\"name\":\"AUGIER Energy\",\"description\":\"Just another WordPress site\",\"publisher\":{\"@id\":\"https:\\\/\\\/augier.com\\\/fr\\\/#organization\"},\"potentialAction\":[{\"@type\":\"SearchAction\",\"target\":{\"@type\":\"EntryPoint\",\"urlTemplate\":\"https:\\\/\\\/augier.com\\\/fr\\\/?s={search_term_string}\"},\"query-input\":{\"@type\":\"PropertyValueSpecification\",\"valueRequired\":true,\"valueName\":\"search_term_string\"}}],\"inLanguage\":\"fr-FR\"},{\"@type\":\"Organization\",\"@id\":\"https:\\\/\\\/augier.com\\\/fr\\\/#organization\",\"name\":\"AUGIER Energy\",\"url\":\"https:\\\/\\\/augier.com\\\/fr\\\/\",\"logo\":{\"@type\":\"ImageObject\",\"inLanguage\":\"fr-FR\",\"@id\":\"https:\\\/\\\/augier.com\\\/fr\\\/#\\\/schema\\\/logo\\\/image\\\/\",\"url\":\"https:\\\/\\\/augier.com\\\/wp-content\\\/uploads\\\/2023\\\/03\\\/augier-energy-logo-square.jpg\",\"contentUrl\":\"https:\\\/\\\/augier.com\\\/wp-content\\\/uploads\\\/2023\\\/03\\\/augier-energy-logo-square.jpg\",\"width\":1024,\"height\":1024,\"caption\":\"AUGIER Energy\"},\"image\":{\"@id\":\"https:\\\/\\\/augier.com\\\/fr\\\/#\\\/schema\\\/logo\\\/image\\\/\"},\"sameAs\":[\"https:\\\/\\\/www.youtube.com\\\/channel\\\/UCmnwwRp0ll2eKQ34ZdMlIWQ\",\"https:\\\/\\\/www.linkedin.com\\\/company\\\/5084388\\\/\"]}]}<\/script>\n<!-- \/ Yoast SEO plugin. -->","yoast_head_json":{"title":"Sites \u00e9loign\u00e9s - Augier energy","description":"En cas d'indisponibilit\u00e9 de l'\u00e9nergie \u00e9lectrique \u00e0 proximit\u00e9 d'un r\u00e9cepteur, le transport d'\u00e9nergie d'AUGIER r\u00e9duit les co\u00fbts en diminuant la section du c\u00e2ble.","robots":{"index":"index","follow":"follow","max-snippet":"max-snippet:-1","max-image-preview":"max-image-preview:large","max-video-preview":"max-video-preview:-1"},"canonical":"https:\/\/augier.com\/fr\/applications\/emplacements-eloignes\/","og_locale":"fr_FR","og_type":"article","og_title":"Sites \u00e9loign\u00e9s - Augier energy","og_description":"En cas d'indisponibilit\u00e9 de l'\u00e9nergie \u00e9lectrique \u00e0 proximit\u00e9 d'un r\u00e9cepteur, le transport d'\u00e9nergie d'AUGIER r\u00e9duit les co\u00fbts en diminuant la section du c\u00e2ble.","og_url":"https:\/\/augier.com\/fr\/applications\/emplacements-eloignes\/","og_site_name":"Augier energy","article_modified_time":"2023-03-27T09:05:32+00:00","og_image":[{"width":2000,"height":600,"url":"https:\/\/augier.com\/wp-content\/uploads\/2018\/01\/Alimentation-Sites-eloignes.jpg","type":"image\/jpeg"}],"twitter_card":"summary_large_image","schema":{"@context":"https:\/\/schema.org","@graph":[{"@type":"WebPage","@id":"https:\/\/augier.com\/fr\/applications\/emplacements-eloignes\/","url":"https:\/\/augier.com\/fr\/applications\/emplacements-eloignes\/","name":"Sites \u00e9loign\u00e9s - Augier energy","isPartOf":{"@id":"https:\/\/augier.com\/fr\/#website"},"primaryImageOfPage":{"@id":"https:\/\/augier.com\/fr\/applications\/emplacements-eloignes\/#primaryimage"},"image":{"@id":"https:\/\/augier.com\/fr\/applications\/emplacements-eloignes\/#primaryimage"},"thumbnailUrl":"https:\/\/augier.com\/wp-content\/uploads\/2018\/01\/Alimentation-Sites-eloignes.jpg","datePublished":"2022-06-09T09:18:39+00:00","dateModified":"2023-03-27T09:05:32+00:00","description":"En cas d'indisponibilit\u00e9 de l'\u00e9nergie \u00e9lectrique \u00e0 proximit\u00e9 d'un r\u00e9cepteur, le transport d'\u00e9nergie d'AUGIER r\u00e9duit les co\u00fbts en diminuant la section du c\u00e2ble.","breadcrumb":{"@id":"https:\/\/augier.com\/fr\/applications\/emplacements-eloignes\/#breadcrumb"},"inLanguage":"fr-FR","potentialAction":[{"@type":"ReadAction","target":["https:\/\/augier.com\/fr\/applications\/emplacements-eloignes\/"]}]},{"@type":"ImageObject","inLanguage":"fr-FR","@id":"https:\/\/augier.com\/fr\/applications\/emplacements-eloignes\/#primaryimage","url":"https:\/\/augier.com\/wp-content\/uploads\/2018\/01\/Alimentation-Sites-eloignes.jpg","contentUrl":"https:\/\/augier.com\/wp-content\/uploads\/2018\/01\/Alimentation-Sites-eloignes.jpg","width":2000,"height":600},{"@type":"BreadcrumbList","@id":"https:\/\/augier.com\/fr\/applications\/emplacements-eloignes\/#breadcrumb","itemListElement":[{"@type":"ListItem","position":1,"name":"Home","item":"https:\/\/augier.com\/fr\/"},{"@type":"ListItem","position":2,"name":"Applications","item":"https:\/\/augier.com\/fr\/applications\/"},{"@type":"ListItem","position":3,"name":"Sites \u00e9loign\u00e9s"}]},{"@type":"WebSite","@id":"https:\/\/augier.com\/fr\/#website","url":"https:\/\/augier.com\/fr\/","name":"AUGIER Energy","description":"Just another WordPress site","publisher":{"@id":"https:\/\/augier.com\/fr\/#organization"},"potentialAction":[{"@type":"SearchAction","target":{"@type":"EntryPoint","urlTemplate":"https:\/\/augier.com\/fr\/?s={search_term_string}"},"query-input":{"@type":"PropertyValueSpecification","valueRequired":true,"valueName":"search_term_string"}}],"inLanguage":"fr-FR"},{"@type":"Organization","@id":"https:\/\/augier.com\/fr\/#organization","name":"AUGIER Energy","url":"https:\/\/augier.com\/fr\/","logo":{"@type":"ImageObject","inLanguage":"fr-FR","@id":"https:\/\/augier.com\/fr\/#\/schema\/logo\/image\/","url":"https:\/\/augier.com\/wp-content\/uploads\/2023\/03\/augier-energy-logo-square.jpg","contentUrl":"https:\/\/augier.com\/wp-content\/uploads\/2023\/03\/augier-energy-logo-square.jpg","width":1024,"height":1024,"caption":"AUGIER Energy"},"image":{"@id":"https:\/\/augier.com\/fr\/#\/schema\/logo\/image\/"},"sameAs":["https:\/\/www.youtube.com\/channel\/UCmnwwRp0ll2eKQ34ZdMlIWQ","https:\/\/www.linkedin.com\/company\/5084388\/"]}]}},"_links":{"self":[{"href":"https:\/\/augier.com\/fr\/wp-json\/wp\/v2\/pages\/9433","targetHints":{"allow":["GET"]}}],"collection":[{"href":"https:\/\/augier.com\/fr\/wp-json\/wp\/v2\/pages"}],"about":[{"href":"https:\/\/augier.com\/fr\/wp-json\/wp\/v2\/types\/page"}],"author":[{"embeddable":true,"href":"https:\/\/augier.com\/fr\/wp-json\/wp\/v2\/users\/1"}],"replies":[{"embeddable":true,"href":"https:\/\/augier.com\/fr\/wp-json\/wp\/v2\/comments?post=9433"}],"version-history":[{"count":18,"href":"https:\/\/augier.com\/fr\/wp-json\/wp\/v2\/pages\/9433\/revisions"}],"predecessor-version":[{"id":12173,"href":"https:\/\/augier.com\/fr\/wp-json\/wp\/v2\/pages\/9433\/revisions\/12173"}],"up":[{"embeddable":true,"href":"https:\/\/augier.com\/fr\/wp-json\/wp\/v2\/pages\/9466"}],"wp:featuredmedia":[{"embeddable":true,"href":"https:\/\/augier.com\/fr\/wp-json\/wp\/v2\/media\/5938"}],"wp:attachment":[{"href":"https:\/\/augier.com\/fr\/wp-json\/wp\/v2\/media?parent=9433"}],"curies":[{"name":"wp","href":"https:\/\/api.w.org\/{rel}","templated":true}]}}