{"id":9331,"date":"2022-06-15T11:14:23","date_gmt":"2022-06-15T09:14:23","guid":{"rendered":"https:\/\/augier.com\/references\/"},"modified":"2023-03-27T11:18:54","modified_gmt":"2023-03-27T09:18:54","slug":"references","status":"publish","type":"page","link":"https:\/\/augier.com\/fr\/le-groupe\/references\/","title":{"rendered":"R\u00e9f\u00e9rences"},"content":{"rendered":"<p>[et_pb_section fb_built=\u00a0\u00bb1&Prime; fullwidth=\u00a0\u00bbon\u00a0\u00bb _builder_version=\u00a0\u00bb4.17.3&Prime; _module_preset=\u00a0\u00bbdefault\u00a0\u00bb locked=\u00a0\u00bboff\u00a0\u00bb global_colors_info=\u00a0\u00bb{}\u00a0\u00bb][et_pb_fullwidth_slider show_arrows=\u00a0\u00bboff\u00a0\u00bb show_pagination=\u00a0\u00bboff\u00a0\u00bb arrows_custom_color=\u00a0\u00bb#abc52e\u00a0\u00bb dot_nav_custom_color=\u00a0\u00bb#abc52e\u00a0\u00bb _builder_version=\u00a0\u00bb4.17.4&Prime; _module_preset=\u00a0\u00bbdefault\u00a0\u00bb header_level=\u00a0\u00bbh1&Prime; header_font=\u00a0\u00bb|700|||||||\u00a0\u00bb header_font_size=\u00a0\u00bb40px\u00a0\u00bb header_line_height=\u00a0\u00bb1.2em\u00a0\u00bb background_enable_image=\u00a0\u00bboff\u00a0\u00bb max_height=\u00a0\u00bb42vh\u00a0\u00bb max_height_tablet=\u00a0\u00bb55vh\u00a0\u00bb max_height_phone=\u00a0\u00bb55vh\u00a0\u00bb max_height_last_edited=\u00a0\u00bbon|desktop\u00a0\u00bb global_colors_info=\u00a0\u00bb{}\u00a0\u00bb][et_pb_slide heading=\u00a0\u00bbNos r\u00e9f\u00e9rences \u00e0 travers le monde\u00a0\u00bb _builder_version=\u00a0\u00bb4.17.4&Prime; _module_preset=\u00a0\u00bbdefault\u00a0\u00bb header_level=\u00a0\u00bbh1&Prime; header_font=\u00a0\u00bb|700|||||||\u00a0\u00bb header_font_size=\u00a0\u00bb40px\u00a0\u00bb background_color=\u00a0\u00bbrgba(0,0,0,0.3)\u00a0\u00bb background_enable_color=\u00a0\u00bbon\u00a0\u00bb background_image=\u00a0\u00bbhttps:\/\/augier.com\/wp-content\/uploads\/2018\/01\/References-2000&#215;600-1.jpg\u00a0\u00bb background_enable_image=\u00a0\u00bbon\u00a0\u00bb background_blend=\u00a0\u00bboverlay\u00a0\u00bb global_colors_info=\u00a0\u00bb{}\u00a0\u00bb sticky_transition=\u00a0\u00bbon\u00a0\u00bb][\/et_pb_slide][\/et_pb_fullwidth_slider][\/et_pb_section][et_pb_section fb_built=\u00a0\u00bb1&Prime; _builder_version=\u00a0\u00bb4.17.4&Prime; _module_preset=\u00a0\u00bbdefault\u00a0\u00bb global_colors_info=\u00a0\u00bb{}\u00a0\u00bb][et_pb_row _builder_version=\u00a0\u00bb4.17.4&Prime; _module_preset=\u00a0\u00bbdefault\u00a0\u00bb global_colors_info=\u00a0\u00bb{}\u00a0\u00bb][et_pb_column type=\u00a0\u00bb4_4&Prime; _builder_version=\u00a0\u00bb4.17.4&Prime; _module_preset=\u00a0\u00bbdefault\u00a0\u00bb global_colors_info=\u00a0\u00bb{}\u00a0\u00bb][dsm_breadcrumbs show_home_icon=\u00a0\u00bboff\u00a0\u00bb _builder_version=\u00a0\u00bb4.17.4&Prime; _module_preset=\u00a0\u00bbdefault\u00a0\u00bb global_colors_info=\u00a0\u00bb{}\u00a0\u00bb][\/dsm_breadcrumbs][et_pb_text _builder_version=\u00a0\u00bb4.17.4&Prime; _module_preset=\u00a0\u00bbdefault\u00a0\u00bb global_colors_info=\u00a0\u00bb{}\u00a0\u00bb]<\/p>\n<p>Des a\u00e9roports aux centrales \u00e9lectriques, en passant par les sites militaires et leurs infrastructures, AUGIER Energy est l\u00e0 pour assurer la continuit\u00e9 de service et la s\u00e9curit\u00e9 de l&rsquo;alimentation \u00e9lectrique.<\/p>\n<p>[\/et_pb_text][\/et_pb_column][\/et_pb_row][\/et_pb_section][et_pb_section fb_built=\u00a0\u00bb1&Prime; _builder_version=\u00a0\u00bb4.17.4&Prime; _module_preset=\u00a0\u00bbdefault\u00a0\u00bb background_color=\u00a0\u00bb#f7f7f7&Prime; custom_padding=\u00a0\u00bb||0px||false|false\u00a0\u00bb global_colors_info=\u00a0\u00bb{}\u00a0\u00bb][et_pb_row _builder_version=\u00a0\u00bb4.17.4&Prime; _module_preset=\u00a0\u00bbdefault\u00a0\u00bb global_colors_info=\u00a0\u00bb{}\u00a0\u00bb][et_pb_column type=\u00a0\u00bb4_4&Prime; _builder_version=\u00a0\u00bb4.17.4&Prime; _module_preset=\u00a0\u00bbdefault\u00a0\u00bb global_colors_info=\u00a0\u00bb{}\u00a0\u00bb][et_pb_blog_extras use_category_filterable_blog=\u00a0\u00bbon\u00a0\u00bb posts_number=\u00a0\u00bb12&Prime; include_categories=\u00a0\u00bb62,52,21,20&Prime; blog_layout=\u00a0\u00bbblock_extended\u00a0\u00bb show_more=\u00a0\u00bboff\u00a0\u00bb show_author=\u00a0\u00bboff\u00a0\u00bb show_date=\u00a0\u00bboff\u00a0\u00bb show_categories=\u00a0\u00bboff\u00a0\u00bb show_comments=\u00a0\u00bboff\u00a0\u00bb show_load_more=\u00a0\u00bbon\u00a0\u00bb module_class=\u00a0\u00bbblog-extra-no-data\u00a0\u00bb _builder_version=\u00a0\u00bb4.19.5&Prime; _module_preset=\u00a0\u00bbdefault\u00a0\u00bb header_level=\u00a0\u00bbh4&Prime; header_font_size=\u00a0\u00bb20px\u00a0\u00bb header_line_height=\u00a0\u00bb1.2em\u00a0\u00bb box_shadow_style=\u00a0\u00bbpreset3&Prime; global_colors_info=\u00a0\u00bb{}\u00a0\u00bb][\/et_pb_blog_extras][\/et_pb_column][\/et_pb_row][\/et_pb_section]<\/p>\n","protected":false},"excerpt":{"rendered":"<p><div class=\"et_pb_module dsm_breadcrumbs dsm_breadcrumbs_0\">\n\t\t\t\t\n\t\t\t\t\n\t\t\t\t\n\t\t\t\t\n\t\t\t\t\n\t\t\t\t\n\t\t\t\t<div class=\"et_pb_module_inner\">\n\t\t\t\t\t<nav class=\"dsm_breadcrumbs_wrap\">\n\t\t\t\t<ul class=\"dsm_breadcrumbs\" itemscope itemtype=\"https:\/\/schema.org\/BreadcrumbList\">\t\t\t<li class=\"dsm_breadcrumbs_item dsm_home_item dsm_home_item_custom\" itemprop=\"itemListElement\" itemscope\n\t\t\titemtype=\"https:\/\/schema.org\/ListItem\">\n\t\t\t\t<a href=\"https:\/\/augier.com\/fr\/\" itemprop=\"item\" target=\"\">\n\t\t\t\t\t<span class='dsm_home_text_wrapper'>\n\t\t\t\t\t\t\t\t\t\t\t\t\t<span class=\"dsm_home_text\" itemprop=\"name\">\n\t\t\t\t\t\t\t\tHome\t\t\t\t\t\t\t<\/span>\n\t\t\t\t\t<\/span>\n\t\t\t\t<\/a>\n\t\t\t\t<meta itemprop=\"position\" content=\"1\" \/>\n\t\t\t<\/li>\n\n\t\t<li class=\"dsm_breadcrumbs_separator\"> <span class=\"et-pb-icon dsm_separator_icon\">5<\/span><\/li><\/ul>\n\t\t\t<\/nav>\n\t\t\t\t<\/div>\n\t\t\t<\/div>Des a\u00e9roports aux centrales \u00e9lectriques, en passant par les sites militaires et leurs infrastructures, AUGIER Energy est l\u00e0 pour assurer la continuit\u00e9 de service et la s\u00e9curit\u00e9 de l&rsquo;alimentation \u00e9lectrique.<\/p>\n","protected":false},"author":1,"featured_media":0,"parent":9340,"menu_order":0,"comment_status":"closed","ping_status":"closed","template":"","meta":{"_acf_changed":false,"_et_pb_use_builder":"on","_et_pb_old_content":"","_et_gb_content_width":"","footnotes":""},"class_list":["post-9331","page","type-page","status-publish","hentry"],"acf":[],"yoast_head":"<!-- This site is optimized with the Yoast SEO plugin v27.4 - https:\/\/yoast.com\/product\/yoast-seo-wordpress\/ -->\n<title>R\u00e9f\u00e9rences - Augier energy<\/title>\n<meta name=\"description\" content=\"Des a\u00e9roports aux centrales \u00e9lectriques, en passant par les sites militaires et leurs infrastructures, AUGIER Energy est l\u00e0 pour assurer la continuit\u00e9 de service et la s\u00e9curit\u00e9 de l&#039;alimentation \u00e9lectrique.\" \/>\n<meta name=\"robots\" content=\"index, follow, max-snippet:-1, max-image-preview:large, max-video-preview:-1\" \/>\n<link rel=\"canonical\" href=\"https:\/\/augier.com\/fr\/le-groupe\/references\/\" \/>\n<meta property=\"og:locale\" content=\"fr_FR\" \/>\n<meta property=\"og:type\" content=\"article\" \/>\n<meta property=\"og:title\" content=\"R\u00e9f\u00e9rences - Augier energy\" \/>\n<meta property=\"og:description\" content=\"Des a\u00e9roports aux centrales \u00e9lectriques, en passant par les sites militaires et leurs infrastructures, AUGIER Energy est l\u00e0 pour assurer la continuit\u00e9 de service et la s\u00e9curit\u00e9 de l&#039;alimentation \u00e9lectrique.\" \/>\n<meta property=\"og:url\" content=\"https:\/\/augier.com\/fr\/le-groupe\/references\/\" \/>\n<meta property=\"og:site_name\" content=\"Augier energy\" \/>\n<meta property=\"article:modified_time\" content=\"2023-03-27T09:18:54+00:00\" \/>\n<meta property=\"og:image\" content=\"https:\/\/augier.com\/wp-content\/uploads\/2023\/03\/augier-energy-logo-big.jpg\" \/>\n\t<meta property=\"og:image:width\" content=\"1200\" \/>\n\t<meta property=\"og:image:height\" content=\"675\" \/>\n\t<meta property=\"og:image:type\" content=\"image\/jpeg\" \/>\n<meta name=\"twitter:card\" content=\"summary_large_image\" \/>\n<script type=\"application\/ld+json\" class=\"yoast-schema-graph\">{\"@context\":\"https:\\\/\\\/schema.org\",\"@graph\":[{\"@type\":\"WebPage\",\"@id\":\"https:\\\/\\\/augier.com\\\/fr\\\/le-groupe\\\/references\\\/\",\"url\":\"https:\\\/\\\/augier.com\\\/fr\\\/le-groupe\\\/references\\\/\",\"name\":\"R\u00e9f\u00e9rences - Augier energy\",\"isPartOf\":{\"@id\":\"https:\\\/\\\/augier.com\\\/fr\\\/#website\"},\"datePublished\":\"2022-06-15T09:14:23+00:00\",\"dateModified\":\"2023-03-27T09:18:54+00:00\",\"description\":\"Des a\u00e9roports aux centrales \u00e9lectriques, en passant par les sites militaires et leurs infrastructures, AUGIER Energy est l\u00e0 pour assurer la continuit\u00e9 de service et la s\u00e9curit\u00e9 de l'alimentation \u00e9lectrique.\",\"breadcrumb\":{\"@id\":\"https:\\\/\\\/augier.com\\\/fr\\\/le-groupe\\\/references\\\/#breadcrumb\"},\"inLanguage\":\"fr-FR\",\"potentialAction\":[{\"@type\":\"ReadAction\",\"target\":[\"https:\\\/\\\/augier.com\\\/fr\\\/le-groupe\\\/references\\\/\"]}]},{\"@type\":\"BreadcrumbList\",\"@id\":\"https:\\\/\\\/augier.com\\\/fr\\\/le-groupe\\\/references\\\/#breadcrumb\",\"itemListElement\":[{\"@type\":\"ListItem\",\"position\":1,\"name\":\"Home\",\"item\":\"https:\\\/\\\/augier.com\\\/fr\\\/\"},{\"@type\":\"ListItem\",\"position\":2,\"name\":\"Le groupe\",\"item\":\"https:\\\/\\\/augier.com\\\/fr\\\/le-groupe\\\/\"},{\"@type\":\"ListItem\",\"position\":3,\"name\":\"R\u00e9f\u00e9rences\"}]},{\"@type\":\"WebSite\",\"@id\":\"https:\\\/\\\/augier.com\\\/fr\\\/#website\",\"url\":\"https:\\\/\\\/augier.com\\\/fr\\\/\",\"name\":\"AUGIER Energy\",\"description\":\"Just another WordPress site\",\"publisher\":{\"@id\":\"https:\\\/\\\/augier.com\\\/fr\\\/#organization\"},\"potentialAction\":[{\"@type\":\"SearchAction\",\"target\":{\"@type\":\"EntryPoint\",\"urlTemplate\":\"https:\\\/\\\/augier.com\\\/fr\\\/?s={search_term_string}\"},\"query-input\":{\"@type\":\"PropertyValueSpecification\",\"valueRequired\":true,\"valueName\":\"search_term_string\"}}],\"inLanguage\":\"fr-FR\"},{\"@type\":\"Organization\",\"@id\":\"https:\\\/\\\/augier.com\\\/fr\\\/#organization\",\"name\":\"AUGIER Energy\",\"url\":\"https:\\\/\\\/augier.com\\\/fr\\\/\",\"logo\":{\"@type\":\"ImageObject\",\"inLanguage\":\"fr-FR\",\"@id\":\"https:\\\/\\\/augier.com\\\/fr\\\/#\\\/schema\\\/logo\\\/image\\\/\",\"url\":\"https:\\\/\\\/augier.com\\\/wp-content\\\/uploads\\\/2023\\\/03\\\/augier-energy-logo-square.jpg\",\"contentUrl\":\"https:\\\/\\\/augier.com\\\/wp-content\\\/uploads\\\/2023\\\/03\\\/augier-energy-logo-square.jpg\",\"width\":1024,\"height\":1024,\"caption\":\"AUGIER Energy\"},\"image\":{\"@id\":\"https:\\\/\\\/augier.com\\\/fr\\\/#\\\/schema\\\/logo\\\/image\\\/\"},\"sameAs\":[\"https:\\\/\\\/www.youtube.com\\\/channel\\\/UCmnwwRp0ll2eKQ34ZdMlIWQ\",\"https:\\\/\\\/www.linkedin.com\\\/company\\\/5084388\\\/\"]}]}<\/script>\n<!-- \/ Yoast SEO plugin. -->","yoast_head_json":{"title":"R\u00e9f\u00e9rences - Augier energy","description":"Des a\u00e9roports aux centrales \u00e9lectriques, en passant par les sites militaires et leurs infrastructures, AUGIER Energy est l\u00e0 pour assurer la continuit\u00e9 de service et la s\u00e9curit\u00e9 de l'alimentation \u00e9lectrique.","robots":{"index":"index","follow":"follow","max-snippet":"max-snippet:-1","max-image-preview":"max-image-preview:large","max-video-preview":"max-video-preview:-1"},"canonical":"https:\/\/augier.com\/fr\/le-groupe\/references\/","og_locale":"fr_FR","og_type":"article","og_title":"R\u00e9f\u00e9rences - Augier energy","og_description":"Des a\u00e9roports aux centrales \u00e9lectriques, en passant par les sites militaires et leurs infrastructures, AUGIER Energy est l\u00e0 pour assurer la continuit\u00e9 de service et la s\u00e9curit\u00e9 de l'alimentation \u00e9lectrique.","og_url":"https:\/\/augier.com\/fr\/le-groupe\/references\/","og_site_name":"Augier energy","article_modified_time":"2023-03-27T09:18:54+00:00","og_image":[{"width":1200,"height":675,"url":"https:\/\/augier.com\/wp-content\/uploads\/2023\/03\/augier-energy-logo-big.jpg","type":"image\/jpeg"}],"twitter_card":"summary_large_image","schema":{"@context":"https:\/\/schema.org","@graph":[{"@type":"WebPage","@id":"https:\/\/augier.com\/fr\/le-groupe\/references\/","url":"https:\/\/augier.com\/fr\/le-groupe\/references\/","name":"R\u00e9f\u00e9rences - Augier energy","isPartOf":{"@id":"https:\/\/augier.com\/fr\/#website"},"datePublished":"2022-06-15T09:14:23+00:00","dateModified":"2023-03-27T09:18:54+00:00","description":"Des a\u00e9roports aux centrales \u00e9lectriques, en passant par les sites militaires et leurs infrastructures, AUGIER Energy est l\u00e0 pour assurer la continuit\u00e9 de service et la s\u00e9curit\u00e9 de l'alimentation \u00e9lectrique.","breadcrumb":{"@id":"https:\/\/augier.com\/fr\/le-groupe\/references\/#breadcrumb"},"inLanguage":"fr-FR","potentialAction":[{"@type":"ReadAction","target":["https:\/\/augier.com\/fr\/le-groupe\/references\/"]}]},{"@type":"BreadcrumbList","@id":"https:\/\/augier.com\/fr\/le-groupe\/references\/#breadcrumb","itemListElement":[{"@type":"ListItem","position":1,"name":"Home","item":"https:\/\/augier.com\/fr\/"},{"@type":"ListItem","position":2,"name":"Le groupe","item":"https:\/\/augier.com\/fr\/le-groupe\/"},{"@type":"ListItem","position":3,"name":"R\u00e9f\u00e9rences"}]},{"@type":"WebSite","@id":"https:\/\/augier.com\/fr\/#website","url":"https:\/\/augier.com\/fr\/","name":"AUGIER Energy","description":"Just another WordPress site","publisher":{"@id":"https:\/\/augier.com\/fr\/#organization"},"potentialAction":[{"@type":"SearchAction","target":{"@type":"EntryPoint","urlTemplate":"https:\/\/augier.com\/fr\/?s={search_term_string}"},"query-input":{"@type":"PropertyValueSpecification","valueRequired":true,"valueName":"search_term_string"}}],"inLanguage":"fr-FR"},{"@type":"Organization","@id":"https:\/\/augier.com\/fr\/#organization","name":"AUGIER Energy","url":"https:\/\/augier.com\/fr\/","logo":{"@type":"ImageObject","inLanguage":"fr-FR","@id":"https:\/\/augier.com\/fr\/#\/schema\/logo\/image\/","url":"https:\/\/augier.com\/wp-content\/uploads\/2023\/03\/augier-energy-logo-square.jpg","contentUrl":"https:\/\/augier.com\/wp-content\/uploads\/2023\/03\/augier-energy-logo-square.jpg","width":1024,"height":1024,"caption":"AUGIER Energy"},"image":{"@id":"https:\/\/augier.com\/fr\/#\/schema\/logo\/image\/"},"sameAs":["https:\/\/www.youtube.com\/channel\/UCmnwwRp0ll2eKQ34ZdMlIWQ","https:\/\/www.linkedin.com\/company\/5084388\/"]}]}},"_links":{"self":[{"href":"https:\/\/augier.com\/fr\/wp-json\/wp\/v2\/pages\/9331","targetHints":{"allow":["GET"]}}],"collection":[{"href":"https:\/\/augier.com\/fr\/wp-json\/wp\/v2\/pages"}],"about":[{"href":"https:\/\/augier.com\/fr\/wp-json\/wp\/v2\/types\/page"}],"author":[{"embeddable":true,"href":"https:\/\/augier.com\/fr\/wp-json\/wp\/v2\/users\/1"}],"replies":[{"embeddable":true,"href":"https:\/\/augier.com\/fr\/wp-json\/wp\/v2\/comments?post=9331"}],"version-history":[{"count":11,"href":"https:\/\/augier.com\/fr\/wp-json\/wp\/v2\/pages\/9331\/revisions"}],"predecessor-version":[{"id":12221,"href":"https:\/\/augier.com\/fr\/wp-json\/wp\/v2\/pages\/9331\/revisions\/12221"}],"up":[{"embeddable":true,"href":"https:\/\/augier.com\/fr\/wp-json\/wp\/v2\/pages\/9340"}],"wp:attachment":[{"href":"https:\/\/augier.com\/fr\/wp-json\/wp\/v2\/media?parent=9331"}],"curies":[{"name":"wp","href":"https:\/\/api.w.org\/{rel}","templated":true}]}}