{"id":9328,"date":"2022-04-27T09:40:25","date_gmt":"2022-04-27T07:40:25","guid":{"rendered":"https:\/\/augier.com\/contacts\/"},"modified":"2025-09-15T13:50:46","modified_gmt":"2025-09-15T11:50:46","slug":"contacts","status":"publish","type":"page","link":"https:\/\/augier.com\/fr\/contacts\/","title":{"rendered":"Contacts"},"content":{"rendered":"<p>[et_pb_section fb_built=\u00a0\u00bb1&Prime; fullwidth=\u00a0\u00bbon\u00a0\u00bb _builder_version=\u00a0\u00bb4.17.3&Prime; _module_preset=\u00a0\u00bbdefault\u00a0\u00bb locked=\u00a0\u00bboff\u00a0\u00bb global_colors_info=\u00a0\u00bb{}\u00a0\u00bb][et_pb_fullwidth_slider show_arrows=\u00a0\u00bboff\u00a0\u00bb show_pagination=\u00a0\u00bboff\u00a0\u00bb arrows_custom_color=\u00a0\u00bb#abc52e\u00a0\u00bb dot_nav_custom_color=\u00a0\u00bb#abc52e\u00a0\u00bb _builder_version=\u00a0\u00bb4.17.4&Prime; _module_preset=\u00a0\u00bbdefault\u00a0\u00bb header_level=\u00a0\u00bbh1&Prime; header_font=\u00a0\u00bb|700|||||||\u00a0\u00bb header_font_size=\u00a0\u00bb40px\u00a0\u00bb header_line_height=\u00a0\u00bb1.2em\u00a0\u00bb background_enable_image=\u00a0\u00bboff\u00a0\u00bb max_height=\u00a0\u00bb42vh\u00a0\u00bb max_height_tablet=\u00a0\u00bb55vh\u00a0\u00bb max_height_phone=\u00a0\u00bb55vh\u00a0\u00bb max_height_last_edited=\u00a0\u00bbon|desktop\u00a0\u00bb global_colors_info=\u00a0\u00bb{}\u00a0\u00bb][et_pb_slide heading=\u00a0\u00bbNous contacter\u00a0\u00bb _builder_version=\u00a0\u00bb4.17.4&Prime; _module_preset=\u00a0\u00bbdefault\u00a0\u00bb header_level=\u00a0\u00bbh1&Prime; header_font=\u00a0\u00bb|700|||||||\u00a0\u00bb header_font_size=\u00a0\u00bb40px\u00a0\u00bb background_color=\u00a0\u00bbrgba(0,0,0,0.3)\u00a0\u00bb background_enable_color=\u00a0\u00bbon\u00a0\u00bb background_image=\u00a0\u00bbhttps:\/\/augier.com\/wp-content\/uploads\/2018\/01\/Contacter-Augier-Energy-Distribution-et-Transport-2000&#215;600-1.jpg\u00a0\u00bb background_enable_image=\u00a0\u00bbon\u00a0\u00bb background_blend=\u00a0\u00bboverlay\u00a0\u00bb global_colors_info=\u00a0\u00bb{}\u00a0\u00bb sticky_transition=\u00a0\u00bbon\u00a0\u00bb][\/et_pb_slide][\/et_pb_fullwidth_slider][\/et_pb_section][et_pb_section fb_built=\u00a0\u00bb1&Prime; _builder_version=\u00a0\u00bb4.17.4&Prime; _module_preset=\u00a0\u00bbdefault\u00a0\u00bb global_colors_info=\u00a0\u00bb{}\u00a0\u00bb][et_pb_row column_structure=\u00a0\u00bb1_2,1_2&Prime; _builder_version=\u00a0\u00bb4.17.4&Prime; _module_preset=\u00a0\u00bbdefault\u00a0\u00bb custom_padding=\u00a0\u00bb||0px||false|false\u00a0\u00bb global_colors_info=\u00a0\u00bb{}\u00a0\u00bb][et_pb_column type=\u00a0\u00bb1_2&Prime; _builder_version=\u00a0\u00bb4.17.4&Prime; _module_preset=\u00a0\u00bbdefault\u00a0\u00bb global_colors_info=\u00a0\u00bb{}\u00a0\u00bb][dsm_dual_heading before_text=\u00a0\u00bbN&rsquo;H\u00c9SITEZ PAS \u00c0 \u00a0\u00bb middle_text=\u00a0\u00bbNOUS CONTACTER\u00a0\u00bb _builder_version=\u00a0\u00bb4.17.4&Prime; _module_preset=\u00a0\u00bbdefault\u00a0\u00bb header_text_color=\u00a0\u00bb#666666&Prime; before_text_color=\u00a0\u00bb#00abe3&Prime; middle_text_color=\u00a0\u00bb#666666&Prime; global_colors_info=\u00a0\u00bb{}\u00a0\u00bb][\/dsm_dual_heading][dsm_icon_list icon_gap_width=\u00a0\u00bb1.2em\u00a0\u00bb icon_padding=\u00a0\u00bb0px\u00a0\u00bb icon_font_size=\u00a0\u00bb18px\u00a0\u00bb _builder_version=\u00a0\u00bb4.20.2&Prime; _module_preset=\u00a0\u00bbdefault\u00a0\u00bb global_colors_info=\u00a0\u00bb{}\u00a0\u00bb][dsm_icon_list_child text=\u00a0\u00bb+33 4 92 08 62 00&Prime; font_icon=\u00a0\u00bb&#xf879;||fa||900&Prime; _builder_version=\u00a0\u00bb4.19.5&Prime; _module_preset=\u00a0\u00bbdefault\u00a0\u00bb global_colors_info=\u00a0\u00bb{}\u00a0\u00bb][\/dsm_icon_list_child][dsm_icon_list_child text=\u00a0\u00bbhome@augier.com\u00a0\u00bb font_icon=\u00a0\u00bb&#xf0e0;||fa||900&Prime; url=\u00a0\u00bbmailto:home@augier.com\u00a0\u00bb _builder_version=\u00a0\u00bb4.20.2&Prime; _module_preset=\u00a0\u00bbdefault\u00a0\u00bb global_colors_info=\u00a0\u00bb{}\u00a0\u00bb][\/dsm_icon_list_child][\/dsm_icon_list][dsm_button _builder_version=\u00a0\u00bb4.17.4&Prime; _module_preset=\u00a0\u00bbdefault\u00a0\u00bb global_colors_info=\u00a0\u00bb{}\u00a0\u00bb][\/dsm_button][et_pb_button button_url=\u00a0\u00bb@ET-DC@eyJkeW5hbWljIjp0cnVlLCJjb250ZW50IjoicG9zdF9saW5rX3VybF9wYWdlIiwic2V0dGluZ3MiOnsicG9zdF9pZCI6Ijg4NzkifX0=@\u00a0\u00bb button_text=\u00a0\u00bbPour mon projet, faites appel \u00e0 un expert\u00a0\u00bb _builder_version=\u00a0\u00bb4.27.4&Prime; _dynamic_attributes=\u00a0\u00bbbutton_url\u00a0\u00bb _module_preset=\u00a0\u00bbdefault\u00a0\u00bb global_colors_info=\u00a0\u00bb{}\u00a0\u00bb][\/et_pb_button][et_pb_button button_url=\u00a0\u00bb@ET-DC@eyJkeW5hbWljIjp0cnVlLCJjb250ZW50IjoicG9zdF9saW5rX3VybF9wYWdlIiwic2V0dGluZ3MiOnsicG9zdF9pZCI6IjExNTAzIn19@\u00a0\u00bb button_text=\u00a0\u00bbCarri\u00e8res\u00a0\u00bb _builder_version=\u00a0\u00bb4.20.0&Prime; _dynamic_attributes=\u00a0\u00bbbutton_url\u00a0\u00bb _module_preset=\u00a0\u00bbdefault\u00a0\u00bb global_colors_info=\u00a0\u00bb{}\u00a0\u00bb][\/et_pb_button][\/et_pb_column][et_pb_column type=\u00a0\u00bb1_2&Prime; _builder_version=\u00a0\u00bb4.17.4&Prime; _module_preset=\u00a0\u00bbdefault\u00a0\u00bb global_colors_info=\u00a0\u00bb{}\u00a0\u00bb][et_pb_text _builder_version=\u00a0\u00bb4.17.4&Prime; _module_preset=\u00a0\u00bbdefault\u00a0\u00bb global_colors_info=\u00a0\u00bb{}\u00a0\u00bb]<\/p>\n<p><span>N&rsquo;h\u00e9sitez pas \u00e0 nous envoyer votre demande, nos experts vous r\u00e9pondront d\u00e8s que possible.<\/span><\/p>\n<p>[\/et_pb_text][dsm_contact_form_7 cf7_library=\u00a0\u00bb8886&Prime; input_background_color=\u00a0\u00bb#f7f7f7&Prime; _builder_version=\u00a0\u00bb4.27.4&Prime; _module_preset=\u00a0\u00bbdefault\u00a0\u00bb custom_button_one=\u00a0\u00bbon\u00a0\u00bb button_one_text_color=\u00a0\u00bb#FFFFFF\u00a0\u00bb display_conditions=\u00a0\u00bbW3siaWQiOiIyYTdkNTljMi0wN2EzLTQ5MzAtOWEyMS04ZjM0YmZjNjE5MGIiLCJjb25kaXRpb24iOiJ1cmxQYXJhbWV0ZXIiLCJjb25kaXRpb25TZXR0aW5ncyI6eyJzZWxlY3RVcmxQYXJhbWV0ZXIiOiJzcGVjaWZpY1VybFBhcmFtZXRlciIsInVybFBhcmFtZXRlck5hbWUiOiJ5b3VyLWludGVyZXN0IiwiZGlzcGxheVJ1bGUiOiJkb2VzTm90RXhpc3QiLCJ1cmxQYXJhbWV0ZXJWYWx1ZSI6IlZhbGV1ciBkdSBwYXJhbcOodHJlIGQmIzAzOTtVUkwiLCJhZG1pbkxhYmVsIjoiUGFyYW3DqHRyZSBkJiMwMzk7VVJMIiwiZW5hYmxlQ29uZGl0aW9uIjoib24ifSwib3BlcmF0b3IiOiJPUiJ9XQ==\u00a0\u00bb hover_enabled=\u00a0\u00bb0&Prime; border_radii_image=\u00a0\u00bbon|5px|5px|5px|5px\u00a0\u00bb global_colors_info=\u00a0\u00bb{}\u00a0\u00bb sticky_enabled=\u00a0\u00bb0&Prime;][\/dsm_contact_form_7][dsm_contact_form_7 cf7_library=\u00a0\u00bb13776&Prime; input_background_color=\u00a0\u00bb#f7f7f7&Prime; _builder_version=\u00a0\u00bb4.27.4&Prime; _module_preset=\u00a0\u00bbdefault\u00a0\u00bb custom_button_one=\u00a0\u00bbon\u00a0\u00bb button_one_text_color=\u00a0\u00bb#FFFFFF\u00a0\u00bb display_conditions=\u00a0\u00bbW3siaWQiOiIyYTdkNTljMi0wN2EzLTQ5MzAtOWEyMS04ZjM0YmZjNjE5MGIiLCJjb25kaXRpb24iOiJ1cmxQYXJhbWV0ZXIiLCJjb25kaXRpb25TZXR0aW5ncyI6eyJzZWxlY3RVcmxQYXJhbWV0ZXIiOiJzcGVjaWZpY1VybFBhcmFtZXRlciIsInVybFBhcmFtZXRlck5hbWUiOiJ5b3VyLWludGVyZXN0IiwiZGlzcGxheVJ1bGUiOiJleGlzdCIsInVybFBhcmFtZXRlclZhbHVlIjoiVmFsZXVyIGR1IHBhcmFtw6h0cmUgZCYjMDM5O1VSTCIsImFkbWluTGFiZWwiOiJQYXJhbcOodHJlIGQmIzAzOTtVUkwiLCJlbmFibGVDb25kaXRpb24iOiJvbiJ9LCJvcGVyYXRvciI6Ik9SIn1d\u00a0\u00bb hover_enabled=\u00a0\u00bb0&Prime; border_radii_image=\u00a0\u00bbon|5px|5px|5px|5px\u00a0\u00bb global_colors_info=\u00a0\u00bb{}\u00a0\u00bb sticky_enabled=\u00a0\u00bb0&Prime;][\/dsm_contact_form_7][\/et_pb_column][\/et_pb_row][\/et_pb_section]<\/p>\n","protected":false},"excerpt":{"rendered":"<p><div class=\"et_pb_module dsm_dual_heading dsm_dual_heading_0  et_pb_bg_layout_light\">\n\t\t\t\t\n\t\t\t\t\n\t\t\t\t\n\t\t\t\t\n\t\t\t\t\n\t\t\t\t\n\t\t\t\t<div class=\"et_pb_module_inner\">\n\t\t\t\t\t<h2 class=\"dsm-dual-heading-main et_pb_module_header\"><span class=\"dsm-dual-heading-before\">N'H\u00c9SITEZ PAS \u00c0 <\/span><span class=\"dsm-dual-heading-middle\">NOUS CONTACTER<\/span><\/h2>\n\t\t\t\t<\/div>\n\t\t\t<\/div><div class=\"et_pb_module dsm_icon_list dsm_icon_list_0\">\n\t\t\t\t\n\t\t\t\t\n\t\t\t\t\n\t\t\t\t\n\t\t\t\t\n\t\t\t\t\n\t\t\t\t<div class=\"et_pb_module_inner\">\n\t\t\t\t\t<ul class=\"dsm_icon_list_items dsm_icon_list_ltr_direction dsm_icon_list_layout_vertical\"><li class=\"dsm_icon_list_child dsm_icon_list_child_0\">\n\t\t\t\t\n\t\t\t\t\n\t\t\t\t\n\t\t\t\t\n\t\t\t\t<span class=\"dsm_icon_list_wrapper\"><span class=\"dsm_icon_list_icon\">\uf879<\/span><\/span><span class=\"dsm_icon_list_text\">+33 4 92 08 62 00<\/span>\n\t\t\t<\/li><li class=\"dsm_icon_list_child dsm_icon_list_child_1\">\n\t\t\t\t\n\t\t\t\t\n\t\t\t\t\n\t\t\t\t\n\t\t\t\t<a href=\"mailto:home@augier.com\"><span class=\"dsm_icon_list_wrapper\"><span class=\"dsm_icon_list_icon\">\uf0e0<\/span><\/span><span class=\"dsm_icon_list_text\">home@augier.com<\/span><\/a>\n\t\t\t<\/li><\/ul>\n\t\t\t\t<\/div>\n\t\t\t<\/div><div class=\"et_pb_module dsm_button dsm_button_0 et_pb_bg_layout_light\">\n\t\t\t\t\n\t\t\t\t\n\t\t\t\t\n\t\t\t\t\n\t\t\t\t\n\t\t\t\t\n\t\t\t\t<div class=\"et_pb_module_inner\">\n\t\t\t\t\t<div class=\"et_pb_button_module_wrappers dsm_button_0_wrapper  et_pb_module\">\n\t\t\t\t\n\t\t\t<\/div>\n\t\t\t\t<\/div>\n\t\t\t<\/div>N&rsquo;h\u00e9sitez pas \u00e0 nous envoyer votre demande, nos experts vous r\u00e9pondront d\u00e8s que possible.<div class=\"et_pb_module dsm_contact_form_7 dsm_contact_form_7_0\">\n\t\t\t\t\n\t\t\t\t\n\t\t\t\t\n\t\t\t\t\n\t\t\t\t\n\t\t\t\t\n\t\t\t\t<div class=\"et_pb_module_inner\">\n\t\t\t\t\t<div class=\"\">\n\t\t\t\t\n<div class=\"wpcf7 no-js\" id=\"wpcf7-f10017-o1\" lang=\"fr-FR\" dir=\"ltr\" data-wpcf7-id=\"10017\">\n<div class=\"screen-reader-response\"><p role=\"status\" aria-live=\"polite\" aria-atomic=\"true\"><\/p> <ul><\/ul><\/div>\n<form action=\"\/fr\/wp-json\/wp\/v2\/pages\/9328#wpcf7-f10017-o1\" method=\"post\" class=\"wpcf7-form init\" aria-label=\"Formulaire de contact\" novalidate=\"novalidate\" data-status=\"init\">\n<fieldset class=\"hidden-fields-container\"><input type=\"hidden\" name=\"_wpcf7\" value=\"10017\" \/><input type=\"hidden\" name=\"_wpcf7_version\" value=\"6.1.5\" \/><input type=\"hidden\" name=\"_wpcf7_locale\" value=\"fr_FR\" \/><input type=\"hidden\" name=\"_wpcf7_unit_tag\" value=\"wpcf7-f10017-o1\" \/><input type=\"hidden\" name=\"_wpcf7_container_post\" value=\"0\" \/><input type=\"hidden\" name=\"_wpcf7_posted_data_hash\" value=\"\" \/><input type=\"hidden\" name=\"_wpcf7cf_hidden_group_fields\" value=\"[]\" \/><input type=\"hidden\" name=\"_wpcf7cf_hidden_groups\" value=\"[]\" \/><input type=\"hidden\" name=\"_wpcf7cf_visible_groups\" value=\"[]\" \/><input type=\"hidden\" name=\"_wpcf7cf_repeaters\" value=\"[]\" \/><input type=\"hidden\" name=\"_wpcf7cf_steps\" value=\"{}\" \/><input type=\"hidden\" name=\"_wpcf7cf_options\" value=\"{&quot;form_id&quot;:10017,&quot;conditions&quot;:[],&quot;settings&quot;:{&quot;animation&quot;:&quot;yes&quot;,&quot;animation_intime&quot;:200,&quot;animation_outtime&quot;:200,&quot;conditions_ui&quot;:&quot;normal&quot;,&quot;notice_dismissed&quot;:false}}\" \/>\n<\/fieldset>\n<p><span class=\"wpcf7-form-control-wrap\" data-name=\"your-name\"><input size=\"40\" maxlength=\"400\" class=\"wpcf7-form-control wpcf7-text wpcf7-validates-as-required\" aria-required=\"true\" aria-invalid=\"false\" placeholder=\"Votre nom *\" value=\"\" type=\"text\" name=\"your-name\" \/><\/span>\n<\/p>\n<p><span class=\"wpcf7-form-control-wrap\" data-name=\"your-email\"><input size=\"40\" maxlength=\"400\" class=\"wpcf7-form-control wpcf7-email wpcf7-validates-as-required wpcf7-text wpcf7-validates-as-email\" aria-required=\"true\" aria-invalid=\"false\" placeholder=\"Adresse mail *\" value=\"\" type=\"email\" name=\"your-email\" \/><\/span>\n<\/p>\n<p><span class=\"wpcf7-form-control-wrap\" data-name=\"your-country\"><input size=\"40\" maxlength=\"400\" class=\"wpcf7-form-control wpcf7-text\" aria-invalid=\"false\" placeholder=\"Votre pays\" value=\"\" type=\"text\" name=\"your-country\" \/><\/span>\n<\/p>\n<p><span class=\"wpcf7-form-control-wrap\" data-name=\"your-company\"><input size=\"40\" maxlength=\"400\" class=\"wpcf7-form-control wpcf7-text\" aria-invalid=\"false\" placeholder=\"Votre soci\u00e9t\u00e9\" value=\"\" type=\"text\" name=\"your-company\" \/><\/span>\n<\/p>\n<p><span class=\"wpcf7-form-control-wrap\" data-name=\"your-phone\"><input size=\"40\" maxlength=\"400\" class=\"wpcf7-form-control wpcf7-text\" aria-invalid=\"false\" placeholder=\"T\u00e9l\u00e9phone\" value=\"\" type=\"text\" name=\"your-phone\" \/><\/span>\n<\/p>\n<p><span class=\"wpcf7-form-control-wrap\" data-name=\"your-message\"><textarea cols=\"40\" rows=\"10\" maxlength=\"500\" minlength=\"20\" class=\"wpcf7-form-control wpcf7-textarea wpcf7-validates-as-required\" aria-required=\"true\" aria-invalid=\"false\" placeholder=\"Message *\" name=\"your-message\"><\/textarea><\/span>\n<\/p>\n<p><label>Politique de confidentialit\u00e9 (*)<\/label>\n<\/p>\n<p><span class=\"wpcf7-form-control-wrap\" data-name=\"acceptance-privacy\"><span class=\"wpcf7-form-control wpcf7-acceptance\"><span class=\"wpcf7-list-item\"><input type=\"checkbox\" name=\"acceptance-privacy\" value=\"1\" aria-invalid=\"false\" \/><\/span><\/span><\/span> J'ai lu et j'accepte les conditions et la <a href=\"https:\/\/augier.com\/legal-informations\/\" style=\"text-decoration: underline;\" target=\"_blank\">politique de confidentialit\u00e9<\/a> de ce site (*)\n<\/p>\n<p><br \/>\n<span class=\"wpcf7-form-control-wrap\" data-name=\"your-consent\"><span class=\"wpcf7-form-control wpcf7-acceptance\"><span class=\"wpcf7-list-item\"><input type=\"checkbox\" name=\"your-consent\" value=\"1\" aria-invalid=\"false\" \/><\/span><\/span><\/span> J'accepte d'\u00eatre recontact\u00e9 par AUGIER S.A.S. (*)\n<\/p>\n<p><button class=\"wpcf7-form-control wpcf7-submit has-spinner et_pb_button et_pb_bg_layout_light\" type=\"submit\" value=\"Envoyer\">Envoyer<\/button>\n<\/p><input type=\"hidden\" id=\"ct_checkjs_cf7_ac627ab1ccbdb62ec96e702f07f6425b\" name=\"ct_checkjs_cf7\" value=\"0\" \/><input\n                    class=\"apbct_special_field apbct_email_id__wp_contact_form_7\"\n                    name=\"apbct__email_id__wp_contact_form_7\"\n                    aria-label=\"apbct__label_id__wp_contact_form_7\"\n                    type=\"text\" size=\"30\" maxlength=\"200\" autocomplete=\"off\"\n                    value=\"\"\n                \/><div class=\"wpcf7-response-output\" aria-hidden=\"true\"><\/div>\n<\/form>\n<\/div>\n\n\t\t\t<\/div>\n\t\t\t\t<\/div>\n\t\t\t<\/div><div class=\"et_pb_module dsm_contact_form_7 dsm_contact_form_7_1\">\n\t\t\t\t\n\t\t\t\t\n\t\t\t\t\n\t\t\t\t\n\t\t\t\t\n\t\t\t\t\n\t\t\t\t<div class=\"et_pb_module_inner\">\n\t\t\t\t\t\n\t\t\t\t<\/div>\n\t\t\t<\/div><\/p>\n","protected":false},"author":1,"featured_media":6068,"parent":0,"menu_order":0,"comment_status":"closed","ping_status":"closed","template":"","meta":{"_acf_changed":false,"_et_pb_use_builder":"on","_et_pb_old_content":"","_et_gb_content_width":"","footnotes":""},"class_list":["post-9328","page","type-page","status-publish","has-post-thumbnail","hentry"],"acf":[],"yoast_head":"<!-- This site is optimized with the Yoast SEO plugin v27.4 - https:\/\/yoast.com\/product\/yoast-seo-wordpress\/ -->\n<title>Contacts - Augier energy<\/title>\n<meta name=\"description\" content=\"N&#039;h\u00e9sitez pas \u00e0 nous envoyer votre demande, nos experts vous r\u00e9pondront d\u00e8s que possible.\" \/>\n<meta name=\"robots\" content=\"index, follow, max-snippet:-1, max-image-preview:large, max-video-preview:-1\" \/>\n<link rel=\"canonical\" href=\"https:\/\/augier.com\/fr\/contacts\/\" \/>\n<meta property=\"og:locale\" content=\"fr_FR\" \/>\n<meta property=\"og:type\" content=\"article\" \/>\n<meta property=\"og:title\" content=\"Contacts - Augier energy\" \/>\n<meta property=\"og:description\" content=\"N&#039;h\u00e9sitez pas \u00e0 nous envoyer votre demande, nos experts vous r\u00e9pondront d\u00e8s que possible.\" \/>\n<meta property=\"og:url\" content=\"https:\/\/augier.com\/fr\/contacts\/\" \/>\n<meta property=\"og:site_name\" content=\"Augier energy\" \/>\n<meta property=\"article:modified_time\" content=\"2025-09-15T11:50:46+00:00\" \/>\n<meta property=\"og:image\" content=\"https:\/\/augier.com\/wp-content\/uploads\/2018\/01\/Contacter-Augier-Energy-Distribution-et-Transport-2000x600-1.jpg\" \/>\n\t<meta property=\"og:image:width\" content=\"2000\" \/>\n\t<meta property=\"og:image:height\" content=\"601\" \/>\n\t<meta property=\"og:image:type\" content=\"image\/jpeg\" \/>\n<meta name=\"twitter:card\" content=\"summary_large_image\" \/>\n<script type=\"application\/ld+json\" class=\"yoast-schema-graph\">{\"@context\":\"https:\\\/\\\/schema.org\",\"@graph\":[{\"@type\":\"WebPage\",\"@id\":\"https:\\\/\\\/augier.com\\\/fr\\\/contacts\\\/\",\"url\":\"https:\\\/\\\/augier.com\\\/fr\\\/contacts\\\/\",\"name\":\"Contacts - Augier energy\",\"isPartOf\":{\"@id\":\"https:\\\/\\\/augier.com\\\/fr\\\/#website\"},\"primaryImageOfPage\":{\"@id\":\"https:\\\/\\\/augier.com\\\/fr\\\/contacts\\\/#primaryimage\"},\"image\":{\"@id\":\"https:\\\/\\\/augier.com\\\/fr\\\/contacts\\\/#primaryimage\"},\"thumbnailUrl\":\"https:\\\/\\\/augier.com\\\/wp-content\\\/uploads\\\/2018\\\/01\\\/Contacter-Augier-Energy-Distribution-et-Transport-2000x600-1.jpg\",\"datePublished\":\"2022-04-27T07:40:25+00:00\",\"dateModified\":\"2025-09-15T11:50:46+00:00\",\"description\":\"N'h\u00e9sitez pas \u00e0 nous envoyer votre demande, nos experts vous r\u00e9pondront d\u00e8s que possible.\",\"breadcrumb\":{\"@id\":\"https:\\\/\\\/augier.com\\\/fr\\\/contacts\\\/#breadcrumb\"},\"inLanguage\":\"fr-FR\",\"potentialAction\":[{\"@type\":\"ReadAction\",\"target\":[\"https:\\\/\\\/augier.com\\\/fr\\\/contacts\\\/\"]}]},{\"@type\":\"ImageObject\",\"inLanguage\":\"fr-FR\",\"@id\":\"https:\\\/\\\/augier.com\\\/fr\\\/contacts\\\/#primaryimage\",\"url\":\"https:\\\/\\\/augier.com\\\/wp-content\\\/uploads\\\/2018\\\/01\\\/Contacter-Augier-Energy-Distribution-et-Transport-2000x600-1.jpg\",\"contentUrl\":\"https:\\\/\\\/augier.com\\\/wp-content\\\/uploads\\\/2018\\\/01\\\/Contacter-Augier-Energy-Distribution-et-Transport-2000x600-1.jpg\",\"width\":2000,\"height\":601},{\"@type\":\"BreadcrumbList\",\"@id\":\"https:\\\/\\\/augier.com\\\/fr\\\/contacts\\\/#breadcrumb\",\"itemListElement\":[{\"@type\":\"ListItem\",\"position\":1,\"name\":\"Home\",\"item\":\"https:\\\/\\\/augier.com\\\/fr\\\/\"},{\"@type\":\"ListItem\",\"position\":2,\"name\":\"Contacts\"}]},{\"@type\":\"WebSite\",\"@id\":\"https:\\\/\\\/augier.com\\\/fr\\\/#website\",\"url\":\"https:\\\/\\\/augier.com\\\/fr\\\/\",\"name\":\"AUGIER Energy\",\"description\":\"Just another WordPress site\",\"publisher\":{\"@id\":\"https:\\\/\\\/augier.com\\\/fr\\\/#organization\"},\"potentialAction\":[{\"@type\":\"SearchAction\",\"target\":{\"@type\":\"EntryPoint\",\"urlTemplate\":\"https:\\\/\\\/augier.com\\\/fr\\\/?s={search_term_string}\"},\"query-input\":{\"@type\":\"PropertyValueSpecification\",\"valueRequired\":true,\"valueName\":\"search_term_string\"}}],\"inLanguage\":\"fr-FR\"},{\"@type\":\"Organization\",\"@id\":\"https:\\\/\\\/augier.com\\\/fr\\\/#organization\",\"name\":\"AUGIER Energy\",\"url\":\"https:\\\/\\\/augier.com\\\/fr\\\/\",\"logo\":{\"@type\":\"ImageObject\",\"inLanguage\":\"fr-FR\",\"@id\":\"https:\\\/\\\/augier.com\\\/fr\\\/#\\\/schema\\\/logo\\\/image\\\/\",\"url\":\"https:\\\/\\\/augier.com\\\/wp-content\\\/uploads\\\/2023\\\/03\\\/augier-energy-logo-square.jpg\",\"contentUrl\":\"https:\\\/\\\/augier.com\\\/wp-content\\\/uploads\\\/2023\\\/03\\\/augier-energy-logo-square.jpg\",\"width\":1024,\"height\":1024,\"caption\":\"AUGIER Energy\"},\"image\":{\"@id\":\"https:\\\/\\\/augier.com\\\/fr\\\/#\\\/schema\\\/logo\\\/image\\\/\"},\"sameAs\":[\"https:\\\/\\\/www.youtube.com\\\/channel\\\/UCmnwwRp0ll2eKQ34ZdMlIWQ\",\"https:\\\/\\\/www.linkedin.com\\\/company\\\/5084388\\\/\"]}]}<\/script>\n<!-- \/ Yoast SEO plugin. -->","yoast_head_json":{"title":"Contacts - Augier energy","description":"N'h\u00e9sitez pas \u00e0 nous envoyer votre demande, nos experts vous r\u00e9pondront d\u00e8s que possible.","robots":{"index":"index","follow":"follow","max-snippet":"max-snippet:-1","max-image-preview":"max-image-preview:large","max-video-preview":"max-video-preview:-1"},"canonical":"https:\/\/augier.com\/fr\/contacts\/","og_locale":"fr_FR","og_type":"article","og_title":"Contacts - Augier energy","og_description":"N'h\u00e9sitez pas \u00e0 nous envoyer votre demande, nos experts vous r\u00e9pondront d\u00e8s que possible.","og_url":"https:\/\/augier.com\/fr\/contacts\/","og_site_name":"Augier energy","article_modified_time":"2025-09-15T11:50:46+00:00","og_image":[{"width":2000,"height":601,"url":"https:\/\/augier.com\/wp-content\/uploads\/2018\/01\/Contacter-Augier-Energy-Distribution-et-Transport-2000x600-1.jpg","type":"image\/jpeg"}],"twitter_card":"summary_large_image","schema":{"@context":"https:\/\/schema.org","@graph":[{"@type":"WebPage","@id":"https:\/\/augier.com\/fr\/contacts\/","url":"https:\/\/augier.com\/fr\/contacts\/","name":"Contacts - Augier energy","isPartOf":{"@id":"https:\/\/augier.com\/fr\/#website"},"primaryImageOfPage":{"@id":"https:\/\/augier.com\/fr\/contacts\/#primaryimage"},"image":{"@id":"https:\/\/augier.com\/fr\/contacts\/#primaryimage"},"thumbnailUrl":"https:\/\/augier.com\/wp-content\/uploads\/2018\/01\/Contacter-Augier-Energy-Distribution-et-Transport-2000x600-1.jpg","datePublished":"2022-04-27T07:40:25+00:00","dateModified":"2025-09-15T11:50:46+00:00","description":"N'h\u00e9sitez pas \u00e0 nous envoyer votre demande, nos experts vous r\u00e9pondront d\u00e8s que possible.","breadcrumb":{"@id":"https:\/\/augier.com\/fr\/contacts\/#breadcrumb"},"inLanguage":"fr-FR","potentialAction":[{"@type":"ReadAction","target":["https:\/\/augier.com\/fr\/contacts\/"]}]},{"@type":"ImageObject","inLanguage":"fr-FR","@id":"https:\/\/augier.com\/fr\/contacts\/#primaryimage","url":"https:\/\/augier.com\/wp-content\/uploads\/2018\/01\/Contacter-Augier-Energy-Distribution-et-Transport-2000x600-1.jpg","contentUrl":"https:\/\/augier.com\/wp-content\/uploads\/2018\/01\/Contacter-Augier-Energy-Distribution-et-Transport-2000x600-1.jpg","width":2000,"height":601},{"@type":"BreadcrumbList","@id":"https:\/\/augier.com\/fr\/contacts\/#breadcrumb","itemListElement":[{"@type":"ListItem","position":1,"name":"Home","item":"https:\/\/augier.com\/fr\/"},{"@type":"ListItem","position":2,"name":"Contacts"}]},{"@type":"WebSite","@id":"https:\/\/augier.com\/fr\/#website","url":"https:\/\/augier.com\/fr\/","name":"AUGIER Energy","description":"Just another WordPress site","publisher":{"@id":"https:\/\/augier.com\/fr\/#organization"},"potentialAction":[{"@type":"SearchAction","target":{"@type":"EntryPoint","urlTemplate":"https:\/\/augier.com\/fr\/?s={search_term_string}"},"query-input":{"@type":"PropertyValueSpecification","valueRequired":true,"valueName":"search_term_string"}}],"inLanguage":"fr-FR"},{"@type":"Organization","@id":"https:\/\/augier.com\/fr\/#organization","name":"AUGIER Energy","url":"https:\/\/augier.com\/fr\/","logo":{"@type":"ImageObject","inLanguage":"fr-FR","@id":"https:\/\/augier.com\/fr\/#\/schema\/logo\/image\/","url":"https:\/\/augier.com\/wp-content\/uploads\/2023\/03\/augier-energy-logo-square.jpg","contentUrl":"https:\/\/augier.com\/wp-content\/uploads\/2023\/03\/augier-energy-logo-square.jpg","width":1024,"height":1024,"caption":"AUGIER Energy"},"image":{"@id":"https:\/\/augier.com\/fr\/#\/schema\/logo\/image\/"},"sameAs":["https:\/\/www.youtube.com\/channel\/UCmnwwRp0ll2eKQ34ZdMlIWQ","https:\/\/www.linkedin.com\/company\/5084388\/"]}]}},"_links":{"self":[{"href":"https:\/\/augier.com\/fr\/wp-json\/wp\/v2\/pages\/9328","targetHints":{"allow":["GET"]}}],"collection":[{"href":"https:\/\/augier.com\/fr\/wp-json\/wp\/v2\/pages"}],"about":[{"href":"https:\/\/augier.com\/fr\/wp-json\/wp\/v2\/types\/page"}],"author":[{"embeddable":true,"href":"https:\/\/augier.com\/fr\/wp-json\/wp\/v2\/users\/1"}],"replies":[{"embeddable":true,"href":"https:\/\/augier.com\/fr\/wp-json\/wp\/v2\/comments?post=9328"}],"version-history":[{"count":38,"href":"https:\/\/augier.com\/fr\/wp-json\/wp\/v2\/pages\/9328\/revisions"}],"predecessor-version":[{"id":13779,"href":"https:\/\/augier.com\/fr\/wp-json\/wp\/v2\/pages\/9328\/revisions\/13779"}],"wp:featuredmedia":[{"embeddable":true,"href":"https:\/\/augier.com\/fr\/wp-json\/wp\/v2\/media\/6068"}],"wp:attachment":[{"href":"https:\/\/augier.com\/fr\/wp-json\/wp\/v2\/media?parent=9328"}],"curies":[{"name":"wp","href":"https:\/\/api.w.org\/{rel}","templated":true}]}}