{"id":9325,"date":"2022-09-07T10:29:25","date_gmt":"2022-09-07T08:29:25","guid":{"rendered":"https:\/\/augier.com\/demandez-un-projet\/"},"modified":"2023-03-27T11:22:12","modified_gmt":"2023-03-27T09:22:12","slug":"demandez-un-projet","status":"publish","type":"page","link":"https:\/\/augier.com\/fr\/contacts\/demandez-un-projet\/","title":{"rendered":"Proposez un projet"},"content":{"rendered":"<p>[et_pb_section fb_built=\u00a0\u00bb1&Prime; fullwidth=\u00a0\u00bbon\u00a0\u00bb _builder_version=\u00a0\u00bb4.17.3&Prime; _module_preset=\u00a0\u00bbdefault\u00a0\u00bb locked=\u00a0\u00bboff\u00a0\u00bb global_colors_info=\u00a0\u00bb{}\u00a0\u00bb][et_pb_fullwidth_slider show_arrows=\u00a0\u00bboff\u00a0\u00bb show_pagination=\u00a0\u00bboff\u00a0\u00bb arrows_custom_color=\u00a0\u00bb#abc52e\u00a0\u00bb dot_nav_custom_color=\u00a0\u00bb#abc52e\u00a0\u00bb _builder_version=\u00a0\u00bb4.18.0&Prime; _module_preset=\u00a0\u00bbdefault\u00a0\u00bb header_level=\u00a0\u00bbh1&Prime; header_font=\u00a0\u00bb|700|||||||\u00a0\u00bb header_font_size=\u00a0\u00bb40px\u00a0\u00bb header_line_height=\u00a0\u00bb1.2em\u00a0\u00bb background_enable_image=\u00a0\u00bboff\u00a0\u00bb max_height=\u00a0\u00bb42vh\u00a0\u00bb max_height_tablet=\u00a0\u00bb55vh\u00a0\u00bb max_height_phone=\u00a0\u00bb55vh\u00a0\u00bb max_height_last_edited=\u00a0\u00bbon|desktop\u00a0\u00bb global_colors_info=\u00a0\u00bb{}\u00a0\u00bb][et_pb_slide heading=\u00a0\u00bb@ET-DC@eyJkeW5hbWljIjp0cnVlLCJjb250ZW50IjoicG9zdF90aXRsZSIsInNldHRpbmdzIjp7ImJlZm9yZSI6IiIsImFmdGVyIjoiIn19@\u00a0\u00bb _builder_version=\u00a0\u00bb4.18.0&Prime; _dynamic_attributes=\u00a0\u00bbbackground_image,heading\u00a0\u00bb _module_preset=\u00a0\u00bbdefault\u00a0\u00bb header_level=\u00a0\u00bbh1&Prime; header_font=\u00a0\u00bb|700|||||||\u00a0\u00bb header_font_size=\u00a0\u00bb40px\u00a0\u00bb background_color=\u00a0\u00bbrgba(0,0,0,0.3)\u00a0\u00bb background_enable_color=\u00a0\u00bbon\u00a0\u00bb background_image=\u00a0\u00bb@ET-DC@eyJkeW5hbWljIjp0cnVlLCJjb250ZW50IjoicG9zdF9mZWF0dXJlZF9pbWFnZSIsInNldHRpbmdzIjp7fX0=@\u00a0\u00bb background_enable_image=\u00a0\u00bbon\u00a0\u00bb background_blend=\u00a0\u00bboverlay\u00a0\u00bb global_colors_info=\u00a0\u00bb{}\u00a0\u00bb sticky_transition=\u00a0\u00bbon\u00a0\u00bb]<\/p>\n<p>Vous avez un projet ? Voici la marche \u00e0 suivre.<\/p>\n<p>[\/et_pb_slide][\/et_pb_fullwidth_slider][\/et_pb_section][et_pb_section fb_built=\u00a0\u00bb1&Prime; _builder_version=\u00a0\u00bb4.17.4&Prime; _module_preset=\u00a0\u00bbdefault\u00a0\u00bb global_colors_info=\u00a0\u00bb{}\u00a0\u00bb][et_pb_row _builder_version=\u00a0\u00bb4.17.4&Prime; _module_preset=\u00a0\u00bbdefault\u00a0\u00bb global_colors_info=\u00a0\u00bb{}\u00a0\u00bb][et_pb_column type=\u00a0\u00bb4_4&Prime; _builder_version=\u00a0\u00bb4.17.4&Prime; _module_preset=\u00a0\u00bbdefault\u00a0\u00bb global_colors_info=\u00a0\u00bb{}\u00a0\u00bb][dsm_breadcrumbs show_home_icon=\u00a0\u00bboff\u00a0\u00bb _builder_version=\u00a0\u00bb4.17.4&Prime; _module_preset=\u00a0\u00bbdefault\u00a0\u00bb global_colors_info=\u00a0\u00bb{}\u00a0\u00bb][\/dsm_breadcrumbs][dsm_dual_heading before_text=\u00a0\u00bbDonn\u00e9es \u00a0\u00bb middle_text=\u00a0\u00bbg\u00e9n\u00e9rales\u00a0\u00bb _builder_version=\u00a0\u00bb4.18.0&Prime; _module_preset=\u00a0\u00bbdefault\u00a0\u00bb header_text_color=\u00a0\u00bb#666666&Prime; before_text_color=\u00a0\u00bb#00abe3&Prime; middle_text_color=\u00a0\u00bb#666666&Prime; global_colors_info=\u00a0\u00bb{}\u00a0\u00bb][\/dsm_dual_heading][dsm_contact_form_7 cf7_library=\u00a0\u00bb8878&Prime; input_background_color=\u00a0\u00bb#f7f7f7&Prime; _builder_version=\u00a0\u00bb4.18.0&Prime; _module_preset=\u00a0\u00bbdefault\u00a0\u00bb border_radii_image=\u00a0\u00bbon|5px|5px|5px|5px\u00a0\u00bb global_colors_info=\u00a0\u00bb{}\u00a0\u00bb][\/dsm_contact_form_7][\/et_pb_column][\/et_pb_row][\/et_pb_section]<\/p>\n","protected":false},"excerpt":{"rendered":"<p>Vous avez un projet ? Voici la marche \u00e0 suivre.<div class=\"et_pb_module dsm_breadcrumbs dsm_breadcrumbs_0\">\n\t\t\t\t\n\t\t\t\t\n\t\t\t\t\n\t\t\t\t\n\t\t\t\t\n\t\t\t\t\n\t\t\t\t<div class=\"et_pb_module_inner\">\n\t\t\t\t\t<nav class=\"dsm_breadcrumbs_wrap\">\n\t\t\t\t<ul class=\"dsm_breadcrumbs\" itemscope itemtype=\"https:\/\/schema.org\/BreadcrumbList\">\t\t\t<li class=\"dsm_breadcrumbs_item dsm_home_item dsm_home_item_custom\" itemprop=\"itemListElement\" itemscope\n\t\t\titemtype=\"https:\/\/schema.org\/ListItem\">\n\t\t\t\t<a href=\"https:\/\/augier.com\/fr\/\" itemprop=\"item\" target=\"\">\n\t\t\t\t\t<span class='dsm_home_text_wrapper'>\n\t\t\t\t\t\t\t\t\t\t\t\t\t<span class=\"dsm_home_text\" itemprop=\"name\">\n\t\t\t\t\t\t\t\tHome\t\t\t\t\t\t\t<\/span>\n\t\t\t\t\t<\/span>\n\t\t\t\t<\/a>\n\t\t\t\t<meta itemprop=\"position\" content=\"1\" \/>\n\t\t\t<\/li>\n\n\t\t<li class=\"dsm_breadcrumbs_separator\"> <span class=\"et-pb-icon dsm_separator_icon\">5<\/span><\/li><\/ul>\n\t\t\t<\/nav>\n\t\t\t\t<\/div>\n\t\t\t<\/div><div class=\"et_pb_module dsm_dual_heading dsm_dual_heading_0  et_pb_bg_layout_light\">\n\t\t\t\t\n\t\t\t\t\n\t\t\t\t\n\t\t\t\t\n\t\t\t\t\n\t\t\t\t\n\t\t\t\t<div class=\"et_pb_module_inner\">\n\t\t\t\t\t<h2 class=\"dsm-dual-heading-main et_pb_module_header\"><span class=\"dsm-dual-heading-before\">Donn\u00e9es <\/span><span class=\"dsm-dual-heading-middle\">g\u00e9n\u00e9rales<\/span><\/h2>\n\t\t\t\t<\/div>\n\t\t\t<\/div><div class=\"et_pb_module dsm_contact_form_7 dsm_contact_form_7_0\">\n\t\t\t\t\n\t\t\t\t\n\t\t\t\t\n\t\t\t\t\n\t\t\t\t\n\t\t\t\t\n\t\t\t\t<div class=\"et_pb_module_inner\">\n\t\t\t\t\t<div class=\"\">\n\t\t\t\t\n<div class=\"wpcf7 no-js\" id=\"wpcf7-f10018-o1\" lang=\"fr-FR\" dir=\"ltr\" data-wpcf7-id=\"10018\">\n<div class=\"screen-reader-response\"><p role=\"status\" aria-live=\"polite\" aria-atomic=\"true\"><\/p> <ul><\/ul><\/div>\n<form action=\"\/fr\/wp-json\/wp\/v2\/pages\/9325#wpcf7-f10018-o1\" method=\"post\" class=\"wpcf7-form init\" aria-label=\"Formulaire de contact\" novalidate=\"novalidate\" data-status=\"init\">\n<fieldset class=\"hidden-fields-container\"><input type=\"hidden\" name=\"_wpcf7\" value=\"10018\" \/><input type=\"hidden\" name=\"_wpcf7_version\" value=\"6.1.5\" \/><input type=\"hidden\" name=\"_wpcf7_locale\" value=\"fr_FR\" \/><input type=\"hidden\" name=\"_wpcf7_unit_tag\" value=\"wpcf7-f10018-o1\" \/><input type=\"hidden\" name=\"_wpcf7_container_post\" value=\"0\" \/><input type=\"hidden\" name=\"_wpcf7_posted_data_hash\" value=\"\" \/><input type=\"hidden\" name=\"_wpcf7cf_hidden_group_fields\" value=\"[]\" \/><input type=\"hidden\" name=\"_wpcf7cf_hidden_groups\" value=\"[]\" \/><input type=\"hidden\" name=\"_wpcf7cf_visible_groups\" value=\"[]\" \/><input type=\"hidden\" name=\"_wpcf7cf_repeaters\" value=\"[]\" \/><input type=\"hidden\" name=\"_wpcf7cf_steps\" value=\"{}\" \/><input type=\"hidden\" name=\"_wpcf7cf_options\" value=\"{&quot;form_id&quot;:10018,&quot;conditions&quot;:[],&quot;settings&quot;:{&quot;animation&quot;:&quot;yes&quot;,&quot;animation_intime&quot;:200,&quot;animation_outtime&quot;:200,&quot;conditions_ui&quot;:&quot;normal&quot;,&quot;notice_dismissed&quot;:false}}\" \/>\n<\/fieldset>\n<p><label>Nom :<\/label><br \/>\n<span class=\"wpcf7-form-control-wrap\" data-name=\"your-name\"><input size=\"40\" maxlength=\"400\" class=\"wpcf7-form-control wpcf7-text wpcf7-validates-as-required FldProjet\" aria-required=\"true\" aria-invalid=\"false\" value=\"\" type=\"text\" name=\"your-name\" \/><\/span>\n<\/p>\n<p><label>Pr\u00e9nom :<\/label><br \/>\n<span class=\"wpcf7-form-control-wrap\" data-name=\"your-firstname\"><input size=\"40\" maxlength=\"400\" class=\"wpcf7-form-control wpcf7-text wpcf7-validates-as-required FldProjet\" aria-required=\"true\" aria-invalid=\"false\" value=\"\" type=\"text\" name=\"your-firstname\" \/><\/span>\n<\/p>\n<p><label>Soci\u00e9t\u00e9 :<\/label><br \/>\n<span class=\"wpcf7-form-control-wrap\" data-name=\"societe\"><input size=\"40\" maxlength=\"400\" class=\"wpcf7-form-control wpcf7-text wpcf7-validates-as-required FldProjet\" aria-required=\"true\" aria-invalid=\"false\" value=\"\" type=\"text\" name=\"societe\" \/><\/span>\n<\/p>\n<p><label>Adresse E-mail :<\/label><br \/>\n<span class=\"wpcf7-form-control-wrap\" data-name=\"your-email\"><input size=\"40\" maxlength=\"400\" class=\"wpcf7-form-control wpcf7-text wpcf7-validates-as-required FldProjet\" aria-required=\"true\" aria-invalid=\"false\" value=\"\" type=\"text\" name=\"your-email\" \/><\/span>\n<\/p>\n<p><label>T\u00e9l\u00e9phone :<\/label><br \/>\n<span class=\"wpcf7-form-control-wrap\" data-name=\"telephone\"><input size=\"40\" maxlength=\"400\" class=\"wpcf7-form-control wpcf7-text wpcf7-validates-as-required FldProjet\" aria-required=\"true\" aria-invalid=\"false\" value=\"\" type=\"text\" name=\"telephone\" \/><\/span>\n<\/p>\n<p><label>Nom du projet :<\/label><br \/>\n<span class=\"wpcf7-form-control-wrap\" data-name=\"NomProjet\"><input size=\"40\" maxlength=\"400\" class=\"wpcf7-form-control wpcf7-text wpcf7-validates-as-required FldProjet\" aria-required=\"true\" aria-invalid=\"false\" placeholder=\"Exemple : Base ISS\" value=\"\" type=\"text\" name=\"NomProjet\" \/><\/span>\n<\/p>\n<p><label>Lieu de r\u00e9alisation du projet :<\/label><br \/>\n<span class=\"wpcf7-form-control-wrap\" data-name=\"LieuProjet\"><input size=\"40\" maxlength=\"400\" class=\"wpcf7-form-control wpcf7-text wpcf7-validates-as-required FldProjet\" aria-required=\"true\" aria-invalid=\"false\" placeholder=\"Exemple : Espace\" value=\"\" type=\"text\" name=\"LieuProjet\" \/><\/span>\n<\/p>\n<p><label>Temp\u00e9rature d'utilisation :<\/label><br \/>\n<span class=\"wpcf7-form-control-wrap dsm-contact-form-7-select\" data-name=\"Temperature\"><select class=\"wpcf7-form-control wpcf7-select et_pb_contact_select input\" aria-invalid=\"false\" name=\"Temperature\"><option value=\"-15\u00b0C &gt; +40\u00b0C\">-15\u00b0C &gt; +40\u00b0C<\/option><option value=\"+ 55\u00b0C\">+ 55\u00b0C<\/option><\/select><\/span>\n<\/p>\n<p><label>Altitude :<\/label><br \/>\n<span class=\"wpcf7-form-control-wrap dsm-contact-form-7-select\" data-name=\"Altitude\"><select class=\"wpcf7-form-control wpcf7-select et_pb_contact_select input\" aria-invalid=\"false\" name=\"Altitude\"><option value=\"&lt;1000 m\">&lt;1000 m<\/option><option value=\"1000 m &lt;1500 m\">1000 m &lt;1500 m<\/option><option value=\"1500 m &lt;2000 m\">1500 m &lt;2000 m<\/option><\/select><\/span>\n<\/p>\n<p><label>Description du projet :<\/label><br \/>\n<span class=\"wpcf7-form-control-wrap\" data-name=\"Description\"><textarea cols=\"40\" rows=\"10\" maxlength=\"2000\" class=\"wpcf7-form-control wpcf7-textarea wpcf7-validates-as-required FldProjet\" aria-required=\"true\" aria-invalid=\"false\" placeholder=\"D\u00e9crivez en quelques mots votre projet.\" name=\"Description\"><\/textarea><\/span>\n<\/p>\n<h3>Source de l\u2019\u00e9nergie \u00e9lectrique\n<\/h3>\n<p><label>Tension disponible :<\/label><br \/>\n<span class=\"wpcf7-form-control-wrap\" data-name=\"TensionDisponible\"><span class=\"wpcf7-form-control wpcf7-radio\"><span class=\"wpcf7-list-item first\"><input type=\"radio\" name=\"TensionDisponible\" value=\"Triphas\u00e9e\" checked=\"checked\" \/><span class=\"wpcf7-list-item-label\">Triphas\u00e9e<\/span><\/span><span class=\"wpcf7-list-item last\"><input type=\"radio\" name=\"TensionDisponible\" value=\"Monophas\u00e9e\" \/><span class=\"wpcf7-list-item-label\">Monophas\u00e9e<\/span><\/span><\/span><\/span>\n<\/p>\n<p><label>Niveau de tension :<\/label><br \/>\n<span class=\"wpcf7-form-control-wrap\" data-name=\"NiveauTension\"><span class=\"wpcf7-form-control wpcf7-radio\"><span class=\"wpcf7-list-item first\"><input type=\"radio\" name=\"NiveauTension\" value=\"230 V\" checked=\"checked\" \/><span class=\"wpcf7-list-item-label\">230 V<\/span><\/span><span class=\"wpcf7-list-item\"><input type=\"radio\" name=\"NiveauTension\" value=\"400 V\" \/><span class=\"wpcf7-list-item-label\">400 V<\/span><\/span><span class=\"wpcf7-list-item\"><input type=\"radio\" name=\"NiveauTension\" value=\"20 kV\" \/><span class=\"wpcf7-list-item-label\">20 kV<\/span><\/span><span class=\"wpcf7-list-item last\"><input type=\"radio\" name=\"NiveauTension\" value=\"Autre\" \/><span class=\"wpcf7-list-item-label\">Autre<\/span><\/span><\/span><\/span>\n<\/p>\n<p><label>Positionnement de la source par rapport \u00e0 l'installation \u00e0 alimenter :<\/label><br \/>\n<span class=\"wpcf7-form-control-wrap\" data-name=\"PositionSource\"><span class=\"wpcf7-form-control wpcf7-radio\"><span class=\"wpcf7-list-item first\"><input type=\"radio\" name=\"PositionSource\" value=\"Au d\u00e9but\" checked=\"checked\" \/><span class=\"wpcf7-list-item-label\">Au d\u00e9but<\/span><\/span><span class=\"wpcf7-list-item\"><input type=\"radio\" name=\"PositionSource\" value=\"Au milieu du parcours\" \/><span class=\"wpcf7-list-item-label\">Au milieu du parcours<\/span><\/span><span class=\"wpcf7-list-item last\"><input type=\"radio\" name=\"PositionSource\" value=\"Autre\" \/><span class=\"wpcf7-list-item-label\">Autre<\/span><\/span><\/span><\/span>\n<\/p>\n<p><label>Poste \u00e9l\u00e9vateur :<\/label><br \/>\n<span class=\"wpcf7-form-control-wrap\" data-name=\"PosteElevateur\"><span class=\"wpcf7-form-control wpcf7-radio\"><span class=\"wpcf7-list-item first\"><input type=\"radio\" name=\"PosteElevateur\" value=\"Int\u00e9rieur\" checked=\"checked\" \/><span class=\"wpcf7-list-item-label\">Int\u00e9rieur<\/span><\/span><span class=\"wpcf7-list-item last\"><input type=\"radio\" name=\"PosteElevateur\" value=\"Ext\u00e9rieur\" \/><span class=\"wpcf7-list-item-label\">Ext\u00e9rieur<\/span><\/span><\/span><\/span>\n<\/p>\n<p><label>Poste abaisseur :<\/label><br \/>\n<span class=\"wpcf7-form-control-wrap\" data-name=\"PosteAbaisseur\"><span class=\"wpcf7-form-control wpcf7-radio\"><span class=\"wpcf7-list-item first\"><input type=\"radio\" name=\"PosteAbaisseur\" value=\"Int\u00e9rieur\" checked=\"checked\" \/><span class=\"wpcf7-list-item-label\">Int\u00e9rieur<\/span><\/span><span class=\"wpcf7-list-item last\"><input type=\"radio\" name=\"PosteAbaisseur\" value=\"Ext\u00e9rieur\" \/><span class=\"wpcf7-list-item-label\">Ext\u00e9rieur<\/span><\/span><\/span><\/span>\n<\/p>\n<p><label>Longueur du r\u00e9seau (m):<\/label><br \/>\n<span class=\"wpcf7-form-control-wrap\" data-name=\"LongueurReseau\"><input size=\"40\" maxlength=\"400\" class=\"wpcf7-form-control wpcf7-text\" aria-invalid=\"false\" value=\"\" type=\"text\" name=\"LongueurReseau\" \/><\/span>\n<\/p>\n<h3>R\u00e9seau de transport de l'\u00e9nergie \u00e9lectrique\n<\/h3>\n<p>La tension de transport, la section des c\u00e2bles BTM\/HTI, la puissance des transformateurs seront pr\u00e9conis\u00e9s par Augier, sauf s'ils sont impos\u00e9s.\n<\/p>\n<p><label>Puissance \u00e0 transporter (kVA) :<\/label><br \/>\n<span class=\"wpcf7-form-control-wrap\" data-name=\"LongueurSrcRcpt\"><input class=\"wpcf7-form-control wpcf7-number wpcf7-validates-as-number\" min=\"0\" max=\"500\" aria-invalid=\"false\" value=\"\" type=\"number\" name=\"LongueurSrcRcpt\" \/><\/span>\n<\/p>\n<p><label>Contraintes particuli\u00e8res (si vous avez s\u00e9lectionner Autres \u00bb veuillez pr\u00e9ciser) :<\/label><br \/>\n<span class=\"wpcf7-form-control-wrap\" data-name=\"Contraintes\"><textarea cols=\"40\" rows=\"10\" maxlength=\"2000\" class=\"wpcf7-form-control wpcf7-textarea\" aria-invalid=\"false\" placeholder=\"Exemple : ambiance marine\" name=\"Contraintes\"><\/textarea><\/span><br \/>\n<input class=\"wpcf7-form-control wpcf7-hidden\" value=\"30000000852\" type=\"hidden\" name=\"lead_stage_id\" \/>\n<\/p>\n<p><label>Politique de confidentialit\u00e9 (*)<\/label>\n<\/p>\n<p><span class=\"wpcf7-form-control-wrap\" data-name=\"acceptance-privacy\"><span class=\"wpcf7-form-control wpcf7-acceptance\"><span class=\"wpcf7-list-item\"><input type=\"checkbox\" name=\"acceptance-privacy\" value=\"1\" aria-invalid=\"false\" \/><\/span><\/span><\/span> J'ai lu et j'accepte les conditions et la <a href=\"https:\/\/augier.com\/legal-informations\/\" style=\"text-decoration: underline;\" target=\"_blank\">politique de confidentialit\u00e9<\/a> de ce site (*)\n<\/p>\n<p><br \/>\n<span class=\"wpcf7-form-control-wrap\" data-name=\"your-consent\"><span class=\"wpcf7-form-control wpcf7-acceptance\"><span class=\"wpcf7-list-item\"><input type=\"checkbox\" name=\"your-consent\" value=\"1\" aria-invalid=\"false\" \/><\/span><\/span><\/span> J'accepte d'\u00eatre recontact\u00e9 par AUGIER S.A.S. (*)\n<\/p>\n<p><button class=\"wpcf7-form-control wpcf7-submit has-spinner et_pb_button et_pb_bg_layout_light form_send\" type=\"submit\" value=\"Send\">Send<\/button>\n<\/p><input type=\"hidden\" id=\"ct_checkjs_cf7_48aedb8880cab8c45637abc7493ecddd\" name=\"ct_checkjs_cf7\" value=\"0\" \/><input\n                    class=\"apbct_special_field apbct_email_id__wp_contact_form_7\"\n                    name=\"apbct__email_id__wp_contact_form_7\"\n                    aria-label=\"apbct__label_id__wp_contact_form_7\"\n                    type=\"text\" size=\"30\" maxlength=\"200\" autocomplete=\"off\"\n                    value=\"\"\n                \/><div class=\"wpcf7-response-output\" aria-hidden=\"true\"><\/div>\n<\/form>\n<\/div>\n\n\t\t\t<\/div>\n\t\t\t\t<\/div>\n\t\t\t<\/div><\/p>\n","protected":false},"author":1,"featured_media":6758,"parent":9328,"menu_order":0,"comment_status":"closed","ping_status":"closed","template":"","meta":{"_acf_changed":false,"_et_pb_use_builder":"on","_et_pb_old_content":"","_et_gb_content_width":"","footnotes":""},"class_list":["post-9325","page","type-page","status-publish","has-post-thumbnail","hentry"],"acf":[],"yoast_head":"<!-- This site is optimized with the Yoast SEO plugin v27.2 - https:\/\/yoast.com\/product\/yoast-seo-wordpress\/ -->\n<title>Proposez un projet - Augier energy<\/title>\n<meta name=\"description\" content=\"Demandez un projet? N&#039;h\u00e9sitez pas \u00e0 nous envoyer votre demande, nos experts vous r\u00e9pondront d\u00e8s que possible.\" \/>\n<meta name=\"robots\" content=\"index, follow, max-snippet:-1, max-image-preview:large, max-video-preview:-1\" \/>\n<link rel=\"canonical\" href=\"https:\/\/augier.com\/fr\/contacts\/demandez-un-projet\/\" \/>\n<meta property=\"og:locale\" content=\"fr_FR\" \/>\n<meta property=\"og:type\" content=\"article\" \/>\n<meta property=\"og:title\" content=\"Proposez un projet - Augier energy\" \/>\n<meta property=\"og:description\" content=\"Demandez un projet? N&#039;h\u00e9sitez pas \u00e0 nous envoyer votre demande, nos experts vous r\u00e9pondront d\u00e8s que possible.\" \/>\n<meta property=\"og:url\" content=\"https:\/\/augier.com\/fr\/contacts\/demandez-un-projet\/\" \/>\n<meta property=\"og:site_name\" content=\"Augier energy\" \/>\n<meta property=\"article:modified_time\" content=\"2023-03-27T09:22:12+00:00\" \/>\n<meta property=\"og:image\" content=\"https:\/\/augier.com\/wp-content\/uploads\/2018\/05\/AUGIER_solution-booster_MSA.jpg\" \/>\n\t<meta property=\"og:image:width\" content=\"1366\" \/>\n\t<meta property=\"og:image:height\" content=\"270\" \/>\n\t<meta property=\"og:image:type\" content=\"image\/jpeg\" \/>\n<meta name=\"twitter:card\" content=\"summary_large_image\" \/>\n<script type=\"application\/ld+json\" class=\"yoast-schema-graph\">{\"@context\":\"https:\/\/schema.org\",\"@graph\":[{\"@type\":\"WebPage\",\"@id\":\"https:\/\/augier.com\/fr\/contacts\/demandez-un-projet\/\",\"url\":\"https:\/\/augier.com\/fr\/contacts\/demandez-un-projet\/\",\"name\":\"Proposez un projet - Augier energy\",\"isPartOf\":{\"@id\":\"https:\/\/augier.com\/fr\/#website\"},\"primaryImageOfPage\":{\"@id\":\"https:\/\/augier.com\/fr\/contacts\/demandez-un-projet\/#primaryimage\"},\"image\":{\"@id\":\"https:\/\/augier.com\/fr\/contacts\/demandez-un-projet\/#primaryimage\"},\"thumbnailUrl\":\"https:\/\/augier.com\/wp-content\/uploads\/2018\/05\/AUGIER_solution-booster_MSA.jpg\",\"datePublished\":\"2022-09-07T08:29:25+00:00\",\"dateModified\":\"2023-03-27T09:22:12+00:00\",\"description\":\"Demandez un projet? N'h\u00e9sitez pas \u00e0 nous envoyer votre demande, nos experts vous r\u00e9pondront d\u00e8s que possible.\",\"breadcrumb\":{\"@id\":\"https:\/\/augier.com\/fr\/contacts\/demandez-un-projet\/#breadcrumb\"},\"inLanguage\":\"fr-FR\",\"potentialAction\":[{\"@type\":\"ReadAction\",\"target\":[\"https:\/\/augier.com\/fr\/contacts\/demandez-un-projet\/\"]}]},{\"@type\":\"ImageObject\",\"inLanguage\":\"fr-FR\",\"@id\":\"https:\/\/augier.com\/fr\/contacts\/demandez-un-projet\/#primaryimage\",\"url\":\"https:\/\/augier.com\/wp-content\/uploads\/2018\/05\/AUGIER_solution-booster_MSA.jpg\",\"contentUrl\":\"https:\/\/augier.com\/wp-content\/uploads\/2018\/05\/AUGIER_solution-booster_MSA.jpg\",\"width\":1366,\"height\":270},{\"@type\":\"BreadcrumbList\",\"@id\":\"https:\/\/augier.com\/fr\/contacts\/demandez-un-projet\/#breadcrumb\",\"itemListElement\":[{\"@type\":\"ListItem\",\"position\":1,\"name\":\"Home\",\"item\":\"https:\/\/augier.com\/fr\/\"},{\"@type\":\"ListItem\",\"position\":2,\"name\":\"Contacts\",\"item\":\"https:\/\/augier.com\/fr\/contact\/\"},{\"@type\":\"ListItem\",\"position\":3,\"name\":\"Proposez un projet\"}]},{\"@type\":\"WebSite\",\"@id\":\"https:\/\/augier.com\/fr\/#website\",\"url\":\"https:\/\/augier.com\/fr\/\",\"name\":\"AUGIER Energy\",\"description\":\"Just another WordPress site\",\"publisher\":{\"@id\":\"https:\/\/augier.com\/fr\/#organization\"},\"potentialAction\":[{\"@type\":\"SearchAction\",\"target\":{\"@type\":\"EntryPoint\",\"urlTemplate\":\"https:\/\/augier.com\/fr\/?s={search_term_string}\"},\"query-input\":{\"@type\":\"PropertyValueSpecification\",\"valueRequired\":true,\"valueName\":\"search_term_string\"}}],\"inLanguage\":\"fr-FR\"},{\"@type\":\"Organization\",\"@id\":\"https:\/\/augier.com\/fr\/#organization\",\"name\":\"AUGIER Energy\",\"url\":\"https:\/\/augier.com\/fr\/\",\"logo\":{\"@type\":\"ImageObject\",\"inLanguage\":\"fr-FR\",\"@id\":\"https:\/\/augier.com\/fr\/#\/schema\/logo\/image\/\",\"url\":\"https:\/\/augier.com\/wp-content\/uploads\/2023\/03\/augier-energy-logo-square.jpg\",\"contentUrl\":\"https:\/\/augier.com\/wp-content\/uploads\/2023\/03\/augier-energy-logo-square.jpg\",\"width\":1024,\"height\":1024,\"caption\":\"AUGIER Energy\"},\"image\":{\"@id\":\"https:\/\/augier.com\/fr\/#\/schema\/logo\/image\/\"},\"sameAs\":[\"https:\/\/www.youtube.com\/channel\/UCmnwwRp0ll2eKQ34ZdMlIWQ\",\"https:\/\/www.linkedin.com\/company\/5084388\/\"]}]}<\/script>\n<!-- \/ Yoast SEO plugin. -->","yoast_head_json":{"title":"Proposez un projet - Augier energy","description":"Demandez un projet? N'h\u00e9sitez pas \u00e0 nous envoyer votre demande, nos experts vous r\u00e9pondront d\u00e8s que possible.","robots":{"index":"index","follow":"follow","max-snippet":"max-snippet:-1","max-image-preview":"max-image-preview:large","max-video-preview":"max-video-preview:-1"},"canonical":"https:\/\/augier.com\/fr\/contacts\/demandez-un-projet\/","og_locale":"fr_FR","og_type":"article","og_title":"Proposez un projet - Augier energy","og_description":"Demandez un projet? N'h\u00e9sitez pas \u00e0 nous envoyer votre demande, nos experts vous r\u00e9pondront d\u00e8s que possible.","og_url":"https:\/\/augier.com\/fr\/contacts\/demandez-un-projet\/","og_site_name":"Augier energy","article_modified_time":"2023-03-27T09:22:12+00:00","og_image":[{"width":1366,"height":270,"url":"https:\/\/augier.com\/wp-content\/uploads\/2018\/05\/AUGIER_solution-booster_MSA.jpg","type":"image\/jpeg"}],"twitter_card":"summary_large_image","schema":{"@context":"https:\/\/schema.org","@graph":[{"@type":"WebPage","@id":"https:\/\/augier.com\/fr\/contacts\/demandez-un-projet\/","url":"https:\/\/augier.com\/fr\/contacts\/demandez-un-projet\/","name":"Proposez un projet - Augier energy","isPartOf":{"@id":"https:\/\/augier.com\/fr\/#website"},"primaryImageOfPage":{"@id":"https:\/\/augier.com\/fr\/contacts\/demandez-un-projet\/#primaryimage"},"image":{"@id":"https:\/\/augier.com\/fr\/contacts\/demandez-un-projet\/#primaryimage"},"thumbnailUrl":"https:\/\/augier.com\/wp-content\/uploads\/2018\/05\/AUGIER_solution-booster_MSA.jpg","datePublished":"2022-09-07T08:29:25+00:00","dateModified":"2023-03-27T09:22:12+00:00","description":"Demandez un projet? N'h\u00e9sitez pas \u00e0 nous envoyer votre demande, nos experts vous r\u00e9pondront d\u00e8s que possible.","breadcrumb":{"@id":"https:\/\/augier.com\/fr\/contacts\/demandez-un-projet\/#breadcrumb"},"inLanguage":"fr-FR","potentialAction":[{"@type":"ReadAction","target":["https:\/\/augier.com\/fr\/contacts\/demandez-un-projet\/"]}]},{"@type":"ImageObject","inLanguage":"fr-FR","@id":"https:\/\/augier.com\/fr\/contacts\/demandez-un-projet\/#primaryimage","url":"https:\/\/augier.com\/wp-content\/uploads\/2018\/05\/AUGIER_solution-booster_MSA.jpg","contentUrl":"https:\/\/augier.com\/wp-content\/uploads\/2018\/05\/AUGIER_solution-booster_MSA.jpg","width":1366,"height":270},{"@type":"BreadcrumbList","@id":"https:\/\/augier.com\/fr\/contacts\/demandez-un-projet\/#breadcrumb","itemListElement":[{"@type":"ListItem","position":1,"name":"Home","item":"https:\/\/augier.com\/fr\/"},{"@type":"ListItem","position":2,"name":"Contacts","item":"https:\/\/augier.com\/fr\/contact\/"},{"@type":"ListItem","position":3,"name":"Proposez un projet"}]},{"@type":"WebSite","@id":"https:\/\/augier.com\/fr\/#website","url":"https:\/\/augier.com\/fr\/","name":"AUGIER Energy","description":"Just another WordPress site","publisher":{"@id":"https:\/\/augier.com\/fr\/#organization"},"potentialAction":[{"@type":"SearchAction","target":{"@type":"EntryPoint","urlTemplate":"https:\/\/augier.com\/fr\/?s={search_term_string}"},"query-input":{"@type":"PropertyValueSpecification","valueRequired":true,"valueName":"search_term_string"}}],"inLanguage":"fr-FR"},{"@type":"Organization","@id":"https:\/\/augier.com\/fr\/#organization","name":"AUGIER Energy","url":"https:\/\/augier.com\/fr\/","logo":{"@type":"ImageObject","inLanguage":"fr-FR","@id":"https:\/\/augier.com\/fr\/#\/schema\/logo\/image\/","url":"https:\/\/augier.com\/wp-content\/uploads\/2023\/03\/augier-energy-logo-square.jpg","contentUrl":"https:\/\/augier.com\/wp-content\/uploads\/2023\/03\/augier-energy-logo-square.jpg","width":1024,"height":1024,"caption":"AUGIER Energy"},"image":{"@id":"https:\/\/augier.com\/fr\/#\/schema\/logo\/image\/"},"sameAs":["https:\/\/www.youtube.com\/channel\/UCmnwwRp0ll2eKQ34ZdMlIWQ","https:\/\/www.linkedin.com\/company\/5084388\/"]}]}},"_links":{"self":[{"href":"https:\/\/augier.com\/fr\/wp-json\/wp\/v2\/pages\/9325","targetHints":{"allow":["GET"]}}],"collection":[{"href":"https:\/\/augier.com\/fr\/wp-json\/wp\/v2\/pages"}],"about":[{"href":"https:\/\/augier.com\/fr\/wp-json\/wp\/v2\/types\/page"}],"author":[{"embeddable":true,"href":"https:\/\/augier.com\/fr\/wp-json\/wp\/v2\/users\/1"}],"replies":[{"embeddable":true,"href":"https:\/\/augier.com\/fr\/wp-json\/wp\/v2\/comments?post=9325"}],"version-history":[{"count":12,"href":"https:\/\/augier.com\/fr\/wp-json\/wp\/v2\/pages\/9325\/revisions"}],"predecessor-version":[{"id":12234,"href":"https:\/\/augier.com\/fr\/wp-json\/wp\/v2\/pages\/9325\/revisions\/12234"}],"up":[{"embeddable":true,"href":"https:\/\/augier.com\/fr\/wp-json\/wp\/v2\/pages\/9328"}],"wp:featuredmedia":[{"embeddable":true,"href":"https:\/\/augier.com\/fr\/wp-json\/wp\/v2\/media\/6758"}],"wp:attachment":[{"href":"https:\/\/augier.com\/fr\/wp-json\/wp\/v2\/media?parent=9325"}],"curies":[{"name":"wp","href":"https:\/\/api.w.org\/{rel}","templated":true}]}}