{"id":12851,"date":"2023-12-06T10:47:50","date_gmt":"2023-12-06T09:47:50","guid":{"rendered":"https:\/\/augier.com\/augier-whistleblowing-system\/"},"modified":"2023-12-07T09:38:18","modified_gmt":"2023-12-07T08:38:18","slug":"systeme-d-alerte-augier","status":"publish","type":"page","link":"https:\/\/augier.com\/fr\/systeme-d-alerte-augier\/","title":{"rendered":"Syst\u00e8me d\u2019alerte Augier"},"content":{"rendered":"<p>[et_pb_section fb_built=\u00a0\u00bb1&Prime; fullwidth=\u00a0\u00bbon\u00a0\u00bb _builder_version=\u00a0\u00bb4.18.0&Prime; _module_preset=\u00a0\u00bbdefault\u00a0\u00bb min_height=\u00a0\u00bb60vh\u00a0\u00bb locked=\u00a0\u00bboff\u00a0\u00bb global_colors_info=\u00a0\u00bb{}\u00a0\u00bb][et_pb_fullwidth_slider show_arrows=\u00a0\u00bboff\u00a0\u00bb show_pagination=\u00a0\u00bboff\u00a0\u00bb arrows_custom_color=\u00a0\u00bb#abc52e\u00a0\u00bb dot_nav_custom_color=\u00a0\u00bb#abc52e\u00a0\u00bb admin_label=\u00a0\u00bbFullwidth Slider\u00a0\u00bb _builder_version=\u00a0\u00bb4.23.1&Prime; _module_preset=\u00a0\u00bbdefault\u00a0\u00bb header_level=\u00a0\u00bbh1&Prime; header_font=\u00a0\u00bb|700|||||||\u00a0\u00bb header_font_size=\u00a0\u00bb40px\u00a0\u00bb header_line_height=\u00a0\u00bb1.2em\u00a0\u00bb background_enable_image=\u00a0\u00bboff\u00a0\u00bb min_height=\u00a0\u00bb60vh\u00a0\u00bb max_height=\u00a0\u00bb42vh\u00a0\u00bb max_height_tablet=\u00a0\u00bb55vh\u00a0\u00bb max_height_phone=\u00a0\u00bb55vh\u00a0\u00bb max_height_last_edited=\u00a0\u00bbon|desktop\u00a0\u00bb global_colors_info=\u00a0\u00bb{}\u00a0\u00bb][et_pb_slide heading=\u00a0\u00bb@ET-DC@eyJkeW5hbWljIjp0cnVlLCJjb250ZW50IjoicG9zdF90aXRsZSIsInNldHRpbmdzIjp7ImJlZm9yZSI6IiIsImFmdGVyIjoiIn19@\u00a0\u00bb _builder_version=\u00a0\u00bb4.23.1&Prime; _dynamic_attributes=\u00a0\u00bbheading,background_image\u00a0\u00bb _module_preset=\u00a0\u00bbdefault\u00a0\u00bb header_level=\u00a0\u00bbh1&Prime; header_font=\u00a0\u00bb|700|||||||\u00a0\u00bb header_font_size=\u00a0\u00bb40px\u00a0\u00bb background_color=\u00a0\u00bbrgba(0,0,0,0.3)\u00a0\u00bb background_enable_color=\u00a0\u00bbon\u00a0\u00bb background_image=\u00a0\u00bb@ET-DC@eyJkeW5hbWljIjp0cnVlLCJjb250ZW50IjoicG9zdF9mZWF0dXJlZF9pbWFnZSIsInNldHRpbmdzIjp7fX0=@\u00a0\u00bb background_enable_image=\u00a0\u00bbon\u00a0\u00bb background_blend=\u00a0\u00bboverlay\u00a0\u00bb global_colors_info=\u00a0\u00bb{}\u00a0\u00bb sticky_transition=\u00a0\u00bbon\u00a0\u00bb][\/et_pb_slide][\/et_pb_fullwidth_slider][\/et_pb_section][et_pb_section fb_built=\u00a0\u00bb1&Prime; _builder_version=\u00a0\u00bb4.16&Prime; global_colors_info=\u00a0\u00bb{}\u00a0\u00bb][et_pb_row _builder_version=\u00a0\u00bb4.16&Prime; background_size=\u00a0\u00bbinitial\u00a0\u00bb background_position=\u00a0\u00bbtop_left\u00a0\u00bb background_repeat=\u00a0\u00bbrepeat\u00a0\u00bb global_colors_info=\u00a0\u00bb{}\u00a0\u00bb][et_pb_column type=\u00a0\u00bb4_4&Prime; _builder_version=\u00a0\u00bb4.16&Prime; custom_padding=\u00a0\u00bb|||\u00a0\u00bb global_colors_info=\u00a0\u00bb{}\u00a0\u00bb custom_padding__hover=\u00a0\u00bb|||\u00a0\u00bb][et_pb_text _builder_version=\u00a0\u00bb4.23&Prime; background_size=\u00a0\u00bbinitial\u00a0\u00bb background_position=\u00a0\u00bbtop_left\u00a0\u00bb background_repeat=\u00a0\u00bbrepeat\u00a0\u00bb hover_enabled=\u00a0\u00bb0&Prime; global_colors_info=\u00a0\u00bb{}\u00a0\u00bb sticky_enabled=\u00a0\u00bb0&Prime;]<\/p>\n<div class=\"content grid-two-thirds row\">\n<div class=\"tinytxt\">\n<div class=\"tinytxt\">\n<h2>Promouvoir l\u2019int\u00e9grit\u00e9 et la confiance<\/h2>\n<p>Chez Augier, nous nous engageons \u00e0 respecter les normes les plus \u00e9lev\u00e9es en mati\u00e8re d\u2019\u00e9thique et d\u2019int\u00e9grit\u00e9 des affaires. Notre syst\u00e8me de lancement d\u2019alerte est un \u00e9l\u00e9ment crucial pour garantir la transparence et la confiance entre nos employ\u00e9s, nos clients et toutes les parties prenantes. Si vous soup\u00e7onnez un comportement contraire \u00e0 l&rsquo;\u00e9thique au sein de notre organisation, veuillez nous le signaler.<\/p>\n<h2>Accessibilit\u00e9 et anonymat<\/h2>\n<p>Le service est accessible \u00e0 tous les employ\u00e9s, clients et parties prenantes. Nous garantissons un anonymat et une s\u00e9curit\u00e9 complets \u00e0 toute personne souhaitant signaler d\u2019\u00e9ventuelles irr\u00e9gularit\u00e9s ou comportements contraires \u00e0 l\u2019\u00e9thique. Le syst\u00e8me est g\u00e9r\u00e9 par un prestataire externe et impartial, garantissant que les signalements sont trait\u00e9s dans la plus grande confidentialit\u00e9.<\/p>\n<h2>Comment \u00e7a fonctionne<\/h2>\n<p>Les signalements peuvent \u00eatre effectu\u00e9s de mani\u00e8re anonyme. Lors du signalement, un identifiant et un mot de passe seront fournis pour permettre le suivi du cas et la communication avec notre \u00e9quipe, en maintenant le plus haut niveau de confidentialit\u00e9. Tous les signalements sont trait\u00e9s par des personnes d\u00e9sign\u00e9es au sein de notre organisation. Les informations transmises via le canal d\u2019alerte sont totalement s\u00e9curis\u00e9es et il n\u2019y a aucun risque de repr\u00e9sailles.<\/p>\n<h2>Type de rapports<\/h2>\n<p>Le syst\u00e8me est destin\u00e9 \u00e0 signaler des soup\u00e7ons s\u00e9rieux de mauvaise conduite, de fraude, de corruption ou d&rsquo;autres violations \u00e9thiques et juridiques. Nous encourageons les signalements faits de bonne foi et nous nous engageons \u00e0 prot\u00e9ger ceux qui choisissent de s\u2019exprimer contre toute repr\u00e9sailles. Envoyez toujours des informations v\u00e9ridiques et soyez aussi pr\u00e9cis que possible lorsque vous d\u00e9crivez la situation dont vous avez \u00e9t\u00e9 t\u00e9moin. Fournissez toutes les pi\u00e8ces jointes n\u00e9cessaires si n\u00e9cessaire.<\/p>\n<h2>Notre engagement<\/h2>\n<p>Merci de nous aider \u00e0 faire d&rsquo;Augier un lieu de travail \u00e9thique et responsable. Votre voix compte pour nous.<\/p>\n<\/div>\n<\/div>\n<\/div>\n<p>[\/et_pb_text][et_pb_button button_url=\u00a0\u00bbhttps:\/\/www.faceup.com\/c\/esiqaq5u\u00a0\u00bb url_new_window=\u00a0\u00bbon\u00a0\u00bb button_text=\u00a0\u00bbEnvoyer un rapport\u00a0\u00bb _builder_version=\u00a0\u00bb4.23&Prime; _module_preset=\u00a0\u00bbdefault\u00a0\u00bb hover_enabled=\u00a0\u00bb0&Prime; global_colors_info=\u00a0\u00bb{}\u00a0\u00bb sticky_enabled=\u00a0\u00bb0&Prime;][\/et_pb_button][\/et_pb_column][\/et_pb_row][\/et_pb_section]<\/p>\n","protected":false},"excerpt":{"rendered":"<p>Promouvoir l\u2019int\u00e9grit\u00e9 et la confiance Chez Augier, nous nous engageons \u00e0 respecter les normes les plus \u00e9lev\u00e9es en mati\u00e8re d\u2019\u00e9thique et d\u2019int\u00e9grit\u00e9 des affaires. Notre syst\u00e8me de lancement d\u2019alerte est un \u00e9l\u00e9ment crucial pour garantir la transparence et la confiance entre nos employ\u00e9s, nos clients et toutes les parties prenantes. Si vous soup\u00e7onnez un comportement contraire \u00e0 l&rsquo;\u00e9thique au sein de notre organisation, veuillez nous le signaler. Accessibilit\u00e9 et anonymat Le service est accessible \u00e0 tous les employ\u00e9s, clients et parties prenantes. Nous garantissons un anonymat et une s\u00e9curit\u00e9 complets \u00e0 toute personne souhaitant signaler d\u2019\u00e9ventuelles irr\u00e9gularit\u00e9s ou comportements contraires \u00e0 l\u2019\u00e9thique. Le syst\u00e8me est g\u00e9r\u00e9 par un prestataire externe et impartial, garantissant que les signalements sont trait\u00e9s dans la plus grande confidentialit\u00e9. Comment \u00e7a fonctionne Les signalements peuvent \u00eatre effectu\u00e9s de mani\u00e8re anonyme. Lors du signalement, un identifiant et un mot de passe seront fournis pour permettre le suivi du cas et la communication avec notre \u00e9quipe, en maintenant le plus haut niveau de confidentialit\u00e9. Tous les signalements sont trait\u00e9s par des personnes d\u00e9sign\u00e9es au sein de notre organisation. Les informations transmises via le canal d\u2019alerte sont totalement s\u00e9curis\u00e9es et il n\u2019y a aucun risque de repr\u00e9sailles. Type de [&hellip;]<\/p>\n","protected":false},"author":1,"featured_media":10771,"parent":0,"menu_order":0,"comment_status":"closed","ping_status":"closed","template":"","meta":{"_acf_changed":false,"_et_pb_use_builder":"on","_et_pb_old_content":"","_et_gb_content_width":"","footnotes":""},"class_list":["post-12851","page","type-page","status-publish","has-post-thumbnail","hentry"],"acf":[],"yoast_head":"<!-- This site is optimized with the Yoast SEO plugin v27.4 - https:\/\/yoast.com\/product\/yoast-seo-wordpress\/ -->\n<title>Syst\u00e8me d\u2019alerte Augier<\/title>\n<meta name=\"robots\" content=\"noindex, nofollow\" \/>\n<meta property=\"og:locale\" content=\"fr_FR\" \/>\n<meta property=\"og:type\" content=\"article\" \/>\n<meta property=\"og:title\" content=\"Syst\u00e8me d\u2019alerte Augier\" \/>\n<meta property=\"og:description\" content=\"Promouvoir l\u2019int\u00e9grit\u00e9 et la confiance Chez Augier, nous nous engageons \u00e0 respecter les normes les plus \u00e9lev\u00e9es en mati\u00e8re d\u2019\u00e9thique et d\u2019int\u00e9grit\u00e9 des affaires. Notre syst\u00e8me de lancement d\u2019alerte est un \u00e9l\u00e9ment crucial pour garantir la transparence et la confiance entre nos employ\u00e9s, nos clients et toutes les parties prenantes. Si vous soup\u00e7onnez un comportement contraire \u00e0 l&#039;\u00e9thique au sein de notre organisation, veuillez nous le signaler. Accessibilit\u00e9 et anonymat Le service est accessible \u00e0 tous les employ\u00e9s, clients et parties prenantes. Nous garantissons un anonymat et une s\u00e9curit\u00e9 complets \u00e0 toute personne souhaitant signaler d\u2019\u00e9ventuelles irr\u00e9gularit\u00e9s ou comportements contraires \u00e0 l\u2019\u00e9thique. Le syst\u00e8me est g\u00e9r\u00e9 par un prestataire externe et impartial, garantissant que les signalements sont trait\u00e9s dans la plus grande confidentialit\u00e9. Comment \u00e7a fonctionne Les signalements peuvent \u00eatre effectu\u00e9s de mani\u00e8re anonyme. Lors du signalement, un identifiant et un mot de passe seront fournis pour permettre le suivi du cas et la communication avec notre \u00e9quipe, en maintenant le plus haut niveau de confidentialit\u00e9. Tous les signalements sont trait\u00e9s par des personnes d\u00e9sign\u00e9es au sein de notre organisation. Les informations transmises via le canal d\u2019alerte sont totalement s\u00e9curis\u00e9es et il n\u2019y a aucun risque de repr\u00e9sailles. Type de [&hellip;]\" \/>\n<meta property=\"og:url\" content=\"https:\/\/augier.com\/fr\/systeme-d-alerte-augier\/\" \/>\n<meta property=\"og:site_name\" content=\"Augier energy\" \/>\n<meta property=\"article:modified_time\" content=\"2023-12-07T08:38:18+00:00\" \/>\n<meta property=\"og:image\" content=\"https:\/\/augier.com\/wp-content\/uploads\/2018\/04\/AUGIER_solution-Distribution_MSA.jpg\" \/>\n\t<meta property=\"og:image:width\" content=\"1366\" \/>\n\t<meta property=\"og:image:height\" content=\"270\" \/>\n\t<meta property=\"og:image:type\" content=\"image\/jpeg\" \/>\n<meta name=\"twitter:card\" content=\"summary_large_image\" \/>\n<script type=\"application\/ld+json\" class=\"yoast-schema-graph\">{\"@context\":\"https:\\\/\\\/schema.org\",\"@graph\":[{\"@type\":\"WebPage\",\"@id\":\"https:\\\/\\\/augier.com\\\/fr\\\/systeme-d-alerte-augier\\\/\",\"url\":\"https:\\\/\\\/augier.com\\\/fr\\\/systeme-d-alerte-augier\\\/\",\"name\":\"Syst\u00e8me d\u2019alerte Augier\",\"isPartOf\":{\"@id\":\"https:\\\/\\\/augier.com\\\/fr\\\/#website\"},\"primaryImageOfPage\":{\"@id\":\"https:\\\/\\\/augier.com\\\/fr\\\/systeme-d-alerte-augier\\\/#primaryimage\"},\"image\":{\"@id\":\"https:\\\/\\\/augier.com\\\/fr\\\/systeme-d-alerte-augier\\\/#primaryimage\"},\"thumbnailUrl\":\"https:\\\/\\\/augier.com\\\/wp-content\\\/uploads\\\/2018\\\/04\\\/AUGIER_solution-Distribution_MSA.jpg\",\"datePublished\":\"2023-12-06T09:47:50+00:00\",\"dateModified\":\"2023-12-07T08:38:18+00:00\",\"breadcrumb\":{\"@id\":\"https:\\\/\\\/augier.com\\\/fr\\\/systeme-d-alerte-augier\\\/#breadcrumb\"},\"inLanguage\":\"fr-FR\",\"potentialAction\":[{\"@type\":\"ReadAction\",\"target\":[\"https:\\\/\\\/augier.com\\\/fr\\\/systeme-d-alerte-augier\\\/\"]}]},{\"@type\":\"ImageObject\",\"inLanguage\":\"fr-FR\",\"@id\":\"https:\\\/\\\/augier.com\\\/fr\\\/systeme-d-alerte-augier\\\/#primaryimage\",\"url\":\"https:\\\/\\\/augier.com\\\/wp-content\\\/uploads\\\/2018\\\/04\\\/AUGIER_solution-Distribution_MSA.jpg\",\"contentUrl\":\"https:\\\/\\\/augier.com\\\/wp-content\\\/uploads\\\/2018\\\/04\\\/AUGIER_solution-Distribution_MSA.jpg\",\"width\":1366,\"height\":270},{\"@type\":\"BreadcrumbList\",\"@id\":\"https:\\\/\\\/augier.com\\\/fr\\\/systeme-d-alerte-augier\\\/#breadcrumb\",\"itemListElement\":[{\"@type\":\"ListItem\",\"position\":1,\"name\":\"Home\",\"item\":\"https:\\\/\\\/augier.com\\\/fr\\\/\"},{\"@type\":\"ListItem\",\"position\":2,\"name\":\"Syst\u00e8me d\u2019alerte Augier\"}]},{\"@type\":\"WebSite\",\"@id\":\"https:\\\/\\\/augier.com\\\/fr\\\/#website\",\"url\":\"https:\\\/\\\/augier.com\\\/fr\\\/\",\"name\":\"AUGIER Energy\",\"description\":\"Just another WordPress site\",\"publisher\":{\"@id\":\"https:\\\/\\\/augier.com\\\/fr\\\/#organization\"},\"potentialAction\":[{\"@type\":\"SearchAction\",\"target\":{\"@type\":\"EntryPoint\",\"urlTemplate\":\"https:\\\/\\\/augier.com\\\/fr\\\/?s={search_term_string}\"},\"query-input\":{\"@type\":\"PropertyValueSpecification\",\"valueRequired\":true,\"valueName\":\"search_term_string\"}}],\"inLanguage\":\"fr-FR\"},{\"@type\":\"Organization\",\"@id\":\"https:\\\/\\\/augier.com\\\/fr\\\/#organization\",\"name\":\"AUGIER Energy\",\"url\":\"https:\\\/\\\/augier.com\\\/fr\\\/\",\"logo\":{\"@type\":\"ImageObject\",\"inLanguage\":\"fr-FR\",\"@id\":\"https:\\\/\\\/augier.com\\\/fr\\\/#\\\/schema\\\/logo\\\/image\\\/\",\"url\":\"https:\\\/\\\/augier.com\\\/wp-content\\\/uploads\\\/2023\\\/03\\\/augier-energy-logo-square.jpg\",\"contentUrl\":\"https:\\\/\\\/augier.com\\\/wp-content\\\/uploads\\\/2023\\\/03\\\/augier-energy-logo-square.jpg\",\"width\":1024,\"height\":1024,\"caption\":\"AUGIER Energy\"},\"image\":{\"@id\":\"https:\\\/\\\/augier.com\\\/fr\\\/#\\\/schema\\\/logo\\\/image\\\/\"},\"sameAs\":[\"https:\\\/\\\/www.youtube.com\\\/channel\\\/UCmnwwRp0ll2eKQ34ZdMlIWQ\",\"https:\\\/\\\/www.linkedin.com\\\/company\\\/5084388\\\/\"]}]}<\/script>\n<!-- \/ Yoast SEO plugin. -->","yoast_head_json":{"title":"Syst\u00e8me d\u2019alerte Augier","robots":{"index":"noindex","follow":"nofollow"},"og_locale":"fr_FR","og_type":"article","og_title":"Syst\u00e8me d\u2019alerte Augier","og_description":"Promouvoir l\u2019int\u00e9grit\u00e9 et la confiance Chez Augier, nous nous engageons \u00e0 respecter les normes les plus \u00e9lev\u00e9es en mati\u00e8re d\u2019\u00e9thique et d\u2019int\u00e9grit\u00e9 des affaires. Notre syst\u00e8me de lancement d\u2019alerte est un \u00e9l\u00e9ment crucial pour garantir la transparence et la confiance entre nos employ\u00e9s, nos clients et toutes les parties prenantes. Si vous soup\u00e7onnez un comportement contraire \u00e0 l'\u00e9thique au sein de notre organisation, veuillez nous le signaler. Accessibilit\u00e9 et anonymat Le service est accessible \u00e0 tous les employ\u00e9s, clients et parties prenantes. Nous garantissons un anonymat et une s\u00e9curit\u00e9 complets \u00e0 toute personne souhaitant signaler d\u2019\u00e9ventuelles irr\u00e9gularit\u00e9s ou comportements contraires \u00e0 l\u2019\u00e9thique. Le syst\u00e8me est g\u00e9r\u00e9 par un prestataire externe et impartial, garantissant que les signalements sont trait\u00e9s dans la plus grande confidentialit\u00e9. Comment \u00e7a fonctionne Les signalements peuvent \u00eatre effectu\u00e9s de mani\u00e8re anonyme. Lors du signalement, un identifiant et un mot de passe seront fournis pour permettre le suivi du cas et la communication avec notre \u00e9quipe, en maintenant le plus haut niveau de confidentialit\u00e9. Tous les signalements sont trait\u00e9s par des personnes d\u00e9sign\u00e9es au sein de notre organisation. Les informations transmises via le canal d\u2019alerte sont totalement s\u00e9curis\u00e9es et il n\u2019y a aucun risque de repr\u00e9sailles. Type de [&hellip;]","og_url":"https:\/\/augier.com\/fr\/systeme-d-alerte-augier\/","og_site_name":"Augier energy","article_modified_time":"2023-12-07T08:38:18+00:00","og_image":[{"width":1366,"height":270,"url":"https:\/\/augier.com\/wp-content\/uploads\/2018\/04\/AUGIER_solution-Distribution_MSA.jpg","type":"image\/jpeg"}],"twitter_card":"summary_large_image","schema":{"@context":"https:\/\/schema.org","@graph":[{"@type":"WebPage","@id":"https:\/\/augier.com\/fr\/systeme-d-alerte-augier\/","url":"https:\/\/augier.com\/fr\/systeme-d-alerte-augier\/","name":"Syst\u00e8me d\u2019alerte Augier","isPartOf":{"@id":"https:\/\/augier.com\/fr\/#website"},"primaryImageOfPage":{"@id":"https:\/\/augier.com\/fr\/systeme-d-alerte-augier\/#primaryimage"},"image":{"@id":"https:\/\/augier.com\/fr\/systeme-d-alerte-augier\/#primaryimage"},"thumbnailUrl":"https:\/\/augier.com\/wp-content\/uploads\/2018\/04\/AUGIER_solution-Distribution_MSA.jpg","datePublished":"2023-12-06T09:47:50+00:00","dateModified":"2023-12-07T08:38:18+00:00","breadcrumb":{"@id":"https:\/\/augier.com\/fr\/systeme-d-alerte-augier\/#breadcrumb"},"inLanguage":"fr-FR","potentialAction":[{"@type":"ReadAction","target":["https:\/\/augier.com\/fr\/systeme-d-alerte-augier\/"]}]},{"@type":"ImageObject","inLanguage":"fr-FR","@id":"https:\/\/augier.com\/fr\/systeme-d-alerte-augier\/#primaryimage","url":"https:\/\/augier.com\/wp-content\/uploads\/2018\/04\/AUGIER_solution-Distribution_MSA.jpg","contentUrl":"https:\/\/augier.com\/wp-content\/uploads\/2018\/04\/AUGIER_solution-Distribution_MSA.jpg","width":1366,"height":270},{"@type":"BreadcrumbList","@id":"https:\/\/augier.com\/fr\/systeme-d-alerte-augier\/#breadcrumb","itemListElement":[{"@type":"ListItem","position":1,"name":"Home","item":"https:\/\/augier.com\/fr\/"},{"@type":"ListItem","position":2,"name":"Syst\u00e8me d\u2019alerte Augier"}]},{"@type":"WebSite","@id":"https:\/\/augier.com\/fr\/#website","url":"https:\/\/augier.com\/fr\/","name":"AUGIER Energy","description":"Just another WordPress site","publisher":{"@id":"https:\/\/augier.com\/fr\/#organization"},"potentialAction":[{"@type":"SearchAction","target":{"@type":"EntryPoint","urlTemplate":"https:\/\/augier.com\/fr\/?s={search_term_string}"},"query-input":{"@type":"PropertyValueSpecification","valueRequired":true,"valueName":"search_term_string"}}],"inLanguage":"fr-FR"},{"@type":"Organization","@id":"https:\/\/augier.com\/fr\/#organization","name":"AUGIER Energy","url":"https:\/\/augier.com\/fr\/","logo":{"@type":"ImageObject","inLanguage":"fr-FR","@id":"https:\/\/augier.com\/fr\/#\/schema\/logo\/image\/","url":"https:\/\/augier.com\/wp-content\/uploads\/2023\/03\/augier-energy-logo-square.jpg","contentUrl":"https:\/\/augier.com\/wp-content\/uploads\/2023\/03\/augier-energy-logo-square.jpg","width":1024,"height":1024,"caption":"AUGIER Energy"},"image":{"@id":"https:\/\/augier.com\/fr\/#\/schema\/logo\/image\/"},"sameAs":["https:\/\/www.youtube.com\/channel\/UCmnwwRp0ll2eKQ34ZdMlIWQ","https:\/\/www.linkedin.com\/company\/5084388\/"]}]}},"_links":{"self":[{"href":"https:\/\/augier.com\/fr\/wp-json\/wp\/v2\/pages\/12851","targetHints":{"allow":["GET"]}}],"collection":[{"href":"https:\/\/augier.com\/fr\/wp-json\/wp\/v2\/pages"}],"about":[{"href":"https:\/\/augier.com\/fr\/wp-json\/wp\/v2\/types\/page"}],"author":[{"embeddable":true,"href":"https:\/\/augier.com\/fr\/wp-json\/wp\/v2\/users\/1"}],"replies":[{"embeddable":true,"href":"https:\/\/augier.com\/fr\/wp-json\/wp\/v2\/comments?post=12851"}],"version-history":[{"count":6,"href":"https:\/\/augier.com\/fr\/wp-json\/wp\/v2\/pages\/12851\/revisions"}],"predecessor-version":[{"id":12862,"href":"https:\/\/augier.com\/fr\/wp-json\/wp\/v2\/pages\/12851\/revisions\/12862"}],"wp:featuredmedia":[{"embeddable":true,"href":"https:\/\/augier.com\/fr\/wp-json\/wp\/v2\/media\/10771"}],"wp:attachment":[{"href":"https:\/\/augier.com\/fr\/wp-json\/wp\/v2\/media?parent=12851"}],"curies":[{"name":"wp","href":"https:\/\/api.w.org\/{rel}","templated":true}]}}