{"id":12595,"date":"2023-05-15T10:43:44","date_gmt":"2023-05-15T08:43:44","guid":{"rendered":"https:\/\/augier.com\/?page_id=12595"},"modified":"2023-05-15T10:43:44","modified_gmt":"2023-05-15T08:43:44","slug":"photovoltaique","status":"publish","type":"page","link":"https:\/\/augier.com\/fr\/applications\/photovoltaique\/","title":{"rendered":"Photovolta\u00efque"},"content":{"rendered":"<p>[et_pb_section fb_built=\u00a0\u00bb1&Prime; fullwidth=\u00a0\u00bbon\u00a0\u00bb _builder_version=\u00a0\u00bb4.17.3&Prime; _module_preset=\u00a0\u00bbdefault\u00a0\u00bb locked=\u00a0\u00bboff\u00a0\u00bb global_colors_info=\u00a0\u00bb{}\u00a0\u00bb][et_pb_fullwidth_slider show_arrows=\u00a0\u00bboff\u00a0\u00bb show_pagination=\u00a0\u00bboff\u00a0\u00bb arrows_custom_color=\u00a0\u00bb#abc52e\u00a0\u00bb dot_nav_custom_color=\u00a0\u00bb#abc52e\u00a0\u00bb _builder_version=\u00a0\u00bb4.21.0&Prime; _module_preset=\u00a0\u00bbdefault\u00a0\u00bb header_level=\u00a0\u00bbh1&Prime; header_font=\u00a0\u00bb|700|||||||\u00a0\u00bb header_font_size=\u00a0\u00bb40px\u00a0\u00bb header_line_height=\u00a0\u00bb1.2em\u00a0\u00bb background_enable_image=\u00a0\u00bboff\u00a0\u00bb max_height_tablet=\u00a0\u00bb55vh\u00a0\u00bb max_height_phone=\u00a0\u00bb55vh\u00a0\u00bb max_height_last_edited=\u00a0\u00bbon|desktop\u00a0\u00bb global_colors_info=\u00a0\u00bb{}\u00a0\u00bb][et_pb_slide heading=\u00a0\u00bb@ET-DC@eyJkeW5hbWljIjp0cnVlLCJjb250ZW50IjoicG9zdF90aXRsZSIsInNldHRpbmdzIjp7ImJlZm9yZSI6IiIsImFmdGVyIjoiIn19@\u00a0\u00bb _builder_version=\u00a0\u00bb4.21.0&Prime; _dynamic_attributes=\u00a0\u00bbbackground_image,heading\u00a0\u00bb _module_preset=\u00a0\u00bbdefault\u00a0\u00bb header_level=\u00a0\u00bbh1&Prime; header_font=\u00a0\u00bb|700|||||||\u00a0\u00bb header_font_size=\u00a0\u00bb40px\u00a0\u00bb background_color=\u00a0\u00bbrgba(0,0,0,0.3)\u00a0\u00bb background_enable_color=\u00a0\u00bbon\u00a0\u00bb background_image=\u00a0\u00bb@ET-DC@eyJkeW5hbWljIjp0cnVlLCJjb250ZW50IjoicG9zdF9mZWF0dXJlZF9pbWFnZSIsInNldHRpbmdzIjp7fX0=@\u00a0\u00bb background_enable_image=\u00a0\u00bbon\u00a0\u00bb background_blend=\u00a0\u00bboverlay\u00a0\u00bb global_colors_info=\u00a0\u00bb{}\u00a0\u00bb sticky_transition=\u00a0\u00bbon\u00a0\u00bb]<\/p>\n<p>Aujourd\u2019hui la transition \u00e9nerg\u00e9tique est une \u00e9vidence.<br \/>Produire de l\u2019\u00e9nergie propre, in\u00e9puisable et partout ne doit pas \u00eatre un obstacle. AUGIER propose des solutions pour transporter l\u2019\u00e9nergie produite plus facilement, au plus pr\u00e8s des utilisations et sans aucunes contraintes.<\/p>\n<p>[\/et_pb_slide][\/et_pb_fullwidth_slider][\/et_pb_section][et_pb_section fb_built=\u00a0\u00bb1&Prime; _builder_version=\u00a0\u00bb4.17.4&Prime; _module_preset=\u00a0\u00bbdefault\u00a0\u00bb global_colors_info=\u00a0\u00bb{}\u00a0\u00bb][et_pb_row _builder_version=\u00a0\u00bb4.17.4&Prime; _module_preset=\u00a0\u00bbdefault\u00a0\u00bb global_colors_info=\u00a0\u00bb{}\u00a0\u00bb][et_pb_column type=\u00a0\u00bb4_4&Prime; _builder_version=\u00a0\u00bb4.17.4&Prime; _module_preset=\u00a0\u00bbdefault\u00a0\u00bb global_colors_info=\u00a0\u00bb{}\u00a0\u00bb][dsm_breadcrumbs show_home_icon=\u00a0\u00bboff\u00a0\u00bb _builder_version=\u00a0\u00bb4.17.4&Prime; _module_preset=\u00a0\u00bbdefault\u00a0\u00bb global_colors_info=\u00a0\u00bb{}\u00a0\u00bb][\/dsm_breadcrumbs][\/et_pb_column][\/et_pb_row][et_pb_row _builder_version=\u00a0\u00bb4.17.4&Prime; _module_preset=\u00a0\u00bbdefault\u00a0\u00bb custom_padding=\u00a0\u00bb||0px||false|false\u00a0\u00bb global_colors_info=\u00a0\u00bb{}\u00a0\u00bb][et_pb_column type=\u00a0\u00bb4_4&Prime; _builder_version=\u00a0\u00bb4.17.4&Prime; _module_preset=\u00a0\u00bbdefault\u00a0\u00bb global_colors_info=\u00a0\u00bb{}\u00a0\u00bb][et_pb_text _builder_version=\u00a0\u00bb4.21.0&Prime; _module_preset=\u00a0\u00bbdefault\u00a0\u00bb global_colors_info=\u00a0\u00bb{}\u00a0\u00bb]<\/p>\n<p>La loi \u00e9nergie climat fixe des objectifs ambitieux visant \u00e0 la neutralit\u00e9 carbonne en 2050. Aucun secteur n\u2019est \u00e9pargn\u00e9 comme par exemple les parkings ext\u00e9rieurs des grandes surfaces. Un article pr\u00e9voit que les parkings ext\u00e9rieurs dont la superficie d\u00e9passe 1 500 m\u00b2 soient \u00e9quip\u00e9s, \u00ab sur au moins la moiti\u00e9 de cette superficie \u00bb, de panneaux photovolta\u00efques pour la \u00ab production d\u2019\u00e9nergies renouvelables \u00bb.<\/p>\n<p>L\u2019association d\u2019un poste \u00e9l\u00e9vateur \u00e0 proximit\u00e9 des panneaux photovoltaiques et d\u2019un poste abaisseur \u00e0 proximit\u00e9 de l\u2019utilisateur permet de transporter l\u2019\u00e9nergie produite plus loin, plus facilement tout en r\u00e9duisant les co\u00fbts et les pertes d\u2019\u00e9nergie. Cette solution permet principalement de r\u00e9duire la section de c\u00e2ble et donc de lever toutes les contraintes actuelles li\u00e9es \u00e0 la distance\/puissance transportable.<\/p>\n<p>[\/et_pb_text][\/et_pb_column][\/et_pb_row][\/et_pb_section][et_pb_section fb_built=\u00a0\u00bb1&Prime; _builder_version=\u00a0\u00bb4.17.4&Prime; _module_preset=\u00a0\u00bbdefault\u00a0\u00bb background_color=\u00a0\u00bb#f7f7f7&Prime; custom_padding=\u00a0\u00bb||0px||false|false\u00a0\u00bb global_colors_info=\u00a0\u00bb{}\u00a0\u00bb][et_pb_row _builder_version=\u00a0\u00bb4.17.4&Prime; _module_preset=\u00a0\u00bbdefault\u00a0\u00bb global_colors_info=\u00a0\u00bb{}\u00a0\u00bb][et_pb_column type=\u00a0\u00bb4_4&Prime; _builder_version=\u00a0\u00bb4.17.4&Prime; _module_preset=\u00a0\u00bbdefault\u00a0\u00bb global_colors_info=\u00a0\u00bb{}\u00a0\u00bb][dsm_dual_heading before_text=\u00a0\u00bbPRODUITS POUR LES \u00a0\u00bb middle_text=\u00a0\u00bb@ET-DC@eyJkeW5hbWljIjp0cnVlLCJjb250ZW50IjoicG9zdF90aXRsZSIsInNldHRpbmdzIjp7ImJlZm9yZSI6IiIsImFmdGVyIjoiIn19@\u00a0\u00bb _builder_version=\u00a0\u00bb4.17.6&Prime; _dynamic_attributes=\u00a0\u00bbmiddle_text\u00a0\u00bb _module_preset=\u00a0\u00bbdefault\u00a0\u00bb header_text_color=\u00a0\u00bb#666666&Prime; before_text_color=\u00a0\u00bb#00abe3&Prime; middle_text_color=\u00a0\u00bb#666666&Prime; global_colors_info=\u00a0\u00bb{}\u00a0\u00bb][\/dsm_dual_heading][\/et_pb_column][\/et_pb_row][et_pb_row _builder_version=\u00a0\u00bb4.17.4&Prime; _module_preset=\u00a0\u00bbdefault\u00a0\u00bb global_colors_info=\u00a0\u00bb{}\u00a0\u00bb][et_pb_column type=\u00a0\u00bb4_4&Prime; _builder_version=\u00a0\u00bb4.17.4&Prime; _module_preset=\u00a0\u00bbdefault\u00a0\u00bb global_colors_info=\u00a0\u00bb{}\u00a0\u00bb][et_pb_filterable_portfolio fullwidth=\u00a0\u00bboff\u00a0\u00bb posts_number=\u00a0\u00bb100&Prime; include_categories=\u00a0\u00bb121&Prime; show_categories=\u00a0\u00bboff\u00a0\u00bb module_class=\u00a0\u00bbhide-filters\u00a0\u00bb _builder_version=\u00a0\u00bb4.21.0&Prime; _module_preset=\u00a0\u00bbdefault\u00a0\u00bb title_level=\u00a0\u00bbh3&Prime; title_font_size=\u00a0\u00bb18px\u00a0\u00bb title_line_height=\u00a0\u00bb1.2em\u00a0\u00bb border_radii_image=\u00a0\u00bbon|7px|7px|7px|7px\u00a0\u00bb box_shadow_style_image=\u00a0\u00bbpreset3&Prime; box_shadow_blur_image=\u00a0\u00bb13px\u00a0\u00bb box_shadow_color_image=\u00a0\u00bbrgba(0,0,0,0.2)\u00a0\u00bb global_colors_info=\u00a0\u00bb{}\u00a0\u00bb][\/et_pb_filterable_portfolio][\/et_pb_column][\/et_pb_row][\/et_pb_section][et_pb_section fb_built=\u00a0\u00bb1&Prime; _builder_version=\u00a0\u00bb4.17.4&Prime; _module_preset=\u00a0\u00bbdefault\u00a0\u00bb locked=\u00a0\u00bboff\u00a0\u00bb global_colors_info=\u00a0\u00bb{}\u00a0\u00bb][et_pb_row _builder_version=\u00a0\u00bb4.17.4&Prime; _module_preset=\u00a0\u00bbdefault\u00a0\u00bb global_colors_info=\u00a0\u00bb{}\u00a0\u00bb][et_pb_column type=\u00a0\u00bb4_4&Prime; _builder_version=\u00a0\u00bb4.17.4&Prime; _module_preset=\u00a0\u00bbdefault\u00a0\u00bb global_colors_info=\u00a0\u00bb{}\u00a0\u00bb][dsm_dual_heading before_text=\u00a0\u00bbMISE EN \u0152UVRE POUR LES \u00a0\u00bb middle_text=\u00a0\u00bb@ET-DC@eyJkeW5hbWljIjp0cnVlLCJjb250ZW50IjoicG9zdF90aXRsZSIsInNldHRpbmdzIjp7ImJlZm9yZSI6IiIsImFmdGVyIjoiIn19@\u00a0\u00bb _builder_version=\u00a0\u00bb4.17.6&Prime; _dynamic_attributes=\u00a0\u00bbmiddle_text\u00a0\u00bb _module_preset=\u00a0\u00bbdefault\u00a0\u00bb header_text_color=\u00a0\u00bb#666666&Prime; before_text_color=\u00a0\u00bb#00abe3&Prime; middle_text_color=\u00a0\u00bb#666666&Prime; global_colors_info=\u00a0\u00bb{}\u00a0\u00bb][\/dsm_dual_heading][et_pb_text _builder_version=\u00a0\u00bb4.17.4&Prime; _module_preset=\u00a0\u00bbdefault\u00a0\u00bb global_colors_info=\u00a0\u00bb{}\u00a0\u00bb]<\/p>\n<div class=\"StpTle\">\n<p class=\"SbTle SbBR\">D\u00e9couvrez nos r\u00e9f\u00e9rences \u00e0 travers le monde qui utilisent les technologies AUGIER.<\/p>\n<\/div>\n<p>[\/et_pb_text][et_pb_blog_extras posts_number=\u00a0\u00bb12&Prime; include_categories=\u00a0\u00bb119&Prime; blog_layout=\u00a0\u00bbblock_extended\u00a0\u00bb show_more=\u00a0\u00bboff\u00a0\u00bb show_author=\u00a0\u00bboff\u00a0\u00bb show_date=\u00a0\u00bboff\u00a0\u00bb show_categories=\u00a0\u00bboff\u00a0\u00bb show_comments=\u00a0\u00bboff\u00a0\u00bb show_load_more=\u00a0\u00bbon\u00a0\u00bb module_class=\u00a0\u00bbblog-extra-no-data\u00a0\u00bb _builder_version=\u00a0\u00bb4.21.0&Prime; _module_preset=\u00a0\u00bbdefault\u00a0\u00bb header_level=\u00a0\u00bbh4&Prime; header_font_size=\u00a0\u00bb20px\u00a0\u00bb header_line_height=\u00a0\u00bb1.2em\u00a0\u00bb box_shadow_style=\u00a0\u00bbpreset3&Prime; locked=\u00a0\u00bboff\u00a0\u00bb global_colors_info=\u00a0\u00bb{}\u00a0\u00bb][\/et_pb_blog_extras][et_pb_button button_url=\u00a0\u00bb@ET-DC@eyJkeW5hbWljIjp0cnVlLCJjb250ZW50IjoicG9zdF9saW5rX3VybF9wYWdlIiwic2V0dGluZ3MiOnsicG9zdF9pZCI6Ijg0MzUifX0=@\u00a0\u00bb button_text=\u00a0\u00bbToutes les r\u00e9f\u00e9rences\u00a0\u00bb _builder_version=\u00a0\u00bb4.19.4&Prime; _dynamic_attributes=\u00a0\u00bbbutton_url\u00a0\u00bb _module_preset=\u00a0\u00bbdefault\u00a0\u00bb global_colors_info=\u00a0\u00bb{}\u00a0\u00bb][\/et_pb_button][\/et_pb_column][\/et_pb_row][\/et_pb_section]<\/p>\n","protected":false},"excerpt":{"rendered":"<p>Aujourd\u2019hui la transition \u00e9nerg\u00e9tique est une \u00e9vidence.Produire de l\u2019\u00e9nergie propre, in\u00e9puisable et partout ne doit pas \u00eatre un obstacle. AUGIER propose des solutions pour transporter l\u2019\u00e9nergie produite plus facilement, au plus pr\u00e8s des utilisations et sans aucunes contraintes.<div class=\"et_pb_module dsm_breadcrumbs dsm_breadcrumbs_0\">\n\t\t\t\t\n\t\t\t\t\n\t\t\t\t\n\t\t\t\t\n\t\t\t\t\n\t\t\t\t\n\t\t\t\t<div class=\"et_pb_module_inner\">\n\t\t\t\t\t<nav class=\"dsm_breadcrumbs_wrap\">\n\t\t\t\t<ul class=\"dsm_breadcrumbs\" itemscope itemtype=\"https:\/\/schema.org\/BreadcrumbList\">\t\t\t<li class=\"dsm_breadcrumbs_item dsm_home_item dsm_home_item_custom\" itemprop=\"itemListElement\" itemscope\n\t\t\titemtype=\"https:\/\/schema.org\/ListItem\">\n\t\t\t\t<a href=\"https:\/\/augier.com\/fr\/\" itemprop=\"item\" target=\"\">\n\t\t\t\t\t<span class='dsm_home_text_wrapper'>\n\t\t\t\t\t\t\t\t\t\t\t\t\t<span class=\"dsm_home_text\" itemprop=\"name\">\n\t\t\t\t\t\t\t\tHome\t\t\t\t\t\t\t<\/span>\n\t\t\t\t\t<\/span>\n\t\t\t\t<\/a>\n\t\t\t\t<meta itemprop=\"position\" content=\"1\" \/>\n\t\t\t<\/li>\n\n\t\t<li class=\"dsm_breadcrumbs_separator\"> <span class=\"et-pb-icon dsm_separator_icon\">5<\/span><\/li><\/ul>\n\t\t\t<\/nav>\n\t\t\t\t<\/div>\n\t\t\t<\/div>La loi \u00e9nergie climat fixe des objectifs ambitieux visant \u00e0 la neutralit\u00e9 carbonne en 2050. Aucun secteur n\u2019est \u00e9pargn\u00e9 comme par exemple les parkings ext\u00e9rieurs des grandes surfaces. Un article pr\u00e9voit que les parkings ext\u00e9rieurs dont la superficie d\u00e9passe 1 500 m\u00b2 soient \u00e9quip\u00e9s, \u00ab sur au moins la moiti\u00e9 de cette superficie \u00bb, de panneaux photovolta\u00efques pour la \u00ab production d\u2019\u00e9nergies renouvelables \u00bb. L\u2019association d\u2019un poste \u00e9l\u00e9vateur \u00e0 proximit\u00e9 des panneaux photovoltaiques et d\u2019un poste abaisseur \u00e0 proximit\u00e9 de l\u2019utilisateur permet de transporter l\u2019\u00e9nergie produite plus loin, plus facilement tout en r\u00e9duisant les co\u00fbts et les pertes d\u2019\u00e9nergie. Cette solution permet principalement de r\u00e9duire la section de c\u00e2ble et donc de lever toutes les contraintes actuelles li\u00e9es \u00e0 la distance\/puissance transportable.<div class=\"et_pb_module dsm_dual_heading dsm_dual_heading_0  et_pb_bg_layout_light\">\n\t\t\t\t\n\t\t\t\t\n\t\t\t\t\n\t\t\t\t\n\t\t\t\t\n\t\t\t\t\n\t\t\t\t<div class=\"et_pb_module_inner\">\n\t\t\t\t\t<h2 class=\"dsm-dual-heading-main et_pb_module_header\"><span class=\"dsm-dual-heading-before\">PRODUITS POUR LES <\/span><\/h2>\n\t\t\t\t<\/div>\n\t\t\t<\/div><div class=\"et_pb_module dsm_dual_heading dsm_dual_heading_1  et_pb_bg_layout_light\">\n\t\t\t\t\n\t\t\t\t\n\t\t\t\t\n\t\t\t\t\n\t\t\t\t\n\t\t\t\t\n\t\t\t\t<div class=\"et_pb_module_inner\">\n\t\t\t\t\t<h2 class=\"dsm-dual-heading-main et_pb_module_header\"><span class=\"dsm-dual-heading-before\">MISE EN \u0152UVRE POUR LES <\/span><\/h2>\n\t\t\t\t<\/div>\n\t\t\t<\/div> D\u00e9couvrez nos r\u00e9f\u00e9rences \u00e0 travers le monde qui utilisent les technologies [&hellip;]<\/p>\n","protected":false},"author":1,"featured_media":12591,"parent":9466,"menu_order":0,"comment_status":"closed","ping_status":"closed","template":"","meta":{"_acf_changed":false,"_et_pb_use_builder":"on","_et_pb_old_content":"","_et_gb_content_width":"","footnotes":""},"class_list":["post-12595","page","type-page","status-publish","has-post-thumbnail","hentry"],"acf":[],"yoast_head":"<!-- This site is optimized with the Yoast SEO plugin v27.4 - https:\/\/yoast.com\/product\/yoast-seo-wordpress\/ -->\n<title>Photovolta\u00efque - Augier energy<\/title>\n<meta name=\"description\" content=\"Produire de l\u2019\u00e9nergie propre, in\u00e9puisable et partout ne doit pas \u00eatre un obstacle. AUGIER propose des solutions pour transporter l\u2019\u00e9nergie produite plus facilement, au plus pr\u00e8s des utilisations et sans aucunes contraintes.\" \/>\n<meta name=\"robots\" content=\"index, follow, max-snippet:-1, max-image-preview:large, max-video-preview:-1\" \/>\n<link rel=\"canonical\" href=\"https:\/\/augier.com\/fr\/applications\/photovoltaique\/\" \/>\n<meta property=\"og:locale\" content=\"fr_FR\" \/>\n<meta property=\"og:type\" content=\"article\" \/>\n<meta property=\"og:title\" content=\"Photovolta\u00efque - Augier energy\" \/>\n<meta property=\"og:description\" content=\"Produire de l\u2019\u00e9nergie propre, in\u00e9puisable et partout ne doit pas \u00eatre un obstacle. AUGIER propose des solutions pour transporter l\u2019\u00e9nergie produite plus facilement, au plus pr\u00e8s des utilisations et sans aucunes contraintes.\" \/>\n<meta property=\"og:url\" content=\"https:\/\/augier.com\/fr\/applications\/photovoltaique\/\" \/>\n<meta property=\"og:site_name\" content=\"Augier energy\" \/>\n<meta property=\"og:image\" content=\"https:\/\/augier.com\/wp-content\/uploads\/2023\/05\/application-photovoltaique.jpg\" \/>\n\t<meta property=\"og:image:width\" content=\"783\" \/>\n\t<meta property=\"og:image:height\" content=\"261\" \/>\n\t<meta property=\"og:image:type\" content=\"image\/jpeg\" \/>\n<meta name=\"twitter:card\" content=\"summary_large_image\" \/>\n<script type=\"application\/ld+json\" class=\"yoast-schema-graph\">{\"@context\":\"https:\\\/\\\/schema.org\",\"@graph\":[{\"@type\":\"WebPage\",\"@id\":\"https:\\\/\\\/augier.com\\\/fr\\\/applications\\\/photovoltaique\\\/\",\"url\":\"https:\\\/\\\/augier.com\\\/fr\\\/applications\\\/photovoltaique\\\/\",\"name\":\"Photovolta\u00efque - Augier energy\",\"isPartOf\":{\"@id\":\"https:\\\/\\\/augier.com\\\/fr\\\/#website\"},\"primaryImageOfPage\":{\"@id\":\"https:\\\/\\\/augier.com\\\/fr\\\/applications\\\/photovoltaique\\\/#primaryimage\"},\"image\":{\"@id\":\"https:\\\/\\\/augier.com\\\/fr\\\/applications\\\/photovoltaique\\\/#primaryimage\"},\"thumbnailUrl\":\"https:\\\/\\\/augier.com\\\/wp-content\\\/uploads\\\/2023\\\/05\\\/application-photovoltaique.jpg\",\"datePublished\":\"2023-05-15T08:43:44+00:00\",\"description\":\"Produire de l\u2019\u00e9nergie propre, in\u00e9puisable et partout ne doit pas \u00eatre un obstacle. AUGIER propose des solutions pour transporter l\u2019\u00e9nergie produite plus facilement, au plus pr\u00e8s des utilisations et sans aucunes contraintes.\",\"breadcrumb\":{\"@id\":\"https:\\\/\\\/augier.com\\\/fr\\\/applications\\\/photovoltaique\\\/#breadcrumb\"},\"inLanguage\":\"fr-FR\",\"potentialAction\":[{\"@type\":\"ReadAction\",\"target\":[\"https:\\\/\\\/augier.com\\\/fr\\\/applications\\\/photovoltaique\\\/\"]}]},{\"@type\":\"ImageObject\",\"inLanguage\":\"fr-FR\",\"@id\":\"https:\\\/\\\/augier.com\\\/fr\\\/applications\\\/photovoltaique\\\/#primaryimage\",\"url\":\"https:\\\/\\\/augier.com\\\/wp-content\\\/uploads\\\/2023\\\/05\\\/application-photovoltaique.jpg\",\"contentUrl\":\"https:\\\/\\\/augier.com\\\/wp-content\\\/uploads\\\/2023\\\/05\\\/application-photovoltaique.jpg\",\"width\":783,\"height\":261},{\"@type\":\"BreadcrumbList\",\"@id\":\"https:\\\/\\\/augier.com\\\/fr\\\/applications\\\/photovoltaique\\\/#breadcrumb\",\"itemListElement\":[{\"@type\":\"ListItem\",\"position\":1,\"name\":\"Home\",\"item\":\"https:\\\/\\\/augier.com\\\/fr\\\/\"},{\"@type\":\"ListItem\",\"position\":2,\"name\":\"Applications\",\"item\":\"https:\\\/\\\/augier.com\\\/fr\\\/applications\\\/\"},{\"@type\":\"ListItem\",\"position\":3,\"name\":\"Photovolta\u00efque\"}]},{\"@type\":\"WebSite\",\"@id\":\"https:\\\/\\\/augier.com\\\/fr\\\/#website\",\"url\":\"https:\\\/\\\/augier.com\\\/fr\\\/\",\"name\":\"AUGIER Energy\",\"description\":\"Just another WordPress site\",\"publisher\":{\"@id\":\"https:\\\/\\\/augier.com\\\/fr\\\/#organization\"},\"potentialAction\":[{\"@type\":\"SearchAction\",\"target\":{\"@type\":\"EntryPoint\",\"urlTemplate\":\"https:\\\/\\\/augier.com\\\/fr\\\/?s={search_term_string}\"},\"query-input\":{\"@type\":\"PropertyValueSpecification\",\"valueRequired\":true,\"valueName\":\"search_term_string\"}}],\"inLanguage\":\"fr-FR\"},{\"@type\":\"Organization\",\"@id\":\"https:\\\/\\\/augier.com\\\/fr\\\/#organization\",\"name\":\"AUGIER Energy\",\"url\":\"https:\\\/\\\/augier.com\\\/fr\\\/\",\"logo\":{\"@type\":\"ImageObject\",\"inLanguage\":\"fr-FR\",\"@id\":\"https:\\\/\\\/augier.com\\\/fr\\\/#\\\/schema\\\/logo\\\/image\\\/\",\"url\":\"https:\\\/\\\/augier.com\\\/wp-content\\\/uploads\\\/2023\\\/03\\\/augier-energy-logo-square.jpg\",\"contentUrl\":\"https:\\\/\\\/augier.com\\\/wp-content\\\/uploads\\\/2023\\\/03\\\/augier-energy-logo-square.jpg\",\"width\":1024,\"height\":1024,\"caption\":\"AUGIER Energy\"},\"image\":{\"@id\":\"https:\\\/\\\/augier.com\\\/fr\\\/#\\\/schema\\\/logo\\\/image\\\/\"},\"sameAs\":[\"https:\\\/\\\/www.youtube.com\\\/channel\\\/UCmnwwRp0ll2eKQ34ZdMlIWQ\",\"https:\\\/\\\/www.linkedin.com\\\/company\\\/5084388\\\/\"]}]}<\/script>\n<!-- \/ Yoast SEO plugin. -->","yoast_head_json":{"title":"Photovolta\u00efque - Augier energy","description":"Produire de l\u2019\u00e9nergie propre, in\u00e9puisable et partout ne doit pas \u00eatre un obstacle. AUGIER propose des solutions pour transporter l\u2019\u00e9nergie produite plus facilement, au plus pr\u00e8s des utilisations et sans aucunes contraintes.","robots":{"index":"index","follow":"follow","max-snippet":"max-snippet:-1","max-image-preview":"max-image-preview:large","max-video-preview":"max-video-preview:-1"},"canonical":"https:\/\/augier.com\/fr\/applications\/photovoltaique\/","og_locale":"fr_FR","og_type":"article","og_title":"Photovolta\u00efque - Augier energy","og_description":"Produire de l\u2019\u00e9nergie propre, in\u00e9puisable et partout ne doit pas \u00eatre un obstacle. AUGIER propose des solutions pour transporter l\u2019\u00e9nergie produite plus facilement, au plus pr\u00e8s des utilisations et sans aucunes contraintes.","og_url":"https:\/\/augier.com\/fr\/applications\/photovoltaique\/","og_site_name":"Augier energy","og_image":[{"width":783,"height":261,"url":"https:\/\/augier.com\/wp-content\/uploads\/2023\/05\/application-photovoltaique.jpg","type":"image\/jpeg"}],"twitter_card":"summary_large_image","schema":{"@context":"https:\/\/schema.org","@graph":[{"@type":"WebPage","@id":"https:\/\/augier.com\/fr\/applications\/photovoltaique\/","url":"https:\/\/augier.com\/fr\/applications\/photovoltaique\/","name":"Photovolta\u00efque - Augier energy","isPartOf":{"@id":"https:\/\/augier.com\/fr\/#website"},"primaryImageOfPage":{"@id":"https:\/\/augier.com\/fr\/applications\/photovoltaique\/#primaryimage"},"image":{"@id":"https:\/\/augier.com\/fr\/applications\/photovoltaique\/#primaryimage"},"thumbnailUrl":"https:\/\/augier.com\/wp-content\/uploads\/2023\/05\/application-photovoltaique.jpg","datePublished":"2023-05-15T08:43:44+00:00","description":"Produire de l\u2019\u00e9nergie propre, in\u00e9puisable et partout ne doit pas \u00eatre un obstacle. AUGIER propose des solutions pour transporter l\u2019\u00e9nergie produite plus facilement, au plus pr\u00e8s des utilisations et sans aucunes contraintes.","breadcrumb":{"@id":"https:\/\/augier.com\/fr\/applications\/photovoltaique\/#breadcrumb"},"inLanguage":"fr-FR","potentialAction":[{"@type":"ReadAction","target":["https:\/\/augier.com\/fr\/applications\/photovoltaique\/"]}]},{"@type":"ImageObject","inLanguage":"fr-FR","@id":"https:\/\/augier.com\/fr\/applications\/photovoltaique\/#primaryimage","url":"https:\/\/augier.com\/wp-content\/uploads\/2023\/05\/application-photovoltaique.jpg","contentUrl":"https:\/\/augier.com\/wp-content\/uploads\/2023\/05\/application-photovoltaique.jpg","width":783,"height":261},{"@type":"BreadcrumbList","@id":"https:\/\/augier.com\/fr\/applications\/photovoltaique\/#breadcrumb","itemListElement":[{"@type":"ListItem","position":1,"name":"Home","item":"https:\/\/augier.com\/fr\/"},{"@type":"ListItem","position":2,"name":"Applications","item":"https:\/\/augier.com\/fr\/applications\/"},{"@type":"ListItem","position":3,"name":"Photovolta\u00efque"}]},{"@type":"WebSite","@id":"https:\/\/augier.com\/fr\/#website","url":"https:\/\/augier.com\/fr\/","name":"AUGIER Energy","description":"Just another WordPress site","publisher":{"@id":"https:\/\/augier.com\/fr\/#organization"},"potentialAction":[{"@type":"SearchAction","target":{"@type":"EntryPoint","urlTemplate":"https:\/\/augier.com\/fr\/?s={search_term_string}"},"query-input":{"@type":"PropertyValueSpecification","valueRequired":true,"valueName":"search_term_string"}}],"inLanguage":"fr-FR"},{"@type":"Organization","@id":"https:\/\/augier.com\/fr\/#organization","name":"AUGIER Energy","url":"https:\/\/augier.com\/fr\/","logo":{"@type":"ImageObject","inLanguage":"fr-FR","@id":"https:\/\/augier.com\/fr\/#\/schema\/logo\/image\/","url":"https:\/\/augier.com\/wp-content\/uploads\/2023\/03\/augier-energy-logo-square.jpg","contentUrl":"https:\/\/augier.com\/wp-content\/uploads\/2023\/03\/augier-energy-logo-square.jpg","width":1024,"height":1024,"caption":"AUGIER Energy"},"image":{"@id":"https:\/\/augier.com\/fr\/#\/schema\/logo\/image\/"},"sameAs":["https:\/\/www.youtube.com\/channel\/UCmnwwRp0ll2eKQ34ZdMlIWQ","https:\/\/www.linkedin.com\/company\/5084388\/"]}]}},"_links":{"self":[{"href":"https:\/\/augier.com\/fr\/wp-json\/wp\/v2\/pages\/12595","targetHints":{"allow":["GET"]}}],"collection":[{"href":"https:\/\/augier.com\/fr\/wp-json\/wp\/v2\/pages"}],"about":[{"href":"https:\/\/augier.com\/fr\/wp-json\/wp\/v2\/types\/page"}],"author":[{"embeddable":true,"href":"https:\/\/augier.com\/fr\/wp-json\/wp\/v2\/users\/1"}],"replies":[{"embeddable":true,"href":"https:\/\/augier.com\/fr\/wp-json\/wp\/v2\/comments?post=12595"}],"version-history":[{"count":5,"href":"https:\/\/augier.com\/fr\/wp-json\/wp\/v2\/pages\/12595\/revisions"}],"predecessor-version":[{"id":12610,"href":"https:\/\/augier.com\/fr\/wp-json\/wp\/v2\/pages\/12595\/revisions\/12610"}],"up":[{"embeddable":true,"href":"https:\/\/augier.com\/fr\/wp-json\/wp\/v2\/pages\/9466"}],"wp:featuredmedia":[{"embeddable":true,"href":"https:\/\/augier.com\/fr\/wp-json\/wp\/v2\/media\/12591"}],"wp:attachment":[{"href":"https:\/\/augier.com\/fr\/wp-json\/wp\/v2\/media?parent=12595"}],"curies":[{"name":"wp","href":"https:\/\/api.w.org\/{rel}","templated":true}]}}