{"id":12009,"date":"2022-06-01T16:56:39","date_gmt":"2022-06-01T14:56:39","guid":{"rendered":"https:\/\/augier.com\/variateurs-regulateurs\/"},"modified":"2023-03-27T11:41:04","modified_gmt":"2023-03-27T09:41:04","slug":"variateurs-regulateurs","status":"publish","type":"page","link":"https:\/\/augier.com\/fr\/variateurs-regulateurs\/","title":{"rendered":"Variateurs &amp; r\u00e9gulateurs"},"content":{"rendered":"<p>[et_pb_section fb_built=\u00a0\u00bb1&Prime; fullwidth=\u00a0\u00bbon\u00a0\u00bb _builder_version=\u00a0\u00bb4.17.3&Prime; _module_preset=\u00a0\u00bbdefault\u00a0\u00bb locked=\u00a0\u00bboff\u00a0\u00bb global_colors_info=\u00a0\u00bb{}\u00a0\u00bb][et_pb_fullwidth_slider show_arrows=\u00a0\u00bboff\u00a0\u00bb show_pagination=\u00a0\u00bboff\u00a0\u00bb arrows_custom_color=\u00a0\u00bb#abc52e\u00a0\u00bb dot_nav_custom_color=\u00a0\u00bb#abc52e\u00a0\u00bb _builder_version=\u00a0\u00bb4.17.4&Prime; _module_preset=\u00a0\u00bbdefault\u00a0\u00bb header_level=\u00a0\u00bbh1&Prime; header_font=\u00a0\u00bb|700|||||||\u00a0\u00bb header_font_size=\u00a0\u00bb40px\u00a0\u00bb header_line_height=\u00a0\u00bb1.2em\u00a0\u00bb background_enable_image=\u00a0\u00bboff\u00a0\u00bb max_height=\u00a0\u00bb42vh\u00a0\u00bb max_height_tablet=\u00a0\u00bb55vh\u00a0\u00bb max_height_phone=\u00a0\u00bb55vh\u00a0\u00bb max_height_last_edited=\u00a0\u00bbon|desktop\u00a0\u00bb global_colors_info=\u00a0\u00bb{}\u00a0\u00bb][et_pb_slide heading=\u00a0\u00bbVariateurs &amp; r\u00e9gulateurs\u00a0\u00bb _builder_version=\u00a0\u00bb4.17.4&Prime; _module_preset=\u00a0\u00bbdefault\u00a0\u00bb header_level=\u00a0\u00bbh1&Prime; header_font=\u00a0\u00bb|700|||||||\u00a0\u00bb header_font_size=\u00a0\u00bb40px\u00a0\u00bb background_color=\u00a0\u00bbrgba(0,69,94,0.5)\u00a0\u00bb background_enable_color=\u00a0\u00bbon\u00a0\u00bb background_image=\u00a0\u00bbhttps:\/\/augier.com\/wp-content\/uploads\/2018\/01\/Economie-denergie-Variateur-de-tension-Regulateur-2000&#215;600-1.jpg\u00a0\u00bb background_enable_image=\u00a0\u00bbon\u00a0\u00bb background_blend=\u00a0\u00bboverlay\u00a0\u00bb global_colors_info=\u00a0\u00bb{}\u00a0\u00bb sticky_transition=\u00a0\u00bbon\u00a0\u00bb][\/et_pb_slide][\/et_pb_fullwidth_slider][\/et_pb_section][et_pb_section fb_built=\u00a0\u00bb1&Prime; _builder_version=\u00a0\u00bb4.17.4&Prime; _module_preset=\u00a0\u00bbdefault\u00a0\u00bb background_color=\u00a0\u00bb#f7f7f7&Prime; global_colors_info=\u00a0\u00bb{}\u00a0\u00bb][et_pb_row _builder_version=\u00a0\u00bb4.17.4&Prime; _module_preset=\u00a0\u00bbdefault\u00a0\u00bb global_colors_info=\u00a0\u00bb{}\u00a0\u00bb][et_pb_column type=\u00a0\u00bb4_4&Prime; _builder_version=\u00a0\u00bb4.17.4&Prime; _module_preset=\u00a0\u00bbdefault\u00a0\u00bb global_colors_info=\u00a0\u00bb{}\u00a0\u00bb][et_pb_text _builder_version=\u00a0\u00bb4.20.2&Prime; _module_preset=\u00a0\u00bbdefault\u00a0\u00bb text_orientation=\u00a0\u00bbcenter\u00a0\u00bb global_colors_info=\u00a0\u00bb{}\u00a0\u00bb]<\/p>\n<p>Depuis plus de 30 ans, pour s\u2019adapter aux besoins de nos clients et faire face aux enjeux technologiques et environnementaux (av\u00e8nement des feux LED, technologie IGBT), AUGIER offre une large de gamme de r\u00e9gulateurs (IGBT, Thyristors, compact) permettant d\u2019alimenter tout type de charge y compris celles 100% LED. Les variateurs \/ r\u00e9gulateurs COMPACTO II permettent de r\u00e9duire la consommation \u00e9lectrique de nos r\u00e9seaux d\u2019\u00e9clairage publique de plus de 30%, tout en augmentant la dur\u00e9e de vie des lampes.<\/p>\n<p>[\/et_pb_text][\/et_pb_column][\/et_pb_row][\/et_pb_section][et_pb_section fb_built=\u00a0\u00bb1&Prime; _builder_version=\u00a0\u00bb4.17.4&Prime; _module_preset=\u00a0\u00bbdefault\u00a0\u00bb background_color=\u00a0\u00bb#FFFFFF\u00a0\u00bb custom_padding=\u00a0\u00bb||0px||false|false\u00a0\u00bb locked=\u00a0\u00bboff\u00a0\u00bb global_colors_info=\u00a0\u00bb{}\u00a0\u00bb][et_pb_row column_structure=\u00a0\u00bb1_4,3_4&Prime; module_class=\u00a0\u00bbflex_row flex_mobile_reverse\u00a0\u00bb _builder_version=\u00a0\u00bb4.17.4&Prime; _module_preset=\u00a0\u00bbdefault\u00a0\u00bb global_colors_info=\u00a0\u00bb{}\u00a0\u00bb][et_pb_column type=\u00a0\u00bb1_4&Prime; _builder_version=\u00a0\u00bb4.17.4&Prime; _module_preset=\u00a0\u00bbdefault\u00a0\u00bb global_colors_info=\u00a0\u00bb{}\u00a0\u00bb][dsm_menu title=\u00a0\u00bbNos produits\u00a0\u00bb menu_id=\u00a0\u00bb49&Prime; module_class=\u00a0\u00bbcategory-menu\u00a0\u00bb _builder_version=\u00a0\u00bb4.17.4&Prime; _module_preset=\u00a0\u00bbdefault\u00a0\u00bb header_level=\u00a0\u00bbh3&Prime; background_color=\u00a0\u00bb#f7f7f7&Prime; custom_margin=\u00a0\u00bb||||false|false\u00a0\u00bb custom_padding=\u00a0\u00bb15px|10px|15px|15px|false|false\u00a0\u00bb border_radii=\u00a0\u00bbon|10px|10px|10px|10px\u00a0\u00bb global_colors_info=\u00a0\u00bb{}\u00a0\u00bb][\/dsm_menu][\/et_pb_column][et_pb_column type=\u00a0\u00bb3_4&Prime; _builder_version=\u00a0\u00bb4.17.4&Prime; _module_preset=\u00a0\u00bbdefault\u00a0\u00bb global_colors_info=\u00a0\u00bb{}\u00a0\u00bb][et_pb_filterable_portfolio fullwidth=\u00a0\u00bboff\u00a0\u00bb posts_number=\u00a0\u00bb100&Prime; include_categories=\u00a0\u00bb25&Prime; show_categories=\u00a0\u00bboff\u00a0\u00bb module_class=\u00a0\u00bbhide-filters\u00a0\u00bb _builder_version=\u00a0\u00bb4.17.4&Prime; _module_preset=\u00a0\u00bbdefault\u00a0\u00bb title_level=\u00a0\u00bbh3&Prime; title_font_size=\u00a0\u00bb18px\u00a0\u00bb title_line_height=\u00a0\u00bb1.2em\u00a0\u00bb border_radii_image=\u00a0\u00bbon|7px|7px|7px|7px\u00a0\u00bb box_shadow_style_image=\u00a0\u00bbpreset3&Prime; box_shadow_blur_image=\u00a0\u00bb13px\u00a0\u00bb box_shadow_color_image=\u00a0\u00bbrgba(0,0,0,0.2)\u00a0\u00bb global_colors_info=\u00a0\u00bb{}\u00a0\u00bb][\/et_pb_filterable_portfolio][\/et_pb_column][\/et_pb_row][\/et_pb_section][et_pb_section fb_built=\u00a0\u00bb1&Prime; _builder_version=\u00a0\u00bb4.17.4&Prime; _module_preset=\u00a0\u00bbdefault\u00a0\u00bb background_image=\u00a0\u00bbhttps:\/\/augier.com\/wp-content\/uploads\/2017\/12\/BgStpQts_001.jpg\u00a0\u00bb custom_padding=\u00a0\u00bb||||false|false\u00a0\u00bb global_module=\u00a0\u00bb8073&Prime; global_colors_info=\u00a0\u00bb{}\u00a0\u00bb][et_pb_row column_structure=\u00a0\u00bb2_5,3_5&Prime; make_equal=\u00a0\u00bbon\u00a0\u00bb _builder_version=\u00a0\u00bb4.17.4&Prime; _module_preset=\u00a0\u00bbdefault\u00a0\u00bb background_enable_image=\u00a0\u00bboff\u00a0\u00bb custom_padding=\u00a0\u00bb||||false|false\u00a0\u00bb global_colors_info=\u00a0\u00bb{}\u00a0\u00bb][et_pb_column type=\u00a0\u00bb2_5&Prime; _builder_version=\u00a0\u00bb4.17.4&Prime; _module_preset=\u00a0\u00bbdefault\u00a0\u00bb background_enable_image=\u00a0\u00bboff\u00a0\u00bb background_size=\u00a0\u00bbcustom\u00a0\u00bb background_image_height=\u00a0\u00bb47%\u00a0\u00bb background_position=\u00a0\u00bbbottom_center\u00a0\u00bb global_colors_info=\u00a0\u00bb{}\u00a0\u00bb][\/et_pb_column][et_pb_column type=\u00a0\u00bb3_5&Prime; _builder_version=\u00a0\u00bb4.17.4&Prime; _module_preset=\u00a0\u00bbdefault\u00a0\u00bb global_colors_info=\u00a0\u00bb{}\u00a0\u00bb][et_pb_text _builder_version=\u00a0\u00bb4.17.4&Prime; _module_preset=\u00a0\u00bbdefault\u00a0\u00bb text_text_color=\u00a0\u00bb#FFFFFF\u00a0\u00bb header_2_text_color=\u00a0\u00bb#FFFFFF\u00a0\u00bb header_3_text_color=\u00a0\u00bb#FFFFFF\u00a0\u00bb global_colors_info=\u00a0\u00bb{}\u00a0\u00bb]<\/p>\n<h2>NOUS VOUS ACCOMPAGNONS<br \/>avec votre projet<\/h2>\n<p>AUGIER Energy vous aide \u00e0 \u00e9tudier votre projet autant que n\u00e9cessaire afin de vous proposer la meilleure solution technique et \u00e9conomique.<\/p>\n<p>[\/et_pb_text][\/et_pb_column][\/et_pb_row][et_pb_row column_structure=\u00a0\u00bb2_5,3_5&Prime; _builder_version=\u00a0\u00bb4.17.4&Prime; _module_preset=\u00a0\u00bbdefault\u00a0\u00bb positioning=\u00a0\u00bbabsolute\u00a0\u00bb position_origin_a=\u00a0\u00bbbottom_center\u00a0\u00bb custom_padding=\u00a0\u00bb0px||0px||false|false\u00a0\u00bb global_colors_info=\u00a0\u00bb{}\u00a0\u00bb][et_pb_column type=\u00a0\u00bb2_5&Prime; _builder_version=\u00a0\u00bb4.17.4&Prime; _module_preset=\u00a0\u00bbdefault\u00a0\u00bb global_colors_info=\u00a0\u00bb{}\u00a0\u00bb][et_pb_image src=\u00a0\u00bbhttps:\/\/augier.com\/wp-content\/uploads\/2017\/12\/BGMan_001.png\u00a0\u00bb alt=\u00a0\u00bbService d&rsquo;assistance\u00a0\u00bb title_text=\u00a0\u00bbBGMan_001&Prime; align=\u00a0\u00bbcenter\u00a0\u00bb disabled_on=\u00a0\u00bbon|on|off\u00a0\u00bb _builder_version=\u00a0\u00bb4.17.4&Prime; _module_preset=\u00a0\u00bbdefault\u00a0\u00bb height=\u00a0\u00bb200px\u00a0\u00bb global_colors_info=\u00a0\u00bb{}\u00a0\u00bb][\/et_pb_image][\/et_pb_column][et_pb_column type=\u00a0\u00bb3_5&Prime; _builder_version=\u00a0\u00bb4.17.4&Prime; _module_preset=\u00a0\u00bbdefault\u00a0\u00bb global_colors_info=\u00a0\u00bb{}\u00a0\u00bb][\/et_pb_column][\/et_pb_row][\/et_pb_section][et_pb_section fb_built=\u00a0\u00bb1&Prime; _builder_version=\u00a0\u00bb4.17.4&Prime; _module_preset=\u00a0\u00bbdefault\u00a0\u00bb custom_padding=\u00a0\u00bb0px||0px||false|false\u00a0\u00bb global_module=\u00a0\u00bb8074&Prime; global_colors_info=\u00a0\u00bb{}\u00a0\u00bb][et_pb_row _builder_version=\u00a0\u00bb4.17.4&Prime; _module_preset=\u00a0\u00bbdefault\u00a0\u00bb global_colors_info=\u00a0\u00bb{}\u00a0\u00bb][et_pb_column type=\u00a0\u00bb4_4&Prime; _builder_version=\u00a0\u00bb4.17.4&Prime; _module_preset=\u00a0\u00bbdefault\u00a0\u00bb global_colors_info=\u00a0\u00bb{}\u00a0\u00bb][dsm_dual_heading before_text=\u00a0\u00bbAUGIER, DES SP\u00c9CIALISTES \u00a0\u00bb middle_text=\u00a0\u00bb\u00c0 votre service\u00a0\u00bb heading_html_tag=\u00a0\u00bbh3&Prime; _builder_version=\u00a0\u00bb4.17.4&Prime; _module_preset=\u00a0\u00bbdefault\u00a0\u00bb header_text_color=\u00a0\u00bb#666666&Prime; before_text_color=\u00a0\u00bb#00abe3&Prime; middle_text_color=\u00a0\u00bb#666666&Prime; text_orientation=\u00a0\u00bbcenter\u00a0\u00bb global_colors_info=\u00a0\u00bb{}\u00a0\u00bb][\/dsm_dual_heading][et_pb_button button_url=\u00a0\u00bb@ET-DC@eyJkeW5hbWljIjp0cnVlLCJjb250ZW50IjoicG9zdF9saW5rX3VybF9wYWdlIiwic2V0dGluZ3MiOnsicG9zdF9pZCI6IjU1In19@\u00a0\u00bb button_text=\u00a0\u00bbNous contacter\u00a0\u00bb button_alignment=\u00a0\u00bbcenter\u00a0\u00bb _builder_version=\u00a0\u00bb4.20.2&Prime; _dynamic_attributes=\u00a0\u00bbbutton_url\u00a0\u00bb _module_preset=\u00a0\u00bbdefault\u00a0\u00bb global_colors_info=\u00a0\u00bb{}\u00a0\u00bb][\/et_pb_button][\/et_pb_column][\/et_pb_row][\/et_pb_section]<\/p>\n","protected":false},"excerpt":{"rendered":"<p>Depuis plus de 30 ans, pour s\u2019adapter aux besoins de nos clients et faire face aux enjeux technologiques et environnementaux (av\u00e8nement des feux LED, technologie IGBT), AUGIER offre une large de gamme de r\u00e9gulateurs (IGBT, Thyristors, compact) permettant d\u2019alimenter tout type de charge y compris celles 100% LED. Les variateurs \/ r\u00e9gulateurs COMPACTO II permettent de r\u00e9duire la consommation \u00e9lectrique de nos r\u00e9seaux d\u2019\u00e9clairage publique de plus de 30%, tout en augmentant la dur\u00e9e de vie des lampes.<div class=\"et_pb_module dsm_menu dsm_menu_0 category-menu  et_pb_text_align_left et_pb_bg_layout_light\">\n\t\t\t\t\n\t\t\t\t\n\t\t\t\t\n\t\t\t\t\n\t\t\t\t\n\t\t\t\t\n\t\t\t\t<div class=\"et_pb_module_inner\">\n\t\t\t\t\t<h3 class=\"dsm-menu-title et_pb_module_header\">Nos produits<\/h3><nav class=\"dsm-menu-container\" role=navigation itemscope itemtype=http:\/\/schema.org\/SiteNavigationElement><ul id=\"menu-products-category-fra\" class=\"dsm-menu dsm-menu-style-type-disc dsm-menu-layout-vertical\"><li id=\"menu-item-9675\" class=\"et_pb_menu_page_id-9255 menu-item menu-item-type-post_type menu-item-object-page menu-item-9675\"><a href=\"https:\/\/augier.com\/fr\/postes-de-transformation\/\" itemprop=\"url\"><span itemprop=\"name\">Postes de transformation<\/span><\/a><\/li>\n<li id=\"menu-item-9676\" class=\"et_pb_menu_page_id-9318 menu-item menu-item-type-post_type menu-item-object-page menu-item-9676\"><a href=\"https:\/\/augier.com\/fr\/transformateurs-de-reseau-et-equipements\/\" itemprop=\"url\"><span itemprop=\"name\">Transformateurs de r\u00e9seau et \u00e9quipements<\/span><\/a><\/li>\n<li id=\"menu-item-9677\" class=\"et_pb_menu_page_id-9359 menu-item menu-item-type-post_type menu-item-object-page menu-item-9677\"><a href=\"https:\/\/augier.com\/fr\/communication-et-supervision\/\" itemprop=\"url\"><span itemprop=\"name\">Communication et supervision<\/span><\/a><\/li>\n<\/ul><\/nav>\n\t\t\t\t<\/div>\n\t\t\t<\/div>NOUS VOUS ACCOMPAGNONSavec votre projet AUGIER Energy vous aide \u00e0 \u00e9tudier votre projet autant que n\u00e9cessaire afin de vous proposer la meilleure solution technique et \u00e9conomique.<div class=\"et_pb_module dsm_dual_heading dsm_dual_heading_0  et_pb_text_align_center et_pb_bg_layout_light\">\n\t\t\t\t\n\t\t\t\t\n\t\t\t\t\n\t\t\t\t\n\t\t\t\t\n\t\t\t\t\n\t\t\t\t<div class=\"et_pb_module_inner\">\n\t\t\t\t\t<h3 class=\"dsm-dual-heading-main et_pb_module_header\"><span class=\"dsm-dual-heading-before\">AUGIER, DES SP\u00c9CIALISTES <\/span><span class=\"dsm-dual-heading-middle\">\u00c0 votre service<\/span><\/h3>\n\t\t\t\t<\/div>\n\t\t\t<\/div><\/p>\n","protected":false},"author":1,"featured_media":0,"parent":0,"menu_order":0,"comment_status":"closed","ping_status":"closed","template":"","meta":{"_acf_changed":false,"_et_pb_use_builder":"on","_et_pb_old_content":"","_et_gb_content_width":"","footnotes":""},"class_list":["post-12009","page","type-page","status-publish","hentry"],"acf":[],"yoast_head":"<!-- This site is optimized with the Yoast SEO plugin v27.4 - https:\/\/yoast.com\/product\/yoast-seo-wordpress\/ -->\n<title>Variateurs &amp; r\u00e9gulateurs - Augier energy<\/title>\n<meta name=\"description\" content=\"Depuis plus de 30 ans, pour s\u2019adapter aux besoins de nos clients et faire face aux enjeux technologiques et environnementaux.\" \/>\n<meta name=\"robots\" content=\"index, follow, max-snippet:-1, max-image-preview:large, max-video-preview:-1\" \/>\n<link rel=\"canonical\" href=\"https:\/\/augier.com\/fr\/variateurs-regulateurs\/\" \/>\n<meta property=\"og:locale\" content=\"fr_FR\" \/>\n<meta property=\"og:type\" content=\"article\" \/>\n<meta property=\"og:title\" content=\"Variateurs &amp; r\u00e9gulateurs - Augier energy\" \/>\n<meta property=\"og:description\" content=\"Depuis plus de 30 ans, pour s\u2019adapter aux besoins de nos clients et faire face aux enjeux technologiques et environnementaux.\" \/>\n<meta property=\"og:url\" content=\"https:\/\/augier.com\/fr\/variateurs-regulateurs\/\" \/>\n<meta property=\"og:site_name\" content=\"Augier energy\" \/>\n<meta property=\"article:modified_time\" content=\"2023-03-27T09:41:04+00:00\" \/>\n<meta property=\"og:image\" content=\"https:\/\/augier.com\/wp-content\/uploads\/2023\/03\/augier-energy-logo-big.jpg\" \/>\n\t<meta property=\"og:image:width\" content=\"1200\" \/>\n\t<meta property=\"og:image:height\" content=\"675\" \/>\n\t<meta property=\"og:image:type\" content=\"image\/jpeg\" \/>\n<meta name=\"twitter:card\" content=\"summary_large_image\" \/>\n<script type=\"application\/ld+json\" class=\"yoast-schema-graph\">{\"@context\":\"https:\\\/\\\/schema.org\",\"@graph\":[{\"@type\":\"WebPage\",\"@id\":\"https:\\\/\\\/augier.com\\\/fr\\\/variateurs-regulateurs\\\/\",\"url\":\"https:\\\/\\\/augier.com\\\/fr\\\/variateurs-regulateurs\\\/\",\"name\":\"Variateurs &amp; r\u00e9gulateurs - Augier energy\",\"isPartOf\":{\"@id\":\"https:\\\/\\\/augier.com\\\/fr\\\/#website\"},\"datePublished\":\"2022-06-01T14:56:39+00:00\",\"dateModified\":\"2023-03-27T09:41:04+00:00\",\"description\":\"Depuis plus de 30 ans, pour s\u2019adapter aux besoins de nos clients et faire face aux enjeux technologiques et environnementaux.\",\"breadcrumb\":{\"@id\":\"https:\\\/\\\/augier.com\\\/fr\\\/variateurs-regulateurs\\\/#breadcrumb\"},\"inLanguage\":\"fr-FR\",\"potentialAction\":[{\"@type\":\"ReadAction\",\"target\":[\"https:\\\/\\\/augier.com\\\/fr\\\/variateurs-regulateurs\\\/\"]}]},{\"@type\":\"BreadcrumbList\",\"@id\":\"https:\\\/\\\/augier.com\\\/fr\\\/variateurs-regulateurs\\\/#breadcrumb\",\"itemListElement\":[{\"@type\":\"ListItem\",\"position\":1,\"name\":\"Home\",\"item\":\"https:\\\/\\\/augier.com\\\/fr\\\/\"},{\"@type\":\"ListItem\",\"position\":2,\"name\":\"Variateurs &amp; r\u00e9gulateurs\"}]},{\"@type\":\"WebSite\",\"@id\":\"https:\\\/\\\/augier.com\\\/fr\\\/#website\",\"url\":\"https:\\\/\\\/augier.com\\\/fr\\\/\",\"name\":\"AUGIER Energy\",\"description\":\"Just another WordPress site\",\"publisher\":{\"@id\":\"https:\\\/\\\/augier.com\\\/fr\\\/#organization\"},\"potentialAction\":[{\"@type\":\"SearchAction\",\"target\":{\"@type\":\"EntryPoint\",\"urlTemplate\":\"https:\\\/\\\/augier.com\\\/fr\\\/?s={search_term_string}\"},\"query-input\":{\"@type\":\"PropertyValueSpecification\",\"valueRequired\":true,\"valueName\":\"search_term_string\"}}],\"inLanguage\":\"fr-FR\"},{\"@type\":\"Organization\",\"@id\":\"https:\\\/\\\/augier.com\\\/fr\\\/#organization\",\"name\":\"AUGIER Energy\",\"url\":\"https:\\\/\\\/augier.com\\\/fr\\\/\",\"logo\":{\"@type\":\"ImageObject\",\"inLanguage\":\"fr-FR\",\"@id\":\"https:\\\/\\\/augier.com\\\/fr\\\/#\\\/schema\\\/logo\\\/image\\\/\",\"url\":\"https:\\\/\\\/augier.com\\\/wp-content\\\/uploads\\\/2023\\\/03\\\/augier-energy-logo-square.jpg\",\"contentUrl\":\"https:\\\/\\\/augier.com\\\/wp-content\\\/uploads\\\/2023\\\/03\\\/augier-energy-logo-square.jpg\",\"width\":1024,\"height\":1024,\"caption\":\"AUGIER Energy\"},\"image\":{\"@id\":\"https:\\\/\\\/augier.com\\\/fr\\\/#\\\/schema\\\/logo\\\/image\\\/\"},\"sameAs\":[\"https:\\\/\\\/www.youtube.com\\\/channel\\\/UCmnwwRp0ll2eKQ34ZdMlIWQ\",\"https:\\\/\\\/www.linkedin.com\\\/company\\\/5084388\\\/\"]}]}<\/script>\n<!-- \/ Yoast SEO plugin. -->","yoast_head_json":{"title":"Variateurs &amp; r\u00e9gulateurs - Augier energy","description":"Depuis plus de 30 ans, pour s\u2019adapter aux besoins de nos clients et faire face aux enjeux technologiques et environnementaux.","robots":{"index":"index","follow":"follow","max-snippet":"max-snippet:-1","max-image-preview":"max-image-preview:large","max-video-preview":"max-video-preview:-1"},"canonical":"https:\/\/augier.com\/fr\/variateurs-regulateurs\/","og_locale":"fr_FR","og_type":"article","og_title":"Variateurs &amp; r\u00e9gulateurs - Augier energy","og_description":"Depuis plus de 30 ans, pour s\u2019adapter aux besoins de nos clients et faire face aux enjeux technologiques et environnementaux.","og_url":"https:\/\/augier.com\/fr\/variateurs-regulateurs\/","og_site_name":"Augier energy","article_modified_time":"2023-03-27T09:41:04+00:00","og_image":[{"width":1200,"height":675,"url":"https:\/\/augier.com\/wp-content\/uploads\/2023\/03\/augier-energy-logo-big.jpg","type":"image\/jpeg"}],"twitter_card":"summary_large_image","schema":{"@context":"https:\/\/schema.org","@graph":[{"@type":"WebPage","@id":"https:\/\/augier.com\/fr\/variateurs-regulateurs\/","url":"https:\/\/augier.com\/fr\/variateurs-regulateurs\/","name":"Variateurs &amp; r\u00e9gulateurs - Augier energy","isPartOf":{"@id":"https:\/\/augier.com\/fr\/#website"},"datePublished":"2022-06-01T14:56:39+00:00","dateModified":"2023-03-27T09:41:04+00:00","description":"Depuis plus de 30 ans, pour s\u2019adapter aux besoins de nos clients et faire face aux enjeux technologiques et environnementaux.","breadcrumb":{"@id":"https:\/\/augier.com\/fr\/variateurs-regulateurs\/#breadcrumb"},"inLanguage":"fr-FR","potentialAction":[{"@type":"ReadAction","target":["https:\/\/augier.com\/fr\/variateurs-regulateurs\/"]}]},{"@type":"BreadcrumbList","@id":"https:\/\/augier.com\/fr\/variateurs-regulateurs\/#breadcrumb","itemListElement":[{"@type":"ListItem","position":1,"name":"Home","item":"https:\/\/augier.com\/fr\/"},{"@type":"ListItem","position":2,"name":"Variateurs &amp; r\u00e9gulateurs"}]},{"@type":"WebSite","@id":"https:\/\/augier.com\/fr\/#website","url":"https:\/\/augier.com\/fr\/","name":"AUGIER Energy","description":"Just another WordPress site","publisher":{"@id":"https:\/\/augier.com\/fr\/#organization"},"potentialAction":[{"@type":"SearchAction","target":{"@type":"EntryPoint","urlTemplate":"https:\/\/augier.com\/fr\/?s={search_term_string}"},"query-input":{"@type":"PropertyValueSpecification","valueRequired":true,"valueName":"search_term_string"}}],"inLanguage":"fr-FR"},{"@type":"Organization","@id":"https:\/\/augier.com\/fr\/#organization","name":"AUGIER Energy","url":"https:\/\/augier.com\/fr\/","logo":{"@type":"ImageObject","inLanguage":"fr-FR","@id":"https:\/\/augier.com\/fr\/#\/schema\/logo\/image\/","url":"https:\/\/augier.com\/wp-content\/uploads\/2023\/03\/augier-energy-logo-square.jpg","contentUrl":"https:\/\/augier.com\/wp-content\/uploads\/2023\/03\/augier-energy-logo-square.jpg","width":1024,"height":1024,"caption":"AUGIER Energy"},"image":{"@id":"https:\/\/augier.com\/fr\/#\/schema\/logo\/image\/"},"sameAs":["https:\/\/www.youtube.com\/channel\/UCmnwwRp0ll2eKQ34ZdMlIWQ","https:\/\/www.linkedin.com\/company\/5084388\/"]}]}},"_links":{"self":[{"href":"https:\/\/augier.com\/fr\/wp-json\/wp\/v2\/pages\/12009","targetHints":{"allow":["GET"]}}],"collection":[{"href":"https:\/\/augier.com\/fr\/wp-json\/wp\/v2\/pages"}],"about":[{"href":"https:\/\/augier.com\/fr\/wp-json\/wp\/v2\/types\/page"}],"author":[{"embeddable":true,"href":"https:\/\/augier.com\/fr\/wp-json\/wp\/v2\/users\/1"}],"replies":[{"embeddable":true,"href":"https:\/\/augier.com\/fr\/wp-json\/wp\/v2\/comments?post=12009"}],"version-history":[{"count":15,"href":"https:\/\/augier.com\/fr\/wp-json\/wp\/v2\/pages\/12009\/revisions"}],"predecessor-version":[{"id":12327,"href":"https:\/\/augier.com\/fr\/wp-json\/wp\/v2\/pages\/12009\/revisions\/12327"}],"wp:attachment":[{"href":"https:\/\/augier.com\/fr\/wp-json\/wp\/v2\/media?parent=12009"}],"curies":[{"name":"wp","href":"https:\/\/api.w.org\/{rel}","templated":true}]}}